{"id":185948,"date":"2025-11-09T01:59:58","date_gmt":"2025-11-09T01:59:58","guid":{"rendered":"https:\/\/www.otiumhome.fi\/?p=185948"},"modified":"2025-11-09T17:32:46","modified_gmt":"2025-11-09T17:32:46","slug":"5-tasoinen-kirjahylly-140x30x180-cm-taysi-mangopuu","status":"publish","type":"product","link":"https:\/\/www.otiumhome.fi\/index.php\/tuote\/5-tasoinen-kirjahylly-140x30x180-cm-taysi-mangopuu\/","title":{"rendered":"5-tasoinen kirjahylly 140x30x180 cm t\u00e4ysi mangopuu"},"content":{"rendered":"<p>Luo kotiisi tai toimistoosi ripaus teollista tunnelmaa 5-tasoisella puukirjahyllyll\u00e4mme. T\u00e4m\u00e4 kirjahylly tarjoaa ihanteellisen ratkaisun kirjakokoelman, lehtien ja asiakirjojen s\u00e4ilytt\u00e4miseen tai koriste-esineiden kuten valokuvakehysten ja ker\u00e4ilyesineiden esille asettamiseen.<\/p>\n<\/p>\n<p>Kirjahyllyn vakaa jauhemaalattu ter\u00e4srunko antaa sille teollisen ilmeen. Hyllyt on valmistettu karkeasta mangopuusta, joka on vakaa, kest\u00e4v\u00e4 ja kaunis materiaali, ja lis\u00e4ksi taidokas k\u00e4sity\u00f6n j\u00e4lki korostaa sen upeaa retrotyyli\u00e4. Jokainen ty\u00f6vaihe hiomisesta maalaukseen ja lakkaukseen, on suoritettu erityisen huolellisesti. Ammattitaitoinen ty\u00f6nj\u00e4lki ja kauniit puun pintakuviot tekev\u00e4t jokaisesta huonekalusta ainutlaatuisen ja hieman erilaisen kuin muut.<\/p>\n<\/p>\n<p>Kirjahylly on helppo koota. T\u00e4rke\u00e4 huomio: v\u00e4rit vaihtelevat eri kappaleiden v\u00e4lill\u00e4, tehden jokaisesta kirjahyllyst\u00e4 ainutlaatuisen; toimitus on sattumanvarainen.<\/p>\n<ul>\n<li>Materiaali: t\u00e4ysi karkea mangopuu, ter\u00e4s<\/li>\n<li>Mitat: 140 x 30 x 180 cm (L x S x K)<\/li>\n<li>Hiottu, maalattu ja lakattu<\/li>\n<li>Asennus vaaditaan: kyll\u00e4<\/li>\n<li><strong>VAROITUS: <\/strong>Kaatumisen est\u00e4miseksi t\u00e4t\u00e4 tuotetta on k\u00e4ytett\u00e4v\u00e4 mukana toimitetun sein\u00e4kiinnityslaitteen kanssa.<\/li>\n<li>Legal Documents:\n<p><span>Lis\u00e4tietoja huonekalujesi kaatumisen est\u00e4misest\u00e4 voit l\u00f6yt\u00e4\u00e4 <span style=\"text-decoration: underline\"><strong><a title=\"https:\/\/bit.ly\/3bVwkQp\" href=\"https:\/\/bit.ly\/3bVwkQp\" target=\"_blank\">t\u00e4\u00e4lt\u00e4<\/a><\/strong><\/span><\/span><\/p>\n<\/li>\n<\/ul>\n","protected":false},"excerpt":{"rendered":"<ul>\n<li>Materiaali: t\u00e4ysi karkea mangopuu, ter\u00e4s<\/li>\n<li>Mitat: 140 x 30 x 180 cm (L x S x K)<\/li>\n<li>Hiottu, maalattu ja lakattu<\/li>\n<li>Asennus vaaditaan: kyll\u00e4<\/li>\n<li><strong>VAROITUS: <\/strong>Kaatumisen est\u00e4miseksi t\u00e4t\u00e4 tuotetta on k\u00e4ytett\u00e4v\u00e4 mukana toimitetun sein\u00e4kiinnityslaitteen kanssa.<\/li>\n<li>Legal Documents:\n<p><span>Lis\u00e4tietoja huonekalujesi kaatumisen est\u00e4misest\u00e4 voit l\u00f6yt\u00e4\u00e4 <span style=\"text-decoration: underline\"><strong><a title=\"https:\/\/bit.ly\/3bVwkQp\" href=\"https:\/\/bit.ly\/3bVwkQp\" target=\"_blank\">t\u00e4\u00e4lt\u00e4<\/a><\/strong><\/span><\/span><\/p>\n<\/li>\n<\/ul>\n","protected":false},"featured_media":100000185948,"comment_status":"closed","ping_status":"closed","template":"","meta":[],"product_brand":[],"product_cat":[84,8547],"product_tag":[],"class_list":{"0":"post-185948","1":"product","2":"type-product","3":"status-publish","4":"has-post-thumbnail","6":"product_cat-huonekalut","7":"product_cat-kirjahyllyt","9":"first","10":"instock","11":"taxable","12":"shipping-taxable","13":"purchasable","14":"product-type-simple"},"_links":{"self":[{"href":"https:\/\/www.otiumhome.fi\/index.php\/wp-json\/wp\/v2\/product\/185948","targetHints":{"allow":["GET"]}}],"collection":[{"href":"https:\/\/www.otiumhome.fi\/index.php\/wp-json\/wp\/v2\/product"}],"about":[{"href":"https:\/\/www.otiumhome.fi\/index.php\/wp-json\/wp\/v2\/types\/product"}],"replies":[{"embeddable":true,"href":"https:\/\/www.otiumhome.fi\/index.php\/wp-json\/wp\/v2\/comments?post=185948"}],"wp:featuredmedia":[{"embeddable":true,"href":"https:\/\/www.otiumhome.fi\/index.php\/wp-json\/"}],"wp:attachment":[{"href":"https:\/\/www.otiumhome.fi\/index.php\/wp-json\/wp\/v2\/media?parent=185948"}],"wp:term":[{"taxonomy":"product_brand","embeddable":true,"href":"https:\/\/www.otiumhome.fi\/index.php\/wp-json\/wp\/v2\/product_brand?post=185948"},{"taxonomy":"product_cat","embeddable":true,"href":"https:\/\/www.otiumhome.fi\/index.php\/wp-json\/wp\/v2\/product_cat?post=185948"},{"taxonomy":"product_tag","embeddable":true,"href":"https:\/\/www.otiumhome.fi\/index.php\/wp-json\/wp\/v2\/product_tag?post=185948"}],"curies":[{"name":"wp","href":"https:\/\/api.w.org\/{rel}","templated":true}]}}