{"id":185947,"date":"2025-11-09T01:58:31","date_gmt":"2025-11-09T01:58:31","guid":{"rendered":"https:\/\/www.otiumhome.fi\/?p=185947"},"modified":"2025-11-09T20:46:37","modified_gmt":"2025-11-09T20:46:37","slug":"7-osainen-ruokailuryhma-manty-tummanruskea","status":"publish","type":"product","link":"https:\/\/www.otiumhome.fi\/index.php\/tuote\/7-osainen-ruokailuryhma-manty-tummanruskea\/","title":{"rendered":"7-osainen ruokailuryhm\u00e4 m\u00e4nty tummanruskea"},"content":{"rendered":"<p>Tuo minimalistista ja eleganttia tunnelmaa sisustukseen puisella ruokailuryhm\u00e4ll\u00e4mme! Ryhm\u00e4 koostuu 1 p\u00f6yd\u00e4st\u00e4 ja 6 tuolista. Se on erinomainen lis\u00e4 keitti\u00f6\u00f6n tai ruokailuhuoneeseen.<\/p>\n<\/p>\n<p>Laadukkaasta m\u00e4nnyst\u00e4 valmistetut p\u00f6yt\u00e4 ja tuolit ovat eritt\u00e4in vakaita ja kest\u00e4vi\u00e4. Ruokailuryhm\u00e4 on helppo koota sek\u00e4 pit\u00e4\u00e4 puhtaana kostealla liinalla pyyhkien.<\/p>\n<\/p>\n<p>Toimitus sis\u00e4lt\u00e4\u00e4 1 p\u00f6yd\u00e4n ja 6 tuolia.<\/p>\n<ul>\n<li>V\u00e4ri: tummanruskea<\/li>\n<li>Materiaali: m\u00e4nty<\/li>\n<li>P\u00f6yd\u00e4n mitat: 140 x 70 x 73 cm (P x L x K)<\/li>\n<li>Tuolin mitat: 39,5 x 43 x 85 cm (L x S x K)<\/li>\n<li>Istuimen korkeus maasta: 43,5 cm<\/li>\n<li>Toimitus sis\u00e4lt\u00e4\u00e4 1 p\u00f6yd\u00e4n ja 6 tuolia<\/li>\n<li>Maksimikantavuus: 110 kg<\/li>\n<\/ul>\n","protected":false},"excerpt":{"rendered":"<ul>\n<li>V\u00e4ri: tummanruskea<\/li>\n<li>Materiaali: m\u00e4nty<\/li>\n<li>P\u00f6yd\u00e4n mitat: 140 x 70 x 73 cm (P x L x K)<\/li>\n<li>Tuolin mitat: 39,5 x 43 x 85 cm (L x S x K)<\/li>\n<li>Istuimen korkeus maasta: 43,5 cm<\/li>\n<li>Toimitus sis\u00e4lt\u00e4\u00e4 1 p\u00f6yd\u00e4n ja 6 tuolia<\/li>\n<li>Maksimikantavuus: 110 kg<\/li>\n<\/ul>\n","protected":false},"featured_media":100000185947,"comment_status":"closed","ping_status":"closed","template":"","meta":[],"product_brand":[],"product_cat":[84,8545],"product_tag":[],"class_list":{"0":"post-185947","1":"product","2":"type-product","3":"status-publish","4":"has-post-thumbnail","6":"product_cat-huonekalut","7":"product_cat-keittion-ruokasalin-kalusteet","9":"first","10":"outofstock","11":"taxable","12":"shipping-taxable","13":"purchasable","14":"product-type-simple"},"_links":{"self":[{"href":"https:\/\/www.otiumhome.fi\/index.php\/wp-json\/wp\/v2\/product\/185947","targetHints":{"allow":["GET"]}}],"collection":[{"href":"https:\/\/www.otiumhome.fi\/index.php\/wp-json\/wp\/v2\/product"}],"about":[{"href":"https:\/\/www.otiumhome.fi\/index.php\/wp-json\/wp\/v2\/types\/product"}],"replies":[{"embeddable":true,"href":"https:\/\/www.otiumhome.fi\/index.php\/wp-json\/wp\/v2\/comments?post=185947"}],"wp:featuredmedia":[{"embeddable":true,"href":"https:\/\/www.otiumhome.fi\/index.php\/wp-json\/"}],"wp:attachment":[{"href":"https:\/\/www.otiumhome.fi\/index.php\/wp-json\/wp\/v2\/media?parent=185947"}],"wp:term":[{"taxonomy":"product_brand","embeddable":true,"href":"https:\/\/www.otiumhome.fi\/index.php\/wp-json\/wp\/v2\/product_brand?post=185947"},{"taxonomy":"product_cat","embeddable":true,"href":"https:\/\/www.otiumhome.fi\/index.php\/wp-json\/wp\/v2\/product_cat?post=185947"},{"taxonomy":"product_tag","embeddable":true,"href":"https:\/\/www.otiumhome.fi\/index.php\/wp-json\/wp\/v2\/product_tag?post=185947"}],"curies":[{"name":"wp","href":"https:\/\/api.w.org\/{rel}","templated":true}]}}