{"id":185946,"date":"2025-11-09T01:58:16","date_gmt":"2025-11-09T01:58:16","guid":{"rendered":"https:\/\/www.otiumhome.fi\/?p=185946"},"modified":"2025-12-09T04:49:42","modified_gmt":"2025-12-09T04:49:42","slug":"ruokapoyta-ruskea-110-x-55-x-76-cm-tihea-akasiapuu","status":"publish","type":"product","link":"https:\/\/www.otiumhome.fi\/index.php\/tuote\/ruokapoyta-ruskea-110-x-55-x-76-cm-tihea-akasiapuu\/","title":{"rendered":"Ruokap\u00f6yt\u00e4 Ruskea 110 x 55 x 76 cm Tihe\u00e4 akasiapuu"},"content":{"rendered":"<p>T\u00e4\u00e4 moderni ruokap\u00f6yt\u00e4 on nykyaikaisen tyylin ja eleganssin perikuva. Se sopii saumattomasti mihin tahansa ruokailu- tai olohuoneeseen. Sen suorakaiteen muoto ja suorat linjat tuovat yksinkertaisuutta ja toimivuutta sun ruokailukokemukseen &#8211; t\u00e4ydellinen perhejuhliin tai kivoihin illallisbileisiin.<\/p>\n<ul>\n<li><b>Materiaalit:<\/b> T\u00e4\u00e4 ruokap\u00f6yt\u00e4 on tehty t\u00e4ysist\u00e4 akaasiapuista, jotka on tunnettu kest\u00e4vyydest\u00e4\u00e4n ja luonnollisista kauneudestaan. Puun vahvuus takaa p\u00f6yd\u00e4n, joka kest\u00e4\u00e4 aikaa ja on luotettava paikka aterioille, peleille tai tekemisille. Puun luonnollinen vieh\u00e4tys tuo l\u00e4mp\u00f6\u00e4 ja tyyli\u00e4 mihin tahansa ymp\u00e4rist\u00f6\u00f6n, joten se toimii hienona keskikohtana.<\/li>\n<li><b>Komponentit:<\/b> P\u00f6yt\u00e4 on varustettu t\u00e4ysist\u00e4 akaasiapuista tehdyill\u00e4 neli\u00f6jaloilla, jotka varmistaa vakauden ja modernin ilmeen. Kiillotettu rakenne suojaa ja korostaa puun kauniita kuvioita. Yksinkertainen jalka tuo lis\u00e4\u00e4 vakautta ja t\u00e4ydent\u00e4\u00e4 p\u00f6yd\u00e4n minimalistista tyyli\u00e4.<\/li>\n<li><b>Ominaisuudet \/ Toiminta \/ Suunnittelu:<\/b> Suorakaiteen muoto optimoi tilank\u00e4yt\u00f6n ja sopii erilaisiin istumaj\u00e4rjestelyihin. Siisti muotoilu edustaa modernia estetiikkaa, joka on suunniteltu sopimaan ymp\u00e4rist\u00f6ihin, jotka arvostaa yksinkertaisuutta ja hillitty\u00e4 hienostuneisuutta. Kiillotettu pinta ei vaan suojaa, vaan tuo esiin puun luonnollista vieh\u00e4tyst\u00e4.<\/li>\n<li><b>Suositellut k\u00e4ytt\u00f6tavat:<\/b> Ihanteellinen ruokailu- tai keitti\u00f6tiloihin, t\u00e4\u00e4 p\u00f6yt\u00e4 tukee p\u00e4ivitt\u00e4isi\u00e4 aterioita ja is\u00e4nn\u00f6i juhlallisia illallisia. Sen monipuolisuus toimii erilaisten kodin tyylien pariin, tuoden nykyaikaisia vivahteita. Olipa kyseess\u00e4 rento ateria tai erityiset tilaisuudet, se soveltuu mihin tahansa.<\/li>\n<li><b>Hoito ja yll\u00e4pito:<\/b> T\u00e4m\u00e4n p\u00f6yd\u00e4n hoito on helppoa \u2013 pyyhi vain kuivalla liinalla pysy\u00e4ksesi puhtaana. Pitk\u00e4aikaisen kauneuden s\u00e4ilytt\u00e4miseksi v\u00e4lt\u00e4 hapan kemikaalien k\u00e4ytt\u00f6\u00e4. Helppohoitoisuus pit\u00e4\u00e4 p\u00f6yd\u00e4n originaalitilassa, valmiina vuosille t\u00e4ynn\u00e4 herkullisia muistoja.<\/li>\n<\/ul>\n<ul>\n<li>V\u00e4ri: Ruskea<\/li>\n<li>Materiaali: Tihe\u00e4 akasiapuu<\/li>\n<li>Yleiset mitat: 110 x 55 x 76 cm (P x L x K)<\/li>\n<li>Paino: 20,91 kg<\/li>\n<li>Kest\u00e4v\u00e4<\/li>\n<li>Kehysmateriaali: T\u00e4ysi akaasiapuu<\/li>\n<li>Sis\u00e4- \/ ulkotiloissa: Vain sis\u00e4k\u00e4ytt\u00f6\u00f6n<\/li>\n<li>Toimitus-:<\/li>\n<li>1 kpl Ruokap\u00f6yt\u00e4<\/li>\n<li>Kokoonpano vaaditaan: Kyll\u00e4<\/li>\n<\/ul>\n","protected":false},"excerpt":{"rendered":"<ul>\n<li>V\u00e4ri: Ruskea<\/li>\n<li>Materiaali: Tihe\u00e4 akasiapuu<\/li>\n<li>Yleiset mitat: 110 x 55 x 76 cm (P x L x K)<\/li>\n<li>Paino: 20,91 kg<\/li>\n<li>Kest\u00e4v\u00e4<\/li>\n<li>Kehysmateriaali: T\u00e4ysi akaasiapuu<\/li>\n<li>Sis\u00e4- \/ ulkotiloissa: Vain sis\u00e4k\u00e4ytt\u00f6\u00f6n<\/li>\n<li>Toimitus-:<\/li>\n<li>1 kpl Ruokap\u00f6yt\u00e4<\/li>\n<li>Kokoonpano vaaditaan: Kyll\u00e4<\/li>\n<\/ul>\n","protected":false},"featured_media":100000185946,"comment_status":"closed","ping_status":"closed","template":"","meta":[],"product_brand":[],"product_cat":[84,8543],"product_tag":[],"class_list":{"0":"post-185946","1":"product","2":"type-product","3":"status-publish","4":"has-post-thumbnail","6":"product_cat-huonekalut","7":"product_cat-keittion-ruokapoydat","9":"first","10":"instock","11":"taxable","12":"shipping-taxable","13":"purchasable","14":"product-type-simple"},"_links":{"self":[{"href":"https:\/\/www.otiumhome.fi\/index.php\/wp-json\/wp\/v2\/product\/185946","targetHints":{"allow":["GET"]}}],"collection":[{"href":"https:\/\/www.otiumhome.fi\/index.php\/wp-json\/wp\/v2\/product"}],"about":[{"href":"https:\/\/www.otiumhome.fi\/index.php\/wp-json\/wp\/v2\/types\/product"}],"replies":[{"embeddable":true,"href":"https:\/\/www.otiumhome.fi\/index.php\/wp-json\/wp\/v2\/comments?post=185946"}],"wp:featuredmedia":[{"embeddable":true,"href":"https:\/\/www.otiumhome.fi\/index.php\/wp-json\/"}],"wp:attachment":[{"href":"https:\/\/www.otiumhome.fi\/index.php\/wp-json\/wp\/v2\/media?parent=185946"}],"wp:term":[{"taxonomy":"product_brand","embeddable":true,"href":"https:\/\/www.otiumhome.fi\/index.php\/wp-json\/wp\/v2\/product_brand?post=185946"},{"taxonomy":"product_cat","embeddable":true,"href":"https:\/\/www.otiumhome.fi\/index.php\/wp-json\/wp\/v2\/product_cat?post=185946"},{"taxonomy":"product_tag","embeddable":true,"href":"https:\/\/www.otiumhome.fi\/index.php\/wp-json\/wp\/v2\/product_tag?post=185946"}],"curies":[{"name":"wp","href":"https:\/\/api.w.org\/{rel}","templated":true}]}}