{"id":185945,"date":"2025-11-09T01:56:47","date_gmt":"2025-11-09T01:56:47","guid":{"rendered":"https:\/\/www.otiumhome.fi\/?p=185945"},"modified":"2025-11-09T23:04:57","modified_gmt":"2025-11-09T23:04:57","slug":"ruokapoyta-vahanruskea-110x55x75-cm-taysi-manty","status":"publish","type":"product","link":"https:\/\/www.otiumhome.fi\/index.php\/tuote\/ruokapoyta-vahanruskea-110x55x75-cm-taysi-manty\/","title":{"rendered":"Ruokap\u00f6yt\u00e4 vahanruskea 110x55x75 cm t\u00e4ysi m\u00e4nty"},"content":{"rendered":"<p>Tuo minimalistista tyyli\u00e4 ja eleganttia vieh\u00e4tysvoimaa keitti\u00f6\u00f6si ja ruokailuhuoneeseesi t\u00e4ll\u00e4 klassisella puisella ruokap\u00f6yd\u00e4ll\u00e4!<\/p>\n<\/p>\n<ul>\n<li>T\u00e4ysi m\u00e4nty: T\u00e4ysi m\u00e4ntypuu on kaunis luonnollinen materiaali. M\u00e4nnyll\u00e4 on suorat puunsyyt ja sen oksanpaikat antavat materiaalille sen ominaisen rustiikkisen ilmeen.<\/li>\n<li>Tukeva ja vakaa runko: Puurunko takaa tukevuuden ja vakauden.<\/li>\n<li>Tukeva p\u00f6yt\u00e4levy: Tukeva p\u00f6yt\u00e4levy on t\u00e4ydellinen paikka v\u00e4lipalojen, juomien, maljakoiden, hedelm\u00e4korien ja muiden koriste-esineiden sijoittamiseen.<\/li>\n<li>Useita k\u00e4ytt\u00f6tarkoituksia: T\u00e4t\u00e4 ruokasalin p\u00f6yt\u00e4\u00e4 voidaan k\u00e4ytt\u00e4\u00e4 my\u00f6s baari- ja ravintolap\u00f6yt\u00e4n\u00e4 erilaisia tarpeitasi vastaamaan.<\/li>\n<\/ul>\n<p>Varoitus:<\/p>\n<ul>\n<li>Kaatumisen est\u00e4miseksi t\u00e4t\u00e4 tuotetta on k\u00e4ytett\u00e4v\u00e4 mukana toimitetun sein\u00e4kiinnityslaitteen kanssa.<\/li>\n<\/ul>\n<ul>\n<li>V\u00e4ri: Vahanruskea<\/li>\n<li>Materiaali: T\u00e4ysi m\u00e4nty<\/li>\n<li>Mitat: 110 x 55 x 75 cm (P x L x K)<\/li>\n<li>Enimm\u00e4iskantavuus: 75 kg<\/li>\n<li>Asennus vaaditaan: Kyll\u00e4<\/li>\n<\/ul>\n","protected":false},"excerpt":{"rendered":"<ul>\n<li>V\u00e4ri: Vahanruskea<\/li>\n<li>Materiaali: T\u00e4ysi m\u00e4nty<\/li>\n<li>Mitat: 110 x 55 x 75 cm (P x L x K)<\/li>\n<li>Enimm\u00e4iskantavuus: 75 kg<\/li>\n<li>Asennus vaaditaan: Kyll\u00e4<\/li>\n<\/ul>\n","protected":false},"featured_media":100000185945,"comment_status":"closed","ping_status":"closed","template":"","meta":[],"product_brand":[],"product_cat":[84,8543],"product_tag":[],"class_list":{"0":"post-185945","1":"product","2":"type-product","3":"status-publish","4":"has-post-thumbnail","6":"product_cat-huonekalut","7":"product_cat-keittion-ruokapoydat","9":"first","10":"instock","11":"taxable","12":"shipping-taxable","13":"purchasable","14":"product-type-simple"},"_links":{"self":[{"href":"https:\/\/www.otiumhome.fi\/index.php\/wp-json\/wp\/v2\/product\/185945","targetHints":{"allow":["GET"]}}],"collection":[{"href":"https:\/\/www.otiumhome.fi\/index.php\/wp-json\/wp\/v2\/product"}],"about":[{"href":"https:\/\/www.otiumhome.fi\/index.php\/wp-json\/wp\/v2\/types\/product"}],"replies":[{"embeddable":true,"href":"https:\/\/www.otiumhome.fi\/index.php\/wp-json\/wp\/v2\/comments?post=185945"}],"wp:featuredmedia":[{"embeddable":true,"href":"https:\/\/www.otiumhome.fi\/index.php\/wp-json\/"}],"wp:attachment":[{"href":"https:\/\/www.otiumhome.fi\/index.php\/wp-json\/wp\/v2\/media?parent=185945"}],"wp:term":[{"taxonomy":"product_brand","embeddable":true,"href":"https:\/\/www.otiumhome.fi\/index.php\/wp-json\/wp\/v2\/product_brand?post=185945"},{"taxonomy":"product_cat","embeddable":true,"href":"https:\/\/www.otiumhome.fi\/index.php\/wp-json\/wp\/v2\/product_cat?post=185945"},{"taxonomy":"product_tag","embeddable":true,"href":"https:\/\/www.otiumhome.fi\/index.php\/wp-json\/wp\/v2\/product_tag?post=185945"}],"curies":[{"name":"wp","href":"https:\/\/api.w.org\/{rel}","templated":true}]}}