{"id":185921,"date":"2025-11-09T01:55:23","date_gmt":"2025-11-09T01:55:23","guid":{"rendered":"https:\/\/www.otiumhome.fi\/?p=185921"},"modified":"2025-11-10T11:07:39","modified_gmt":"2025-11-10T11:07:39","slug":"sohvapoyta-90x50x40-cm-karkea-akaasiapuu","status":"publish","type":"product","link":"https:\/\/www.otiumhome.fi\/index.php\/tuote\/sohvapoyta-90x50x40-cm-karkea-akaasiapuu\/","title":{"rendered":"Sohvap\u00f6yt\u00e4 90x50x40 cm karkea akaasiapuu"},"content":{"rendered":"<p>Tuo hieman teollista vieh\u00e4tysvoimaa kotisi sisustukseen t\u00e4m\u00e4n tyylikk\u00e4\u00e4n puisen sohvap\u00f6yd\u00e4n avulla!<\/p>\n<\/p>\n<p>Sohvap\u00f6yt\u00e4 on valmistettu t\u00e4ydest\u00e4 karkeasta akaasiapuusta, tehden siit\u00e4 tukevan ja vakaan. Laadukas k\u00e4sity\u00f6n j\u00e4lki ja kauniit puun kuviot tekev\u00e4t jokaisesta huonekalusta hieman toisista eroavan. Olohuoneen p\u00f6yt\u00e4 on varustettu kahdella vetolaatikolla, jotka tarjoavat runsaasti s\u00e4ilytystilaa esineidesi j\u00e4rjestyksess\u00e4 pit\u00e4miseen. Rautarunko tuo lis\u00e4ns\u00e4 p\u00f6yd\u00e4n tukevuuteen.<\/p>\n<\/p>\n<p>T\u00e4rke\u00e4 huomio: Puun kuviot ja v\u00e4rit vaihtelevat kappaleittain, tehden jokaisesta olohuoneen p\u00f6yd\u00e4st\u00e4 ainutlaatuisen.<\/p>\n<ul>\n<li>Materiaali: karkea mangopuu luonnollisella viimeistelyll\u00e4, rauta kuluneen n\u00e4k\u00f6isell\u00e4 mustalla jauhemaalilla<\/li>\n<li>Mitat: 90 x 50 x 40 cm (L x S x K)<\/li>\n<li>Asennus vaaditaan: kyll\u00e4<\/li>\n<\/ul>\n","protected":false},"excerpt":{"rendered":"<ul>\n<li>Materiaali: karkea mangopuu luonnollisella viimeistelyll\u00e4, rauta kuluneen n\u00e4k\u00f6isell\u00e4 mustalla jauhemaalilla<\/li>\n<li>Mitat: 90 x 50 x 40 cm (L x S x K)<\/li>\n<li>Asennus vaaditaan: kyll\u00e4<\/li>\n<\/ul>\n","protected":false},"featured_media":100000185921,"comment_status":"closed","ping_status":"closed","template":"","meta":[],"product_brand":[],"product_cat":[84],"product_tag":[],"class_list":{"0":"post-185921","1":"product","2":"type-product","3":"status-publish","4":"has-post-thumbnail","6":"product_cat-huonekalut","8":"first","9":"instock","10":"taxable","11":"shipping-taxable","12":"purchasable","13":"product-type-simple"},"_links":{"self":[{"href":"https:\/\/www.otiumhome.fi\/index.php\/wp-json\/wp\/v2\/product\/185921","targetHints":{"allow":["GET"]}}],"collection":[{"href":"https:\/\/www.otiumhome.fi\/index.php\/wp-json\/wp\/v2\/product"}],"about":[{"href":"https:\/\/www.otiumhome.fi\/index.php\/wp-json\/wp\/v2\/types\/product"}],"replies":[{"embeddable":true,"href":"https:\/\/www.otiumhome.fi\/index.php\/wp-json\/wp\/v2\/comments?post=185921"}],"wp:featuredmedia":[{"embeddable":true,"href":"https:\/\/www.otiumhome.fi\/index.php\/wp-json\/"}],"wp:attachment":[{"href":"https:\/\/www.otiumhome.fi\/index.php\/wp-json\/wp\/v2\/media?parent=185921"}],"wp:term":[{"taxonomy":"product_brand","embeddable":true,"href":"https:\/\/www.otiumhome.fi\/index.php\/wp-json\/wp\/v2\/product_brand?post=185921"},{"taxonomy":"product_cat","embeddable":true,"href":"https:\/\/www.otiumhome.fi\/index.php\/wp-json\/wp\/v2\/product_cat?post=185921"},{"taxonomy":"product_tag","embeddable":true,"href":"https:\/\/www.otiumhome.fi\/index.php\/wp-json\/wp\/v2\/product_tag?post=185921"}],"curies":[{"name":"wp","href":"https:\/\/api.w.org\/{rel}","templated":true}]}}