{"id":185917,"date":"2025-11-09T01:54:21","date_gmt":"2025-11-09T01:54:21","guid":{"rendered":"https:\/\/www.otiumhome.fi\/?p=185917"},"modified":"2025-11-11T05:51:50","modified_gmt":"2025-11-11T05:51:50","slug":"kirjahyllytasot-4-kpl-sonoma-tammi-100x20x15-cm-lastulevy","status":"publish","type":"product","link":"https:\/\/www.otiumhome.fi\/index.php\/tuote\/kirjahyllytasot-4-kpl-sonoma-tammi-100x20x15-cm-lastulevy\/","title":{"rendered":"Kirjahyllytasot 4 kpl Sonoma tammi 100x20x1,5 cm lastulevy"},"content":{"rendered":"<p>Tarvitsetko lis\u00e4\u00e4 s\u00e4ilytysvaihtoehtoja, mutta sinulla ei ole ylim\u00e4\u00e4r\u00e4ist\u00e4 tilaa? N\u00e4m\u00e4 yksinkertaiset kirjahyllypaneelit ovat siihen t\u00e4ydellinen ratkaisu.<\/p>\n<\/p>\n<p>N\u00e4m\u00e4 hyllyt on valmistettu korkealaatuisesta laudasta. Kirjahyllypaneelit on helppo puhdistaa kostealla liinalla. Voit lis\u00e4t\u00e4 hyllyt olemassa olevaan kalusteeseesi saadaksesi lis\u00e4\u00e4 s\u00e4ilytystilaa tai voit korvata niill\u00e4 vanhat tai jostain syyst\u00e4 vahingoittuneet hyllyt.<\/p>\n<ul>\n<li>V\u00e4ri: Sonoma-tammi<\/li>\n<li>Materiaali: lastulevy<\/li>\n<li>Mitat: 100 x 20 x 1,5 cm (L x S x K)<\/li>\n<li><strong>Toimitus sis\u00e4lt\u00e4\u00e4:<\/strong><\/li>\n<li>4 x kirjahyllytaso<\/li>\n<\/ul>\n","protected":false},"excerpt":{"rendered":"<ul>\n<li>V\u00e4ri: Sonoma-tammi<\/li>\n<li>Materiaali: lastulevy<\/li>\n<li>Mitat: 100 x 20 x 1,5 cm (L x S x K)<\/li>\n<li><strong>Toimitus sis\u00e4lt\u00e4\u00e4:<\/strong><\/li>\n<li>4 x kirjahyllytaso<\/li>\n<\/ul>\n","protected":false},"featured_media":100000185917,"comment_status":"closed","ping_status":"closed","template":"","meta":[],"product_brand":[],"product_cat":[84],"product_tag":[],"class_list":{"0":"post-185917","1":"product","2":"type-product","3":"status-publish","4":"has-post-thumbnail","6":"product_cat-huonekalut","8":"first","9":"instock","10":"taxable","11":"shipping-taxable","12":"purchasable","13":"product-type-simple"},"_links":{"self":[{"href":"https:\/\/www.otiumhome.fi\/index.php\/wp-json\/wp\/v2\/product\/185917","targetHints":{"allow":["GET"]}}],"collection":[{"href":"https:\/\/www.otiumhome.fi\/index.php\/wp-json\/wp\/v2\/product"}],"about":[{"href":"https:\/\/www.otiumhome.fi\/index.php\/wp-json\/wp\/v2\/types\/product"}],"replies":[{"embeddable":true,"href":"https:\/\/www.otiumhome.fi\/index.php\/wp-json\/wp\/v2\/comments?post=185917"}],"wp:featuredmedia":[{"embeddable":true,"href":"https:\/\/www.otiumhome.fi\/index.php\/wp-json\/"}],"wp:attachment":[{"href":"https:\/\/www.otiumhome.fi\/index.php\/wp-json\/wp\/v2\/media?parent=185917"}],"wp:term":[{"taxonomy":"product_brand","embeddable":true,"href":"https:\/\/www.otiumhome.fi\/index.php\/wp-json\/wp\/v2\/product_brand?post=185917"},{"taxonomy":"product_cat","embeddable":true,"href":"https:\/\/www.otiumhome.fi\/index.php\/wp-json\/wp\/v2\/product_cat?post=185917"},{"taxonomy":"product_tag","embeddable":true,"href":"https:\/\/www.otiumhome.fi\/index.php\/wp-json\/wp\/v2\/product_tag?post=185917"}],"curies":[{"name":"wp","href":"https:\/\/api.w.org\/{rel}","templated":true}]}}