{"id":185909,"date":"2025-11-09T01:54:15","date_gmt":"2025-11-09T01:54:15","guid":{"rendered":"https:\/\/www.otiumhome.fi\/?p=185909"},"modified":"2026-01-03T18:18:43","modified_gmt":"2026-01-03T18:18:43","slug":"putkihylly-sailytystilassa-valkoinen-86-x-27-x-90-cm-alumiini","status":"publish","type":"product","link":"https:\/\/www.otiumhome.fi\/index.php\/tuote\/putkihylly-sailytystilassa-valkoinen-86-x-27-x-90-cm-alumiini\/","title":{"rendered":"Putkihylly s\u00e4ilytystilassa Valkoinen 86 x 27 x 90 cm Alumiini"},"content":{"rendered":"<p>T\u00e4m\u00e4 alumiininen putkihylly on upea lis\u00e4 olohuoneeseesi, tarjoten modernin ilmeen tyylikk\u00e4\u00e4ll\u00e4 valkoisella pinnallaan. Se on suunniteltu sis\u00e4tiloihin, ja se sulautuu helposti erilaisiin sisustuksiin. Putkirakenne tuo nykyaikaisuutta, ja se on loistava valinta, jos haluat s\u00e4\u00e4st\u00e4\u00e4 tilaa tyylin uhraamatta.<\/p>\n<ul>\n<li><b>Alumiinirakenne<\/b> Vankka ja kest\u00e4v\u00e4 putkihylly on tehty laadukkaasta alumiinista, mik\u00e4 varmistaa pitk\u00e4n k\u00e4ytt\u00f6i\u00e4n. Alumiini on luontaisesti kest\u00e4v\u00e4 materiaali, joka pysyy hyv\u00e4ss\u00e4 kunnossa pitk\u00e4\u00e4n.<\/li>\n<li><b>Tyylik\u00e4s pinta<\/b> Tasainen pinta on helppo puhdistaa, k\u00e4ytt\u00e4en vain kuivaa liinaa.<\/li>\n<li><b>Monet s\u00e4ilytysmahdollisuudet<\/b> Hylly on muunneltavissa ja voi s\u00e4ilytt\u00e4\u00e4 erilaisia esineit\u00e4 aina kirjoista olohuoneen tarpeisiin. Sen tilavat ratkaisut hy\u00f6dynt\u00e4v\u00e4t tilaa tehokkaasti.<\/li>\n<li><b>Helppo kokoaminen<\/b> Kokoamiseen tarvitaan kaksi henkil\u00f6\u00e4 vakauden varmistamiseksi. Selke\u00e4t ohjeet tekev\u00e4t kokoamisesta nopeaa.<\/li>\n<li><b>Vain sis\u00e4tiloihin<\/b> Suunniteltu erityisesti sis\u00e4tiloihin, kuten olohuoneeseen, yhdist\u00e4en k\u00e4yt\u00e4nn\u00f6llisyyden ja tyylin.\n<ul>\n<li>V\u00e4ri: Valkoinen<\/li>\n<li>Materiaali: Alumiini<\/li>\n<li>Yleiset mitat: 86 x 27 x 90 cm (P x L x K)<\/li>\n<li>Paino: 1,46 kg<\/li>\n<li>Ruostumaton<\/li>\n<li>Kehysmateriaali: Alumiini<\/li>\n<li>Enimm\u00e4ispaino: 16 kg<\/li>\n<li>Vain sis\u00e4k\u00e4ytt\u00f6\u00f6n<\/li>\n<li>Toimitus-:<\/li>\n<li>1 x Putkihylly<\/li>\n<li>Kokoonpano vaaditaan: Kyll\u00e4<\/li>\n<\/ul>\n","protected":false},"excerpt":{"rendered":"<ul>\n<li>V\u00e4ri: Valkoinen<\/li>\n<li>Materiaali: Alumiini<\/li>\n<li>Yleiset mitat: 86 x 27 x 90 cm (P x L x K)<\/li>\n<li>Paino: 1,46 kg<\/li>\n<li>Ruostumaton<\/li>\n<li>Kehysmateriaali: Alumiini<\/li>\n<li>Enimm\u00e4ispaino: 16 kg<\/li>\n<li>Vain sis\u00e4k\u00e4ytt\u00f6\u00f6n<\/li>\n<li>Toimitus-:<\/li>\n<li>1 x Putkihylly<\/li>\n<li>Kokoonpano vaaditaan: Kyll\u00e4<\/li>\n<\/ul>\n","protected":false},"featured_media":100000185909,"comment_status":"closed","ping_status":"closed","template":"","meta":[],"product_brand":[],"product_cat":[84],"product_tag":[],"class_list":{"0":"post-185909","1":"product","2":"type-product","3":"status-publish","4":"has-post-thumbnail","6":"product_cat-huonekalut","8":"first","9":"instock","10":"taxable","11":"shipping-taxable","12":"purchasable","13":"product-type-simple"},"_links":{"self":[{"href":"https:\/\/www.otiumhome.fi\/index.php\/wp-json\/wp\/v2\/product\/185909","targetHints":{"allow":["GET"]}}],"collection":[{"href":"https:\/\/www.otiumhome.fi\/index.php\/wp-json\/wp\/v2\/product"}],"about":[{"href":"https:\/\/www.otiumhome.fi\/index.php\/wp-json\/wp\/v2\/types\/product"}],"replies":[{"embeddable":true,"href":"https:\/\/www.otiumhome.fi\/index.php\/wp-json\/wp\/v2\/comments?post=185909"}],"wp:featuredmedia":[{"embeddable":true,"href":"https:\/\/www.otiumhome.fi\/index.php\/wp-json\/"}],"wp:attachment":[{"href":"https:\/\/www.otiumhome.fi\/index.php\/wp-json\/wp\/v2\/media?parent=185909"}],"wp:term":[{"taxonomy":"product_brand","embeddable":true,"href":"https:\/\/www.otiumhome.fi\/index.php\/wp-json\/wp\/v2\/product_brand?post=185909"},{"taxonomy":"product_cat","embeddable":true,"href":"https:\/\/www.otiumhome.fi\/index.php\/wp-json\/wp\/v2\/product_cat?post=185909"},{"taxonomy":"product_tag","embeddable":true,"href":"https:\/\/www.otiumhome.fi\/index.php\/wp-json\/wp\/v2\/product_tag?post=185909"}],"curies":[{"name":"wp","href":"https:\/\/api.w.org\/{rel}","templated":true}]}}