{"id":185899,"date":"2025-11-09T01:50:42","date_gmt":"2025-11-09T01:50:42","guid":{"rendered":"https:\/\/www.otiumhome.fi\/?p=185899"},"modified":"2025-11-10T00:24:45","modified_gmt":"2025-11-10T00:24:45","slug":"sivupoyta-48x48x56-cm-taysi-akaasiapuu","status":"publish","type":"product","link":"https:\/\/www.otiumhome.fi\/index.php\/tuote\/sivupoyta-48x48x56-cm-taysi-akaasiapuu\/","title":{"rendered":"Sivup\u00f6yt\u00e4 48x48x56 cm t\u00e4ysi akaasiapuu"},"content":{"rendered":"<p>Tuo hieman teollista tunnelmaa kotisi sisustukseen t\u00e4ll\u00e4 puisella sivup\u00f6yd\u00e4ll\u00e4!<\/p>\n<\/p>\n<p>T\u00e4m\u00e4 p\u00e4\u00e4typ\u00f6yt\u00e4 on valmistettu t\u00e4ydest\u00e4 akaasiapuusta, joka on tihe\u00e4syinen kovapuu. Kauniisti muotoiltu p\u00f6yt\u00e4 on vakaa, kest\u00e4v\u00e4 ja katseet vangitseva. Taidokas k\u00e4sity\u00f6n j\u00e4lki ja kauniit puun pintakuviot tekev\u00e4t jokaisesta kappaleesta hieman toisista eroavan. Jauhemaalatut rautajalat tuovat oman lis\u00e4ns\u00e4 p\u00f6yd\u00e4n tukevuuteen.<\/p>\n<\/p>\n<p>T\u00e4rke\u00e4 huomio: V\u00e4rit ja puunsyyt vaihtelevat kappaleittain, mik\u00e4 tekee jokaisesta huonekalusta ainutlaatuisen. Toimitus on sattumanvarainen, t\u00e4m\u00e4 takaa tuotteesi ainutlaatuisuuden.<\/p>\n<ul>\n<li>Materiaali: t\u00e4ysi akaasiapuu luonnollisella viimeistelyll\u00e4, jauhemaalattu rauta<\/li>\n<li>Mitat: 48 x 48 x 56 cm (P x L x K)<\/li>\n<li>Asennus vaaditaan: kyll\u00e4<\/li>\n<\/ul>\n","protected":false},"excerpt":{"rendered":"<ul>\n<li>Materiaali: t\u00e4ysi akaasiapuu luonnollisella viimeistelyll\u00e4, jauhemaalattu rauta<\/li>\n<li>Mitat: 48 x 48 x 56 cm (P x L x K)<\/li>\n<li>Asennus vaaditaan: kyll\u00e4<\/li>\n<\/ul>\n","protected":false},"featured_media":100000185899,"comment_status":"closed","ping_status":"closed","template":"","meta":[],"product_brand":[],"product_cat":[8534,84,8533],"product_tag":[],"class_list":{"0":"post-185899","1":"product","2":"type-product","3":"status-publish","4":"has-post-thumbnail","6":"product_cat-apupoydat","7":"product_cat-huonekalut","8":"product_cat-sivupoydat","10":"first","11":"instock","12":"taxable","13":"shipping-taxable","14":"purchasable","15":"product-type-simple"},"_links":{"self":[{"href":"https:\/\/www.otiumhome.fi\/index.php\/wp-json\/wp\/v2\/product\/185899","targetHints":{"allow":["GET"]}}],"collection":[{"href":"https:\/\/www.otiumhome.fi\/index.php\/wp-json\/wp\/v2\/product"}],"about":[{"href":"https:\/\/www.otiumhome.fi\/index.php\/wp-json\/wp\/v2\/types\/product"}],"replies":[{"embeddable":true,"href":"https:\/\/www.otiumhome.fi\/index.php\/wp-json\/wp\/v2\/comments?post=185899"}],"wp:featuredmedia":[{"embeddable":true,"href":"https:\/\/www.otiumhome.fi\/index.php\/wp-json\/"}],"wp:attachment":[{"href":"https:\/\/www.otiumhome.fi\/index.php\/wp-json\/wp\/v2\/media?parent=185899"}],"wp:term":[{"taxonomy":"product_brand","embeddable":true,"href":"https:\/\/www.otiumhome.fi\/index.php\/wp-json\/wp\/v2\/product_brand?post=185899"},{"taxonomy":"product_cat","embeddable":true,"href":"https:\/\/www.otiumhome.fi\/index.php\/wp-json\/wp\/v2\/product_cat?post=185899"},{"taxonomy":"product_tag","embeddable":true,"href":"https:\/\/www.otiumhome.fi\/index.php\/wp-json\/wp\/v2\/product_tag?post=185899"}],"curies":[{"name":"wp","href":"https:\/\/api.w.org\/{rel}","templated":true}]}}