{"id":185896,"date":"2025-11-09T01:50:35","date_gmt":"2025-11-09T01:50:35","guid":{"rendered":"https:\/\/www.otiumhome.fi\/?p=185896"},"modified":"2025-11-09T21:39:29","modified_gmt":"2025-11-09T21:39:29","slug":"sarjapoydat-2-kpl-valkoinen-taysi-manty-panama-sarja","status":"publish","type":"product","link":"https:\/\/www.otiumhome.fi\/index.php\/tuote\/sarjapoydat-2-kpl-valkoinen-taysi-manty-panama-sarja\/","title":{"rendered":"Sarjap\u00f6yd\u00e4t 2 kpl valkoinen t\u00e4ysi m\u00e4nty Panama-sarja"},"content":{"rendered":"<p>Tuo ripaus rustiikkista charmia sisustukseesi erottuvilla ja tyylikk\u00e4ill\u00e4 sarjap\u00f6ydill\u00e4mme! Kaksi puista sivup\u00f6yt\u00e4\u00e4 ovat erikokoisia ja ne ovat taatusti upea lis\u00e4 sisustukseen.<\/p>\n<\/p>\n<p>Sarjap\u00f6yd\u00e4t on valmistettu t\u00e4ydest\u00e4 m\u00e4nnyst\u00e4 ja ne ovat eritt\u00e4in kest\u00e4v\u00e4t ja vankat. P\u00f6yt\u00e4sarja on t\u00e4ysin k\u00e4sin tehty ja jokainen ty\u00f6vaihe on suoritettu eritt\u00e4in huolella, olipa kyseess\u00e4 kiillotus, maalaus tai lakkaus. P\u00f6ytien erottuva muotoilu tekee niist\u00e4 helpot pinota, kun ne eiv\u00e4t ole k\u00e4yt\u00f6ss\u00e4, joten ne s\u00e4\u00e4st\u00e4v\u00e4t tilaa. Lis\u00e4ksi sarjap\u00f6yti\u00e4 voi k\u00e4ytt\u00e4\u00e4 kahvip\u00f6ytin\u00e4, sohvap\u00f6ytin\u00e4, olohuoneen p\u00f6ytin\u00e4, y\u00f6p\u00f6ytin\u00e4 jne.<\/p>\n<\/p>\n<p>Toimituksessa 2 sis\u00e4kk\u00e4in menev\u00e4\u00e4 p\u00f6yt\u00e4\u00e4.<\/p>\n<ul>\n<li>V\u00e4ri: valkoinen ja luonnollinen<\/li>\n<li>Materiaali: t\u00e4ysi m\u00e4nty<\/li>\n<li>Mitat (suuri): 56 x 40 x 53,5 cm (P x L x K)<\/li>\n<li>Mitat (pieni): 43 x 35,5 x 42,5 cm (P x L x K)<\/li>\n<li>Hiottu, maalattu ja lakattu<\/li>\n<li>Helppo puhdistaa kostealla liinalla<\/li>\n<li>Toimituksessa 2 sis\u00e4kk\u00e4in menev\u00e4\u00e4 p\u00f6yt\u00e4\u00e4<\/li>\n<\/ul>\n","protected":false},"excerpt":{"rendered":"<ul>\n<li>V\u00e4ri: valkoinen ja luonnollinen<\/li>\n<li>Materiaali: t\u00e4ysi m\u00e4nty<\/li>\n<li>Mitat (suuri): 56 x 40 x 53,5 cm (P x L x K)<\/li>\n<li>Mitat (pieni): 43 x 35,5 x 42,5 cm (P x L x K)<\/li>\n<li>Hiottu, maalattu ja lakattu<\/li>\n<li>Helppo puhdistaa kostealla liinalla<\/li>\n<li>Toimituksessa 2 sis\u00e4kk\u00e4in menev\u00e4\u00e4 p\u00f6yt\u00e4\u00e4<\/li>\n<\/ul>\n","protected":false},"featured_media":100000185896,"comment_status":"closed","ping_status":"closed","template":"","meta":[],"product_brand":[],"product_cat":[8534,84,8533],"product_tag":[],"class_list":{"0":"post-185896","1":"product","2":"type-product","3":"status-publish","4":"has-post-thumbnail","6":"product_cat-apupoydat","7":"product_cat-huonekalut","8":"product_cat-sivupoydat","10":"first","11":"instock","12":"taxable","13":"shipping-taxable","14":"purchasable","15":"product-type-simple"},"_links":{"self":[{"href":"https:\/\/www.otiumhome.fi\/index.php\/wp-json\/wp\/v2\/product\/185896","targetHints":{"allow":["GET"]}}],"collection":[{"href":"https:\/\/www.otiumhome.fi\/index.php\/wp-json\/wp\/v2\/product"}],"about":[{"href":"https:\/\/www.otiumhome.fi\/index.php\/wp-json\/wp\/v2\/types\/product"}],"replies":[{"embeddable":true,"href":"https:\/\/www.otiumhome.fi\/index.php\/wp-json\/wp\/v2\/comments?post=185896"}],"wp:featuredmedia":[{"embeddable":true,"href":"https:\/\/www.otiumhome.fi\/index.php\/wp-json\/"}],"wp:attachment":[{"href":"https:\/\/www.otiumhome.fi\/index.php\/wp-json\/wp\/v2\/media?parent=185896"}],"wp:term":[{"taxonomy":"product_brand","embeddable":true,"href":"https:\/\/www.otiumhome.fi\/index.php\/wp-json\/wp\/v2\/product_brand?post=185896"},{"taxonomy":"product_cat","embeddable":true,"href":"https:\/\/www.otiumhome.fi\/index.php\/wp-json\/wp\/v2\/product_cat?post=185896"},{"taxonomy":"product_tag","embeddable":true,"href":"https:\/\/www.otiumhome.fi\/index.php\/wp-json\/wp\/v2\/product_tag?post=185896"}],"curies":[{"name":"wp","href":"https:\/\/api.w.org\/{rel}","templated":true}]}}