{"id":185894,"date":"2025-11-04T17:46:45","date_gmt":"2025-11-04T17:46:45","guid":{"rendered":"https:\/\/www.otiumhome.fi\/?p=185894"},"modified":"2025-12-14T18:50:47","modified_gmt":"2025-12-14T18:50:47","slug":"viinipukki-ruskea-44-x-30-x-35-cm-kiintea-mango-puu","status":"publish","type":"product","link":"https:\/\/www.otiumhome.fi\/index.php\/tuote\/viinipukki-ruskea-44-x-30-x-35-cm-kiintea-mango-puu\/","title":{"rendered":"Viinipukki Ruskea 44 x 30 x 35 cm Kiinte\u00e4 mango puu"},"content":{"rendered":"<p>T\u00e4m\u00e4 rustinen viinipenkki tuo eleganssia ja k\u00e4yt\u00e4nn\u00f6llisyytt\u00e4 lempiviiniesi s\u00e4ilytykseen. Suorakaiteen muotoinen ja l\u00e4mpimill\u00e4 ruskeilla s\u00e4vyill\u00e4 se lis\u00e4\u00e4 rustista vieh\u00e4tyst\u00e4 sisustukseesi. Selke\u00e4t linjat ja moderni tyyli tekev\u00e4t siit\u00e4 monik\u00e4ytt\u00f6isen elementin, joka sulautuu helposti eri tyyleihin. Suunniteltu sis\u00e4tiloihin, se mahtuu useita pulloja, joten asiat pysyv\u00e4t j\u00e4rjestyksess\u00e4 ja viinit k\u00e4den ulottuvilla.<\/p>\n<ul>\n<li><b>Kest\u00e4v\u00e4 rakenne:<\/b> T\u00e4m\u00e4 viinipenkki on valmistettu kest\u00e4v\u00e4st\u00e4 materiaalista, joka varmistaa sen pitk\u00e4ik\u00e4isyyden ja luotettavuuden. Se pit\u00e4\u00e4 pullot turvallisesti ilman kulumista, jolloin se s\u00e4ilytt\u00e4\u00e4 kauniin ilmeen vuosien saatossa.<\/li>\n<li><b>Tehokas s\u00e4ilytysratkaisu:<\/b> T\u00e4ss\u00e4 viinipenkiss\u00e4 on loistavasti tilaa useille pulloille, ja siin\u00e4 yhdistyy kompakti koko ja \u00e4lyk\u00e4s muotoilu. Se on t\u00e4ydellinen pieniin keitti\u00f6ihin, jolloin tilank\u00e4ytt\u00f6 on tehokasta, ja viinit ovat helppojen k\u00e4sien ulottuvilla.<\/li>\n<li><b>Moderni tyyli:<\/b> Yksinkertaisuuudessaan t\u00e4m\u00e4 viinipenkki heijastaa modernia estetiikkaa ja lis\u00e4\u00e4 syvyytt\u00e4 ruokilian h\u00e4nen. Sen toiminnallinen muoto parantaa keitti\u00f6n visuaalista vieh\u00e4tyst\u00e4.<\/li>\n<li><b>Helppo kokoaminen:<\/b> Viinipenkin kokoaminen on todella vaivatonta. T\u00e4ss\u00e4 tarvitset vain perusv\u00e4lineit\u00e4, ja kahden ihmisen kanssa se hoituu nopeasti. Saatun nopean prosessin ansiosta p\u00e4\u00e4set k\u00e4ytt\u00e4m\u00e4\u00e4n tukemuotoasi vaivattomasti.<\/li>\n<li><b>Sis\u00e4k\u00e4ytt\u00f6\u00f6n suunniteltu:<\/b> T\u00e4m\u00e4 viinipenkki on tarkoitettu keitti\u00f6\u00f6n. Sen upea k\u00e4sity\u00f6 ja esteettinen vieh\u00e4tys tekev\u00e4t siit\u00e4 hienon k\u00e4yt\u00e4nn\u00f6llisen sisustuselementin mihin tahansa keitti\u00f6\u00f6n.<\/li>\n<\/ul>\n<ul>\n<li>V\u00e4ri: Ruskea<\/li>\n<li>Materiaali: Kiinte\u00e4 mango puu<\/li>\n<li>Yleiset mitat: 44 x 30 x 35 cm (P x L x K)<\/li>\n<li>Paino: 7,14 kg<\/li>\n<li>Kest\u00e4v\u00e4<\/li>\n<li>Kehysmateriaali: T\u00e4ysi mangopuu<\/li>\n<li>Vain sis\u00e4k\u00e4ytt\u00f6\u00f6n<\/li>\n<li>Toimitus-:<\/li>\n<li>1 x Viinipohja<\/li>\n<li>Kokoonpano vaaditaan: Kyll\u00e4<\/li>\n<\/ul>\n","protected":false},"excerpt":{"rendered":"<ul>\n<li>V\u00e4ri: Ruskea<\/li>\n<li>Materiaali: Kiinte\u00e4 mango puu<\/li>\n<li>Yleiset mitat: 44 x 30 x 35 cm (P x L x K)<\/li>\n<li>Paino: 7,14 kg<\/li>\n<li>Kest\u00e4v\u00e4<\/li>\n<li>Kehysmateriaali: T\u00e4ysi mangopuu<\/li>\n<li>Vain sis\u00e4k\u00e4ytt\u00f6\u00f6n<\/li>\n<li>Toimitus-:<\/li>\n<li>1 x Viinipohja<\/li>\n<li>Kokoonpano vaaditaan: Kyll\u00e4<\/li>\n<\/ul>\n","protected":false},"featured_media":100000185894,"comment_status":"closed","ping_status":"closed","template":"","meta":[],"product_brand":[],"product_cat":[84,8662],"product_tag":[],"class_list":{"0":"post-185894","1":"product","2":"type-product","3":"status-publish","4":"has-post-thumbnail","6":"product_cat-huonekalut","7":"product_cat-viinitelineet","9":"first","10":"instock","11":"taxable","12":"shipping-taxable","13":"purchasable","14":"product-type-simple"},"_links":{"self":[{"href":"https:\/\/www.otiumhome.fi\/index.php\/wp-json\/wp\/v2\/product\/185894","targetHints":{"allow":["GET"]}}],"collection":[{"href":"https:\/\/www.otiumhome.fi\/index.php\/wp-json\/wp\/v2\/product"}],"about":[{"href":"https:\/\/www.otiumhome.fi\/index.php\/wp-json\/wp\/v2\/types\/product"}],"replies":[{"embeddable":true,"href":"https:\/\/www.otiumhome.fi\/index.php\/wp-json\/wp\/v2\/comments?post=185894"}],"wp:featuredmedia":[{"embeddable":true,"href":"https:\/\/www.otiumhome.fi\/index.php\/wp-json\/"}],"wp:attachment":[{"href":"https:\/\/www.otiumhome.fi\/index.php\/wp-json\/wp\/v2\/media?parent=185894"}],"wp:term":[{"taxonomy":"product_brand","embeddable":true,"href":"https:\/\/www.otiumhome.fi\/index.php\/wp-json\/wp\/v2\/product_brand?post=185894"},{"taxonomy":"product_cat","embeddable":true,"href":"https:\/\/www.otiumhome.fi\/index.php\/wp-json\/wp\/v2\/product_cat?post=185894"},{"taxonomy":"product_tag","embeddable":true,"href":"https:\/\/www.otiumhome.fi\/index.php\/wp-json\/wp\/v2\/product_tag?post=185894"}],"curies":[{"name":"wp","href":"https:\/\/api.w.org\/{rel}","templated":true}]}}