{"id":185873,"date":"2025-11-04T17:37:35","date_gmt":"2025-11-04T17:37:35","guid":{"rendered":"https:\/\/www.otiumhome.fi\/?p=185873"},"modified":"2025-11-05T01:06:23","modified_gmt":"2025-11-05T01:06:23","slug":"tv-seinakaappi-valkoinen-405x30x40-cm-tekninen-puu","status":"publish","type":"product","link":"https:\/\/www.otiumhome.fi\/index.php\/tuote\/tv-seinakaappi-valkoinen-405x30x40-cm-tekninen-puu\/","title":{"rendered":"TV-sein\u00e4kaappi valkoinen 40,5x30x40 cm tekninen puu"},"content":{"rendered":"<p>T\u00e4m\u00e4 TV-sein\u00e4kaappi on t\u00e4ydellinen ratkaisu asuintilaasi s\u00e4ilytystilan maksimoimiseksi ja lattiatilojen siistin\u00e4 pit\u00e4miseksi.<\/p>\n<\/p>\n<ul>\n<li>Kest\u00e4v\u00e4 materiaali: Tekninen puu on poikkeuksellisen laadukasta ja sile\u00e4pintaista. Se on luja, vakaa ja kosteudelle vastustuskykyinen.<\/li>\n<li>Runsaasti s\u00e4ilytystilaa: Kelluvassa TV-yksik\u00f6ss\u00e4 on lokero oven takana, jotta voit pit\u00e4\u00e4 pienesineet, kuten kirjat, DVD-levyt ja lehdet hyv\u00e4ss\u00e4 j\u00e4rjestyksess\u00e4 ja k\u00e4den ulottuvilla.<\/li>\n<li>Monipuolinen: Monipuolista kaappia voidaan k\u00e4ytt\u00e4\u00e4 TV-sein\u00e4kaappina tai sein\u00e4lle kiinnitett\u00e4v\u00e4n\u00e4 y\u00f6p\u00f6yt\u00e4n\u00e4. Voit yhdist\u00e4\u00e4 sen my\u00f6s muiden kaappien kanssa luodaksesi upean el\u00e4v\u00e4n sein\u00e4n. <\/li>\n<li>Sein\u00e4kiinnitett\u00e4v\u00e4 malli: T\u00e4m\u00e4 sein\u00e4mediayksikk\u00f6 voidaan kiinnitt\u00e4\u00e4 sein\u00e4lle s\u00e4ilytystilan lis\u00e4\u00e4miseksi. T\u00e4ll\u00e4 tavoin voit maksimoida k\u00e4ytett\u00e4viss\u00e4 olevan lattiatilan ja pit\u00e4\u00e4 tilat siistin\u00e4.<\/li>\n<\/ul>\n<p>Hyv\u00e4 tiet\u00e4\u00e4:<\/p>\n<ul>\n<li>Sein\u00e4\u00e4n kiinnitett\u00e4v\u00e4t ruuvit ja tulpat eiv\u00e4t sis\u00e4lly toimitukseen. Suosittelemme etsim\u00e4\u00e4n ja k\u00e4ytt\u00e4m\u00e4\u00e4n sein\u00e4\u00e4si sopivia ruuveja ja tulppia. Jos olet ep\u00e4varma, kysy ammattilaisen neuvoa. Lue ja noudata ohjeiden jokaista vaihetta.<\/li>\n<\/ul>\n<ul>\n<li>V\u00e4ri: Valkoinen<\/li>\n<li>Materiaali: Tekninen puu<\/li>\n<li>Mitat: 40,5 x 30 x 40 cm (L x S x K)<\/li>\n<li>Lokeron mitat: 37 x 28,5 x 37 cm (L x S x K)<\/li>\n<li>Asennus vaaditaan: Kyll\u00e4<\/li>\n<\/ul>\n","protected":false},"excerpt":{"rendered":"<ul>\n<li>V\u00e4ri: Valkoinen<\/li>\n<li>Materiaali: Tekninen puu<\/li>\n<li>Mitat: 40,5 x 30 x 40 cm (L x S x K)<\/li>\n<li>Lokeron mitat: 37 x 28,5 x 37 cm (L x S x K)<\/li>\n<li>Asennus vaaditaan: Kyll\u00e4<\/li>\n<\/ul>\n","protected":false},"featured_media":100000185873,"comment_status":"closed","ping_status":"closed","template":"","meta":[],"product_brand":[],"product_cat":[84],"product_tag":[],"class_list":{"0":"post-185873","1":"product","2":"type-product","3":"status-publish","4":"has-post-thumbnail","6":"product_cat-huonekalut","8":"first","9":"instock","10":"taxable","11":"shipping-taxable","12":"purchasable","13":"product-type-simple"},"_links":{"self":[{"href":"https:\/\/www.otiumhome.fi\/index.php\/wp-json\/wp\/v2\/product\/185873","targetHints":{"allow":["GET"]}}],"collection":[{"href":"https:\/\/www.otiumhome.fi\/index.php\/wp-json\/wp\/v2\/product"}],"about":[{"href":"https:\/\/www.otiumhome.fi\/index.php\/wp-json\/wp\/v2\/types\/product"}],"replies":[{"embeddable":true,"href":"https:\/\/www.otiumhome.fi\/index.php\/wp-json\/wp\/v2\/comments?post=185873"}],"wp:featuredmedia":[{"embeddable":true,"href":"https:\/\/www.otiumhome.fi\/index.php\/wp-json\/"}],"wp:attachment":[{"href":"https:\/\/www.otiumhome.fi\/index.php\/wp-json\/wp\/v2\/media?parent=185873"}],"wp:term":[{"taxonomy":"product_brand","embeddable":true,"href":"https:\/\/www.otiumhome.fi\/index.php\/wp-json\/wp\/v2\/product_brand?post=185873"},{"taxonomy":"product_cat","embeddable":true,"href":"https:\/\/www.otiumhome.fi\/index.php\/wp-json\/wp\/v2\/product_cat?post=185873"},{"taxonomy":"product_tag","embeddable":true,"href":"https:\/\/www.otiumhome.fi\/index.php\/wp-json\/wp\/v2\/product_tag?post=185873"}],"curies":[{"name":"wp","href":"https:\/\/api.w.org\/{rel}","templated":true}]}}