{"id":185865,"date":"2025-11-04T17:30:17","date_gmt":"2025-11-04T17:30:17","guid":{"rendered":"https:\/\/www.otiumhome.fi\/?p=185865"},"modified":"2025-12-09T14:58:16","modified_gmt":"2025-12-09T14:58:16","slug":"seinalle-kiinnitettava-tv-kaappisarja-2-pcs-vanha-puu","status":"publish","type":"product","link":"https:\/\/www.otiumhome.fi\/index.php\/tuote\/seinalle-kiinnitettava-tv-kaappisarja-2-pcs-vanha-puu\/","title":{"rendered":"Sein\u00e4lle kiinnitett\u00e4v\u00e4 TV-kaappisarja 2 pcs Vanha Puu"},"content":{"rendered":"<p>Luo olohuoneeseesi modernia eleganssia sein\u00e4lle asennettavalla TV-kaappisarjalla, joka yhdist\u00e4\u00e4 varastoinnin ja esteettiset vaatimukset. T\u00e4m\u00e4 sein\u00e4lle asennettava kaappi s\u00e4\u00e4st\u00e4\u00e4 lattiatilaa ja siin\u00e4 on tyylik\u00e4s, sile\u00e4 pinta, joka sopii nykyaikaiseen ymp\u00e4rist\u00f6\u00f6n. Suorakaiteen muoto ja puhtaat linjat luovat j\u00e4rjestelm\u00e4llisen ilmeen. Se on t\u00e4ydellinen niille, jotka arvostavat k\u00e4yt\u00e4nn\u00f6llist\u00e4 tyyli\u00e4 ja haluavat muuttaa viihdej\u00e4rjestelm\u00e4ns\u00e4.<\/p>\n<ul>\n<li><b>Teknisen puun mitat<\/b> T\u00e4m\u00e4 kaappi on tehty teknisest\u00e4 puusta, joka takaa luotettavuutta ja sile\u00e4\u00e4 pintaa, pit\u00e4en tilan siistin\u00e4. Materiaali tunnetaan kest\u00e4vyydest\u00e4\u00e4n ja sit\u00e4 k\u00e4ytet\u00e4\u00e4n koko kaapissa, mukaan lukien hyllyt, ovet ja runko, mik\u00e4 varmistaa pitk\u00e4ik\u00e4isyyden ja yhten\u00e4isen tyylin. Kest\u00e4v\u00e4 rakenne t\u00e4ydent\u00e4\u00e4 minimalistista muotoilua, joka on visuaalisesti miellytt\u00e4v\u00e4 miss\u00e4 tahansa olohuoneessa.<\/li>\n<li><b>Lis\u00e4komponentit<\/b> Sarja sis\u00e4lt\u00e4\u00e4 levyhyllyt helppoon varastointiin, saranat ovet turvallista p\u00e4\u00e4sy\u00e4 varten ja D-vetimet mukavaa otetta varten. Taustalevyn tekninen puu tarjoaa tukea ja vakautta koko rakenteelle. Jokainen osa on suunniteltu lis\u00e4\u00e4m\u00e4\u00e4n helppok\u00e4ytt\u00f6isyytt\u00e4 ilman, ett\u00e4 kaapin elegantti ilme k\u00e4rsii.<\/li>\n<li><b>Moderni ja toiminnallinen suunnittelu<\/b> Moderni tyyli keskittyy toimivuuteen ja yksinkertaisuuteen, ja sein\u00e4lle asennettava ominaisuus s\u00e4\u00e4st\u00e4\u00e4 lattiatilaa. Sen minimalistinen muoto jakaa tyylik\u00e4st\u00e4 tilaa samalla, kun tarjoaa j\u00e4rjestelm\u00e4llisen ratkaisun media-laitteille, kirjoille ja koriste-esineille.<\/li>\n<li><b>Monipuolinen olohuonek\u00e4ytt\u00f6<\/b> T\u00e4m\u00e4 TV-kaappi sopii mihin tahansa olohuoneeseen ja t\u00e4ytt\u00e4\u00e4 erilaiset varastointitarpeet, olipa kyse elektroniikasta tai koriste-esineist\u00e4. Sen moderni ilme t\u00e4ydent\u00e4\u00e4 eri sisustustyylej\u00e4, tehden siit\u00e4 joustavan osan, joka voi sopia mihin tahansa tilaan.<\/li>\n<li><b>Helppo huolto<\/b> Pid\u00e4 kaappi siistin\u00e4 pyyhkim\u00e4ll\u00e4 se kuivalla liinalla ja v\u00e4lt\u00e4 hankaavia aineita. Helppo huolto takaa pitk\u00e4aikaisen eleganssin ilman tyylin uhraamista.<\/li>\n<\/ul>\n<ul>\n<li>V\u00e4ri: Vanha puu<\/li>\n<li>Materiaali: Tekninen puu<\/li>\n<li>Yleiset mitat: 100 x 34,5 x 40 cm (L x S x K)<\/li>\n<li>4 ovien kanssa<\/li>\n<li>4 hyllyill\u00e4<\/li>\n<li>Kokoonpano vaaditaan: Kyll\u00e4<\/li>\n<li>Toimitus-:<\/li>\n<li>2xSein\u00e4lleasennettavatelevisiokaappi<\/li>\n<\/ul>\n","protected":false},"excerpt":{"rendered":"<ul>\n<li>V\u00e4ri: Vanha puu<\/li>\n<li>Materiaali: Tekninen puu<\/li>\n<li>Yleiset mitat: 100 x 34,5 x 40 cm (L x S x K)<\/li>\n<li>4 ovien kanssa<\/li>\n<li>4 hyllyill\u00e4<\/li>\n<li>Kokoonpano vaaditaan: Kyll\u00e4<\/li>\n<li>Toimitus-:<\/li>\n<li>2xSein\u00e4lleasennettavatelevisiokaappi<\/li>\n<\/ul>\n","protected":false},"featured_media":100000185865,"comment_status":"closed","ping_status":"closed","template":"","meta":[],"product_brand":[],"product_cat":[84],"product_tag":[],"class_list":{"0":"post-185865","1":"product","2":"type-product","3":"status-publish","4":"has-post-thumbnail","6":"product_cat-huonekalut","8":"first","9":"instock","10":"taxable","11":"shipping-taxable","12":"purchasable","13":"product-type-simple"},"_links":{"self":[{"href":"https:\/\/www.otiumhome.fi\/index.php\/wp-json\/wp\/v2\/product\/185865","targetHints":{"allow":["GET"]}}],"collection":[{"href":"https:\/\/www.otiumhome.fi\/index.php\/wp-json\/wp\/v2\/product"}],"about":[{"href":"https:\/\/www.otiumhome.fi\/index.php\/wp-json\/wp\/v2\/types\/product"}],"replies":[{"embeddable":true,"href":"https:\/\/www.otiumhome.fi\/index.php\/wp-json\/wp\/v2\/comments?post=185865"}],"wp:featuredmedia":[{"embeddable":true,"href":"https:\/\/www.otiumhome.fi\/index.php\/wp-json\/"}],"wp:attachment":[{"href":"https:\/\/www.otiumhome.fi\/index.php\/wp-json\/wp\/v2\/media?parent=185865"}],"wp:term":[{"taxonomy":"product_brand","embeddable":true,"href":"https:\/\/www.otiumhome.fi\/index.php\/wp-json\/wp\/v2\/product_brand?post=185865"},{"taxonomy":"product_cat","embeddable":true,"href":"https:\/\/www.otiumhome.fi\/index.php\/wp-json\/wp\/v2\/product_cat?post=185865"},{"taxonomy":"product_tag","embeddable":true,"href":"https:\/\/www.otiumhome.fi\/index.php\/wp-json\/wp\/v2\/product_tag?post=185865"}],"curies":[{"name":"wp","href":"https:\/\/api.w.org\/{rel}","templated":true}]}}