{"id":185862,"date":"2025-11-04T17:30:10","date_gmt":"2025-11-04T17:30:10","guid":{"rendered":"https:\/\/www.otiumhome.fi\/?p=185862"},"modified":"2025-12-14T18:00:34","modified_gmt":"2025-12-14T18:00:34","slug":"tv-seinakkeet-led-nauhavalot-5-pcs-musta-tammi-tekninen-puu","status":"publish","type":"product","link":"https:\/\/www.otiumhome.fi\/index.php\/tuote\/tv-seinakkeet-led-nauhavalot-5-pcs-musta-tammi-tekninen-puu\/","title":{"rendered":"TV-sein\u00e4kkeet LED -nauhavalot 5 pcs Musta tammi. Tekninen puu"},"content":{"rendered":"<p>T\u00e4m\u00e4 moderni TV-sein\u00e4hylly on tyylik\u00e4s lis\u00e4 olohuoneeseen tai makuuhuoneeseen, yhdist\u00e4en toimivan ja minimalistisen eleganssin. Suorakaiteen muoto ja selke\u00e4t linjat tekev\u00e4t siit\u00e4 k\u00e4tev\u00e4n s\u00e4ilytysratkaisun ja se parantaa tilan visuaalista ilmett\u00e4. Laadukkaasta teknisest\u00e4 puusta tehty kaappi tarjoaa hienostuneen taustan viihdekeskuksellesi, ja lasihyllyt tuovat kevytt\u00e4 ja avaraa tunnelmaa. T\u00e4ydellinen rentoutumiseen ja viihteeseen, se pit\u00e4\u00e4 TV-asetuksesi siistin\u00e4 ja j\u00e4rjestyksess\u00e4.<\/p>\n<ul>\n<li><b>Materiaalit:<\/b> Kaappi on valmistettu kest\u00e4v\u00e4st\u00e4 teknisest\u00e4 puusta, joka antaa modernin ja ajattoman ilmeen. Lasihyllyt lis\u00e4\u00e4v\u00e4t tyyli\u00e4 ja mahdollistavat koristeiden n\u00e4kyvyyden.<\/li>\n<li><b>Mukana olevat komponentit:<\/b> Kaapissa on lasihyllyt, joita tukee teknisest\u00e4 puusta valmistettu runko, tarjoten runsaasti s\u00e4ilytystilaa. Saranoidut ovet suojaavat arvokkaita tavaroita, kun taas viimeistelty taustapinta antaa kauniin ulkon\u00e4\u00f6n.<\/li>\n<li><b>Ominaisuudet \/ Toiminta \/ Suunnittelu:<\/b> Sein\u00e4lle asennettava malli maksimoi lattiapinnan. Se tarjoaa j\u00e4rjestelm\u00e4llisen ratkaisun mediav\u00e4lineille ja koristeille. Integroitu LED-nauha tuo valoa ja luo tehokasta tunnelmaa.<\/li>\n<li><b>Suositellut k\u00e4ytt\u00f6tavat:<\/b> T\u00e4m\u00e4 kaappi sopii t\u00e4ydellisesti olohuoneisiin ja makuuhuoneisiin, toimien kauniina keskuksena mediayksik\u00f6ille ja koristeille. Todella hyv\u00e4 minne tahansa, olipa sitten koti tai ammattilaisymp\u00e4rist\u00f6.<\/li>\n<li><b>Huolto &amp; yll\u00e4pito:<\/b> Varmista, ett\u00e4 kaappi on turvallisesti kiinnitetty sein\u00e4\u00e4n. Puhdista s\u00e4\u00e4nn\u00f6llisesti pehme\u00e4ll\u00e4, kuivalle kankaalle, jotta pinta pysyy siistin\u00e4.<\/li>\n<\/ul>\n<ul>\n<li>V\u00e4ri: Musta tammi.<\/li>\n<li>Materiaali: Tekninen puu<\/li>\n<li>Yleiset mitat: 60 x 30 x 30 cm (P x L x K)<\/li>\n<li>Mukana 2 saranoidut ovet<\/li>\n<li>Mukana 4 lasihyllyt<\/li>\n<li>Valotyyppi: Led-valonauhat<\/li>\n<li>Kokoonpano vaaditaan: Kyll\u00e4<\/li>\n<li>Toimitus-:<\/li>\n<li>2 x TV-sein\u00e4hylly: 30.5 x 30 x 90 cm (P x L x K)<\/li>\n<li>3 x TV-sein\u00e4hylly: 40 x 30 x 30 cm (P x L x K)<\/li>\n<\/ul>\n","protected":false},"excerpt":{"rendered":"<ul>\n<li>V\u00e4ri: Musta tammi.<\/li>\n<li>Materiaali: Tekninen puu<\/li>\n<li>Yleiset mitat: 60 x 30 x 30 cm (P x L x K)<\/li>\n<li>Mukana 2 saranoidut ovet<\/li>\n<li>Mukana 4 lasihyllyt<\/li>\n<li>Valotyyppi: Led-valonauhat<\/li>\n<li>Kokoonpano vaaditaan: Kyll\u00e4<\/li>\n<li>Toimitus-:<\/li>\n<li>2 x TV-sein\u00e4hylly: 30.5 x 30 x 90 cm (P x L x K)<\/li>\n<li>3 x TV-sein\u00e4hylly: 40 x 30 x 30 cm (P x L x K)<\/li>\n<\/ul>\n","protected":false},"featured_media":100000185862,"comment_status":"closed","ping_status":"closed","template":"","meta":[],"product_brand":[],"product_cat":[84],"product_tag":[],"class_list":{"0":"post-185862","1":"product","2":"type-product","3":"status-publish","4":"has-post-thumbnail","6":"product_cat-huonekalut","8":"first","9":"instock","10":"taxable","11":"shipping-taxable","12":"purchasable","13":"product-type-simple"},"_links":{"self":[{"href":"https:\/\/www.otiumhome.fi\/index.php\/wp-json\/wp\/v2\/product\/185862","targetHints":{"allow":["GET"]}}],"collection":[{"href":"https:\/\/www.otiumhome.fi\/index.php\/wp-json\/wp\/v2\/product"}],"about":[{"href":"https:\/\/www.otiumhome.fi\/index.php\/wp-json\/wp\/v2\/types\/product"}],"replies":[{"embeddable":true,"href":"https:\/\/www.otiumhome.fi\/index.php\/wp-json\/wp\/v2\/comments?post=185862"}],"wp:featuredmedia":[{"embeddable":true,"href":"https:\/\/www.otiumhome.fi\/index.php\/wp-json\/"}],"wp:attachment":[{"href":"https:\/\/www.otiumhome.fi\/index.php\/wp-json\/wp\/v2\/media?parent=185862"}],"wp:term":[{"taxonomy":"product_brand","embeddable":true,"href":"https:\/\/www.otiumhome.fi\/index.php\/wp-json\/wp\/v2\/product_brand?post=185862"},{"taxonomy":"product_cat","embeddable":true,"href":"https:\/\/www.otiumhome.fi\/index.php\/wp-json\/wp\/v2\/product_cat?post=185862"},{"taxonomy":"product_tag","embeddable":true,"href":"https:\/\/www.otiumhome.fi\/index.php\/wp-json\/wp\/v2\/product_tag?post=185862"}],"curies":[{"name":"wp","href":"https:\/\/api.w.org\/{rel}","templated":true}]}}