{"id":185849,"date":"2025-11-04T17:03:25","date_gmt":"2025-11-04T17:03:25","guid":{"rendered":"https:\/\/www.otiumhome.fi\/?p=185849"},"modified":"2025-11-05T05:23:15","modified_gmt":"2025-11-05T05:23:15","slug":"tv-taso-120x30x40-cm-karkea-mangopuu","status":"publish","type":"product","link":"https:\/\/www.otiumhome.fi\/index.php\/tuote\/tv-taso-120x30x40-cm-karkea-mangopuu\/","title":{"rendered":"TV-taso 120x30x40 cm karkea mangopuu"},"content":{"rendered":"<p>T\u00e4m\u00e4 puinen TV-taso lis\u00e4\u00e4 teollista tyyli\u00e4 ja se sopii sek\u00e4 olohuoneeseen ett\u00e4 makuuhuoneeseen.<\/p>\n<\/p>\n<p>TV-taso on valmistettu karkeasta mangopuusta, joka on trooppinen lehtipuu, jolla on kyky kantaa painoa. Se my\u00f6s kest\u00e4\u00e4 hyvin ajan patinaa, tehden siit\u00e4 tukevan ja kest\u00e4v\u00e4n. Vakaata p\u00f6yt\u00e4levy\u00e4 voidaan k\u00e4ytt\u00e4\u00e4 koriste-esineiden esille laittoon. S\u00e4ilytyshylly tarjoaa runsaasti tilaa multimedialaitteille, kirjoille sek\u00e4 erilaisille muille esineille.<\/p>\n<\/p>\n<p>T\u00e4rke\u00e4 huomio: V\u00e4rit ja puunsyyt vaihtelevat kappaleittain, mik\u00e4 tekee jokaisesta huonekalusta ainutlaatuisen. Toimitus on sattumanvarainen.<\/p>\n<ul>\n<li>Materiaali: karkea mangopuu luonnollisella viimeistelyll\u00e4, rauta mustalla jauhemaalilla<\/li>\n<li>Mitat: 120 x 30 x 40 cm (L x S x K)<\/li>\n<li>Asennus vaaditaan: kyll\u00e4<\/li>\n<\/ul>\n","protected":false},"excerpt":{"rendered":"<ul>\n<li>Materiaali: karkea mangopuu luonnollisella viimeistelyll\u00e4, rauta mustalla jauhemaalilla<\/li>\n<li>Mitat: 120 x 30 x 40 cm (L x S x K)<\/li>\n<li>Asennus vaaditaan: kyll\u00e4<\/li>\n<\/ul>\n","protected":false},"featured_media":100000185849,"comment_status":"closed","ping_status":"closed","template":"","meta":[],"product_brand":[],"product_cat":[84],"product_tag":[],"class_list":{"0":"post-185849","1":"product","2":"type-product","3":"status-publish","4":"has-post-thumbnail","6":"product_cat-huonekalut","8":"first","9":"instock","10":"taxable","11":"shipping-taxable","12":"purchasable","13":"product-type-simple"},"_links":{"self":[{"href":"https:\/\/www.otiumhome.fi\/index.php\/wp-json\/wp\/v2\/product\/185849","targetHints":{"allow":["GET"]}}],"collection":[{"href":"https:\/\/www.otiumhome.fi\/index.php\/wp-json\/wp\/v2\/product"}],"about":[{"href":"https:\/\/www.otiumhome.fi\/index.php\/wp-json\/wp\/v2\/types\/product"}],"replies":[{"embeddable":true,"href":"https:\/\/www.otiumhome.fi\/index.php\/wp-json\/wp\/v2\/comments?post=185849"}],"wp:featuredmedia":[{"embeddable":true,"href":"https:\/\/www.otiumhome.fi\/index.php\/wp-json\/"}],"wp:attachment":[{"href":"https:\/\/www.otiumhome.fi\/index.php\/wp-json\/wp\/v2\/media?parent=185849"}],"wp:term":[{"taxonomy":"product_brand","embeddable":true,"href":"https:\/\/www.otiumhome.fi\/index.php\/wp-json\/wp\/v2\/product_brand?post=185849"},{"taxonomy":"product_cat","embeddable":true,"href":"https:\/\/www.otiumhome.fi\/index.php\/wp-json\/wp\/v2\/product_cat?post=185849"},{"taxonomy":"product_tag","embeddable":true,"href":"https:\/\/www.otiumhome.fi\/index.php\/wp-json\/wp\/v2\/product_tag?post=185849"}],"curies":[{"name":"wp","href":"https:\/\/api.w.org\/{rel}","templated":true}]}}