{"id":185848,"date":"2025-11-04T17:03:20","date_gmt":"2025-11-04T17:03:20","guid":{"rendered":"https:\/\/www.otiumhome.fi\/?p=185848"},"modified":"2025-11-05T05:14:36","modified_gmt":"2025-11-05T05:14:36","slug":"tv-taso-120x30x40-cm-taysi-akaasiapuu-ja-kierratetty-tayspuu","status":"publish","type":"product","link":"https:\/\/www.otiumhome.fi\/index.php\/tuote\/tv-taso-120x30x40-cm-taysi-akaasiapuu-ja-kierratetty-tayspuu\/","title":{"rendered":"TV-taso 120x30x40 cm t\u00e4ysi akaasiapuu ja kierr\u00e4tetty t\u00e4yspuu"},"content":{"rendered":"<p>T\u00e4m\u00e4 puinen TV-taso on t\u00e4ydellinen lis\u00e4 tuomaan rustiikkista tyyli\u00e4 elintilaasi.<\/p>\n<\/p>\n<p>T\u00e4m\u00e4 TV-taso on valmistettu t\u00e4ydest\u00e4 akaasiapuusta ja kierr\u00e4tetyst\u00e4 t\u00e4yspuusta. Kierr\u00e4tetty puu on per\u00e4isin vanhojen purettujen rakennusten palkeista, lattiasta ja tukipalkeista. Joten se voi koostua monesta eri puulajista ja sis\u00e4lt\u00e4\u00e4 piirteit\u00e4 niist\u00e4, kuten m\u00e4nnyst\u00e4, tiikist\u00e4, tammesta, mangopuusta, akaasiapuusta, jne. Kierr\u00e4tetty puu on jo ik\u00e4\u00e4ntynytt\u00e4, kulunutta ja kuivaa, joten se ei kutistu eik\u00e4 taivu. T\u00e4ss\u00e4 stereokaapissa on kaksi lokeroa ja kaksi vetolaatikkoa, jotka tarjoavat runsaasti s\u00e4ilytystilaa erilaisten esineiden s\u00e4ilytt\u00e4miseksi hyv\u00e4ss\u00e4 j\u00e4rjestyksess\u00e4 ja k\u00e4den ulottuvilla.<\/p>\n<\/p>\n<p>T\u00e4rke\u00e4 huomio: v\u00e4rit ja pintakuviot saattavat vaihdella kappaleesta toiseen, mik\u00e4 tekee jokaisesta HiFi-kaapista ainutlaatuisen ja hieman erilaisen kuin muut.<\/p>\n<ul>\n<li>Materiaali: luonnollisesti viimeistellyt t\u00e4ysi akaasiapuu, sek\u00e4 kierr\u00e4tetty t\u00e4yspuu<\/li>\n<li>Kokonaismitat: 120 x 30 x 40 cm (L x S x K)<\/li>\n<li>Lokeron mitat (kukin): 31 x 26 x 22 cm (L x S x K)<\/li>\n<li>Laatikon mitat (kukin): 29 x 20 x 8,5 cm (L x S x K)<\/li>\n<li>Kokoonpano vaaditaan: Ei<\/li>\n<\/ul>\n","protected":false},"excerpt":{"rendered":"<ul>\n<li>Materiaali: luonnollisesti viimeistellyt t\u00e4ysi akaasiapuu, sek\u00e4 kierr\u00e4tetty t\u00e4yspuu<\/li>\n<li>Kokonaismitat: 120 x 30 x 40 cm (L x S x K)<\/li>\n<li>Lokeron mitat (kukin): 31 x 26 x 22 cm (L x S x K)<\/li>\n<li>Laatikon mitat (kukin): 29 x 20 x 8,5 cm (L x S x K)<\/li>\n<li>Kokoonpano vaaditaan: Ei<\/li>\n<\/ul>\n","protected":false},"featured_media":100000185848,"comment_status":"closed","ping_status":"closed","template":"","meta":[],"product_brand":[],"product_cat":[84],"product_tag":[],"class_list":{"0":"post-185848","1":"product","2":"type-product","3":"status-publish","4":"has-post-thumbnail","6":"product_cat-huonekalut","8":"first","9":"instock","10":"taxable","11":"shipping-taxable","12":"purchasable","13":"product-type-simple"},"_links":{"self":[{"href":"https:\/\/www.otiumhome.fi\/index.php\/wp-json\/wp\/v2\/product\/185848","targetHints":{"allow":["GET"]}}],"collection":[{"href":"https:\/\/www.otiumhome.fi\/index.php\/wp-json\/wp\/v2\/product"}],"about":[{"href":"https:\/\/www.otiumhome.fi\/index.php\/wp-json\/wp\/v2\/types\/product"}],"replies":[{"embeddable":true,"href":"https:\/\/www.otiumhome.fi\/index.php\/wp-json\/wp\/v2\/comments?post=185848"}],"wp:featuredmedia":[{"embeddable":true,"href":"https:\/\/www.otiumhome.fi\/index.php\/wp-json\/"}],"wp:attachment":[{"href":"https:\/\/www.otiumhome.fi\/index.php\/wp-json\/wp\/v2\/media?parent=185848"}],"wp:term":[{"taxonomy":"product_brand","embeddable":true,"href":"https:\/\/www.otiumhome.fi\/index.php\/wp-json\/wp\/v2\/product_brand?post=185848"},{"taxonomy":"product_cat","embeddable":true,"href":"https:\/\/www.otiumhome.fi\/index.php\/wp-json\/wp\/v2\/product_cat?post=185848"},{"taxonomy":"product_tag","embeddable":true,"href":"https:\/\/www.otiumhome.fi\/index.php\/wp-json\/wp\/v2\/product_tag?post=185848"}],"curies":[{"name":"wp","href":"https:\/\/api.w.org\/{rel}","templated":true}]}}