{"id":185607,"date":"2025-11-04T12:02:39","date_gmt":"2025-11-04T12:02:39","guid":{"rendered":"https:\/\/www.otiumhome.fi\/?p=185607"},"modified":"2025-11-09T11:18:38","modified_gmt":"2025-11-09T11:18:38","slug":"perhesangyn-runko-ilman-patjaa-valkoinen-270x200-cm","status":"publish","type":"product","link":"https:\/\/www.otiumhome.fi\/index.php\/tuote\/perhesangyn-runko-ilman-patjaa-valkoinen-270x200-cm\/","title":{"rendered":"Perhes\u00e4ngyn runko ilman patjaa valkoinen 270&#215;200 cm"},"content":{"rendered":"<p>Hanki paremmat levolliset y\u00f6unet t\u00e4ll\u00e4 puisella perhes\u00e4nkyjen rungolla! Se on viihtyis\u00e4 lis\u00e4 jokaiseen makuuhuoneeseen.<\/p>\n<\/p>\n<ul>\n<li>Vakaa ja pitk\u00e4kestoinen runko: T\u00e4ysi m\u00e4nty tunnetaan lujuudestaan ja kest\u00e4vyydest\u00e4\u00e4n. Sen suorat puunsyyt ja erottuvat oksanpaikat lis\u00e4\u00e4v\u00e4t sen rustiikkista charmia.<\/li>\n<li>Jousia ei tarvita: S\u00e4ngyn rungossa on s\u00e4lepohja, joka tarjoaa erinomaisen tuen ja hengitt\u00e4vyyden patjallesi, mik\u00e4 eliminoi laatikkojousen tarpeen.<\/li>\n<li>Tilava mukavuus: T\u00e4ss\u00e4 perhes\u00e4ngyss\u00e4 on tilava 270&#215;200 cm makuutila, joka takaa runsaasti tilaa koko perheelle nukkua mukavasti ilman ahtautta. S\u00e4ngyn runkoon valmiiksi porattujen reikien ansiosta voit lis\u00e4t\u00e4 lis\u00e4\u00e4 yhden hengen s\u00e4nkyj\u00e4 luodaksesi suuremman makuutilan.<\/li>\n<li>Monipuolinen s\u00e4ngynp\u00e4\u00e4ty: T\u00e4m\u00e4 s\u00e4ngynrunko sis\u00e4lt\u00e4\u00e4 s\u00e4ngynp\u00e4\u00e4dyn, joka tarjoaa erinomaisen selk\u00e4tuen, kun istut s\u00e4ngyll\u00e4 lukemassa kirjaa tai katselet TV:t\u00e4. Samalla se toimii koristeellisena elementtin\u00e4.<\/li>\n<li>Vakaat ja kest\u00e4v\u00e4t jalat: T\u00e4m\u00e4 s\u00e4nky on tuettu tukevilla jaloilla, taaten vakauden, turvallisuuden ja j\u00e4m\u00e4kkyyden.<\/li>\n<\/ul>\n<ul>\n<li>V\u00e4ri: Valkoinen<\/li>\n<li>S\u00e4ngynrungon materiaali: T\u00e4ysi m\u00e4nty<\/li>\n<li>S\u00e4lemateriaali: Vaneri<\/li>\n<li>Mitat: 203,5 x 270 x 56 cm (P x L x K)<\/li>\n<li>Vapaa korkeus s\u00e4ngyn alla: 21 cm<\/li>\n<li>Sopiva patjakoko (vaihtoehto 1): 3 x (90 x 200) cm (L x P) (patja ei sis\u00e4lly hintaan)<\/li>\n<li>Sopiva patjakoko (vaihtoehto 2): 1 x (90 x 200) cm (L x P) + 1 x (180 x 200) cm (L x P) (patja ei sis\u00e4lly hintaan)<\/li>\n<li>Max. kantavuus: 300 kg<\/li>\n<li>Esiporatut rei\u00e4t helppoon liitt\u00e4miseen perhes\u00e4nkyyn<\/li>\n<li>Asennus vaaditaan: Kyll\u00e4<\/li>\n<\/ul>\n","protected":false},"excerpt":{"rendered":"<ul>\n<li>V\u00e4ri: Valkoinen<\/li>\n<li>S\u00e4ngynrungon materiaali: T\u00e4ysi m\u00e4nty<\/li>\n<li>S\u00e4lemateriaali: Vaneri<\/li>\n<li>Mitat: 203,5 x 270 x 56 cm (P x L x K)<\/li>\n<li>Vapaa korkeus s\u00e4ngyn alla: 21 cm<\/li>\n<li>Sopiva patjakoko (vaihtoehto 1): 3 x (90 x 200) cm (L x P) (patja ei sis\u00e4lly hintaan)<\/li>\n<li>Sopiva patjakoko (vaihtoehto 2): 1 x (90 x 200) cm (L x P) + 1 x (180 x 200) cm (L x P) (patja ei sis\u00e4lly hintaan)<\/li>\n<li>Max. kantavuus: 300 kg<\/li>\n<li>Esiporatut rei\u00e4t helppoon liitt\u00e4miseen perhes\u00e4nkyyn<\/li>\n<li>Asennus vaaditaan: Kyll\u00e4<\/li>\n<\/ul>\n","protected":false},"featured_media":100000185607,"comment_status":"closed","ping_status":"closed","template":"","meta":[],"product_brand":[],"product_cat":[84,8638],"product_tag":[],"class_list":{"0":"post-185607","1":"product","2":"type-product","3":"status-publish","4":"has-post-thumbnail","6":"product_cat-huonekalut","7":"product_cat-sangyt-sangynrungot","9":"first","10":"outofstock","11":"taxable","12":"shipping-taxable","13":"purchasable","14":"product-type-simple"},"_links":{"self":[{"href":"https:\/\/www.otiumhome.fi\/index.php\/wp-json\/wp\/v2\/product\/185607","targetHints":{"allow":["GET"]}}],"collection":[{"href":"https:\/\/www.otiumhome.fi\/index.php\/wp-json\/wp\/v2\/product"}],"about":[{"href":"https:\/\/www.otiumhome.fi\/index.php\/wp-json\/wp\/v2\/types\/product"}],"replies":[{"embeddable":true,"href":"https:\/\/www.otiumhome.fi\/index.php\/wp-json\/wp\/v2\/comments?post=185607"}],"wp:featuredmedia":[{"embeddable":true,"href":"https:\/\/www.otiumhome.fi\/index.php\/wp-json\/"}],"wp:attachment":[{"href":"https:\/\/www.otiumhome.fi\/index.php\/wp-json\/wp\/v2\/media?parent=185607"}],"wp:term":[{"taxonomy":"product_brand","embeddable":true,"href":"https:\/\/www.otiumhome.fi\/index.php\/wp-json\/wp\/v2\/product_brand?post=185607"},{"taxonomy":"product_cat","embeddable":true,"href":"https:\/\/www.otiumhome.fi\/index.php\/wp-json\/wp\/v2\/product_cat?post=185607"},{"taxonomy":"product_tag","embeddable":true,"href":"https:\/\/www.otiumhome.fi\/index.php\/wp-json\/wp\/v2\/product_tag?post=185607"}],"curies":[{"name":"wp","href":"https:\/\/api.w.org\/{rel}","templated":true}]}}