{"id":185419,"date":"2025-11-04T05:08:50","date_gmt":"2025-11-04T05:08:50","guid":{"rendered":"https:\/\/www.otiumhome.fi\/?p=185419"},"modified":"2025-11-04T21:11:29","modified_gmt":"2025-11-04T21:11:29","slug":"poytalevy-elava-reuna-110x80x38-cm-taysi-mangopuu","status":"publish","type":"product","link":"https:\/\/www.otiumhome.fi\/index.php\/tuote\/poytalevy-elava-reuna-110x80x38-cm-taysi-mangopuu\/","title":{"rendered":"P\u00f6yt\u00e4levy el\u00e4v\u00e4 reuna 110x80x3,8 cm t\u00e4ysi mangopuu"},"content":{"rendered":"<p>Anna p\u00f6yd\u00e4llesi uusi el\u00e4m\u00e4 t\u00e4m\u00e4n puisen p\u00f6yt\u00e4levyn avulla. Se on erinomainen ratkaisu p\u00f6yd\u00e4n pirist\u00e4miseen kotona tai kaupallisessa ymp\u00e4rist\u00f6ss\u00e4.<\/p>\n<\/p>\n<ul>\n<li> T\u00e4ysi mangopuu: T\u00e4ysi mangopuu on luja trooppinen lehtipuu, josta valmistetaan tukevia kalusteita. Kauniit puunsyyt tekev\u00e4t jokaisesta kalusteesta hieman erilaisen kuin seuraavasta.<\/li>\n<li> Monipuolinen k\u00e4ytt\u00f6: Vaihtop\u00f6yt\u00e4levy voidaan yhdist\u00e4\u00e4 moniin eri alustoihin tarpeidesi mukaan. <\/li>\n<li>El\u00e4v\u00e4 reuna: Puisessa kalustelevyss\u00e4 on rustiikkinen el\u00e4v\u00e4 reuna. T\u00e4st\u00e4 syyst\u00e4 oksanpaikat, halkeamat, hieman kaareva muoto ja v\u00e4ris\u00e4vyt ovat osa sit\u00e4, joten jokainen kappale on luonteeltaan ja ulkon\u00e4\u00f6lt\u00e4\u00e4n ainutlaatuinen. <\/li>\n<li>Helposti puhdistettava pinta: Sile\u00e4 p\u00f6yt\u00e4levy on helppo puhdistaa kostealla liinalla. <\/li>\n<\/ul>\n<p>Hyv\u00e4 tiet\u00e4\u00e4:<\/p>\n<ul>\n<li>Jokainen kappale on ainutlaatuisen eroavilla v\u00e4reill\u00e4 ja puunsyill\u00e4. Toimitus on sattumanvarainen, t\u00e4m\u00e4 takaa tuotteesi erityisyyden ja ainutlaatuisuuden.<\/li>\n<\/li>\n<p>El\u00e4v\u00e4n reunuksen massiivipuun luonnollisen muodon vuoksi leveys voi vaihdella hieman +1-2 cm tai \u20133-5 cm.<\/li>\n<\/ul>\n<ul>\n<li>Materiaali: T\u00e4ysi mangopuu tammiviimeistelyll\u00e4<\/li>\n<li>Kokonaismitat: 110 x 80 x 3,8 cm (P x L x Paks.)<\/li>\n<li>Sis\u00e4lt\u00e4\u00e4 el\u00e4v\u00e4n sivureunan<\/li>\n<li>Toimitus sis\u00e4lt\u00e4\u00e4 vain p\u00f6yt\u00e4levyn<\/li>\n<\/ul>\n","protected":false},"excerpt":{"rendered":"<ul>\n<li>Materiaali: T\u00e4ysi mangopuu tammiviimeistelyll\u00e4<\/li>\n<li>Kokonaismitat: 110 x 80 x 3,8 cm (P x L x Paks.)<\/li>\n<li>Sis\u00e4lt\u00e4\u00e4 el\u00e4v\u00e4n sivureunan<\/li>\n<li>Toimitus sis\u00e4lt\u00e4\u00e4 vain p\u00f6yt\u00e4levyn<\/li>\n<\/ul>\n","protected":false},"featured_media":100000185419,"comment_status":"closed","ping_status":"closed","template":"","meta":[],"product_brand":[],"product_cat":[84,8578],"product_tag":[],"class_list":{"0":"post-185419","1":"product","2":"type-product","3":"status-publish","4":"has-post-thumbnail","6":"product_cat-huonekalut","7":"product_cat-poytalevyt","9":"first","10":"instock","11":"taxable","12":"shipping-taxable","13":"purchasable","14":"product-type-simple"},"_links":{"self":[{"href":"https:\/\/www.otiumhome.fi\/index.php\/wp-json\/wp\/v2\/product\/185419","targetHints":{"allow":["GET"]}}],"collection":[{"href":"https:\/\/www.otiumhome.fi\/index.php\/wp-json\/wp\/v2\/product"}],"about":[{"href":"https:\/\/www.otiumhome.fi\/index.php\/wp-json\/wp\/v2\/types\/product"}],"replies":[{"embeddable":true,"href":"https:\/\/www.otiumhome.fi\/index.php\/wp-json\/wp\/v2\/comments?post=185419"}],"wp:featuredmedia":[{"embeddable":true,"href":"https:\/\/www.otiumhome.fi\/index.php\/wp-json\/"}],"wp:attachment":[{"href":"https:\/\/www.otiumhome.fi\/index.php\/wp-json\/wp\/v2\/media?parent=185419"}],"wp:term":[{"taxonomy":"product_brand","embeddable":true,"href":"https:\/\/www.otiumhome.fi\/index.php\/wp-json\/wp\/v2\/product_brand?post=185419"},{"taxonomy":"product_cat","embeddable":true,"href":"https:\/\/www.otiumhome.fi\/index.php\/wp-json\/wp\/v2\/product_cat?post=185419"},{"taxonomy":"product_tag","embeddable":true,"href":"https:\/\/www.otiumhome.fi\/index.php\/wp-json\/wp\/v2\/product_tag?post=185419"}],"curies":[{"name":"wp","href":"https:\/\/api.w.org\/{rel}","templated":true}]}}