{"id":185343,"date":"2025-11-04T04:09:52","date_gmt":"2025-11-04T04:09:52","guid":{"rendered":"https:\/\/www.otiumhome.fi\/?p=185343"},"modified":"2025-12-14T07:00:53","modified_gmt":"2025-12-14T07:00:53","slug":"tv-kaappi-hyllylla-ruskea-80-x-335-x-46-cm-kiintea-mango-puu","status":"publish","type":"product","link":"https:\/\/www.otiumhome.fi\/index.php\/tuote\/tv-kaappi-hyllylla-ruskea-80-x-335-x-46-cm-kiintea-mango-puu\/","title":{"rendered":"TV-kaappi hyllyll\u00e4 Ruskea 80 x 33,5 x 46 cm Kiinte\u00e4 mango puu"},"content":{"rendered":"<p>T\u00e4m\u00e4 suorakaiteen muotoinen mediakaappi on valmistettu t\u00e4ysist\u00e4 mangopuista ja tuo modernia tyyli\u00e4 olohuoneeseesi. Tyylikk\u00e4\u00e4n ruskea viimeistely sulautuu helposti mihin tahansa sisustukseen, tarjoten sek\u00e4 estetiikkaa ett\u00e4 k\u00e4yt\u00e4nn\u00f6llisyytt\u00e4. Koko 80 x 33,5 x 46 cm tarjoaa kompakti mutta riitt\u00e4v\u00e4n s\u00e4ilytysratkaisun kaikille viihde-esineillesi. Kaapin selke\u00e4t linjat ja minimalistinen muotoilu luovat rauhallisen ymp\u00e4rist\u00f6n, joten se sopii erilaisiin tiloihin, olipa kyseess\u00e4 viihtyis\u00e4 asunto tai tilava olohuone.<\/p>\n<ul>\n<li><b>T\u00e4ysipuinen rakenne<\/b> T\u00e4m\u00e4 kaappi on valmistettu t\u00e4ysist\u00e4 mangopuista, tuoden mukanaan kest\u00e4vyytt\u00e4 ja vahvuutta. Luonnonpuu lis\u00e4\u00e4 l\u00e4mp\u00f6\u00e4 ja tyylikkyytt\u00e4, suojaten mediaesineit\u00e4si.<\/li>\n<li><b>Toiminnalliset levyhyllyt<\/b> Hyllyt tarjoavat helppoa s\u00e4ilytyst\u00e4 konsolille ja muille laitteille. Jokainen hylly on luotettava, mik\u00e4 pit\u00e4\u00e4 olohuoneen siistin\u00e4 ja j\u00e4rjestettyn\u00e4.<\/li>\n<li><b>Moderni tyyli<\/b> Kaappi heijastaa puhtaita linjoja ja yksinkertaista muotoa, sopien t\u00e4ydellisesti nykyaikaisiin sisustuksiin.<\/li>\n<li><b>Erinomainen koko<\/b> Koko 80 x 33,5 x 46 cm on t\u00e4ydellinen useimpiin TV-asetuksiin, ja se sopii eri tiloihin.<\/li>\n<li><b>Helppo koota<\/b> T\u00e4m\u00e4n kaapin kokoaminen onnistuu helposti ruuvimeisselill\u00e4, ja selke\u00e4t ohjeet varmistavat vaivattoman asennuksen.<\/li>\n<\/ul>\n<ul>\n<li>V\u00e4ri: Ruskea<\/li>\n<li>Materiaali: Kiinte\u00e4 mango puu<\/li>\n<li>Yleiset mitat: 80 x 33,5 x 46 cm (P x L x K)<\/li>\n<li>Paino: 14,65 kg<\/li>\n<li>Kest\u00e4v\u00e4<\/li>\n<li>Yhdell\u00e4 laatikolla<\/li>\n<li>Mukana 3 levyhyllyt<\/li>\n<li>Vain sis\u00e4k\u00e4ytt\u00f6\u00f6n<\/li>\n<li>Toimitus-:<\/li>\n<li>1 x TV-taso<\/li>\n<li>Kokoonpano vaaditaan: Kyll\u00e4<\/li>\n<\/ul>\n","protected":false},"excerpt":{"rendered":"<ul>\n<li>V\u00e4ri: Ruskea<\/li>\n<li>Materiaali: Kiinte\u00e4 mango puu<\/li>\n<li>Yleiset mitat: 80 x 33,5 x 46 cm (P x L x K)<\/li>\n<li>Paino: 14,65 kg<\/li>\n<li>Kest\u00e4v\u00e4<\/li>\n<li>Yhdell\u00e4 laatikolla<\/li>\n<li>Mukana 3 levyhyllyt<\/li>\n<li>Vain sis\u00e4k\u00e4ytt\u00f6\u00f6n<\/li>\n<li>Toimitus-:<\/li>\n<li>1 x TV-taso<\/li>\n<li>Kokoonpano vaaditaan: Kyll\u00e4<\/li>\n<\/ul>\n","protected":false},"featured_media":100000185343,"comment_status":"closed","ping_status":"closed","template":"","meta":[],"product_brand":[],"product_cat":[84,8567],"product_tag":[],"class_list":{"0":"post-185343","1":"product","2":"type-product","3":"status-publish","4":"has-post-thumbnail","6":"product_cat-huonekalut","7":"product_cat-medialaitekaapit-telineet","9":"first","10":"instock","11":"taxable","12":"shipping-taxable","13":"purchasable","14":"product-type-simple"},"_links":{"self":[{"href":"https:\/\/www.otiumhome.fi\/index.php\/wp-json\/wp\/v2\/product\/185343","targetHints":{"allow":["GET"]}}],"collection":[{"href":"https:\/\/www.otiumhome.fi\/index.php\/wp-json\/wp\/v2\/product"}],"about":[{"href":"https:\/\/www.otiumhome.fi\/index.php\/wp-json\/wp\/v2\/types\/product"}],"replies":[{"embeddable":true,"href":"https:\/\/www.otiumhome.fi\/index.php\/wp-json\/wp\/v2\/comments?post=185343"}],"wp:featuredmedia":[{"embeddable":true,"href":"https:\/\/www.otiumhome.fi\/index.php\/wp-json\/"}],"wp:attachment":[{"href":"https:\/\/www.otiumhome.fi\/index.php\/wp-json\/wp\/v2\/media?parent=185343"}],"wp:term":[{"taxonomy":"product_brand","embeddable":true,"href":"https:\/\/www.otiumhome.fi\/index.php\/wp-json\/wp\/v2\/product_brand?post=185343"},{"taxonomy":"product_cat","embeddable":true,"href":"https:\/\/www.otiumhome.fi\/index.php\/wp-json\/wp\/v2\/product_cat?post=185343"},{"taxonomy":"product_tag","embeddable":true,"href":"https:\/\/www.otiumhome.fi\/index.php\/wp-json\/wp\/v2\/product_tag?post=185343"}],"curies":[{"name":"wp","href":"https:\/\/api.w.org\/{rel}","templated":true}]}}