{"id":185341,"date":"2025-11-04T04:09:51","date_gmt":"2025-11-04T04:09:51","guid":{"rendered":"https:\/\/www.otiumhome.fi\/?p=185341"},"modified":"2025-12-14T07:00:52","modified_gmt":"2025-12-14T07:00:52","slug":"tv-kaappi-hyllylla-ruskea-80-x-315-x-46-cm-kiintea-mango-puu","status":"publish","type":"product","link":"https:\/\/www.otiumhome.fi\/index.php\/tuote\/tv-kaappi-hyllylla-ruskea-80-x-315-x-46-cm-kiintea-mango-puu\/","title":{"rendered":"TV-kaappi hyllyll\u00e4 Ruskea 80 x 31,5 x 46 cm Kiinte\u00e4 mango puu"},"content":{"rendered":"<p>T\u00e4m\u00e4 suorakulmainen televisiokaappi edustaa modernia yksinkertaisuutta ja k\u00e4yt\u00e4nn\u00f6llisyytt\u00e4, joten se on upea lis\u00e4 olohuoneeseesi. Valmistettu t\u00e4ysist\u00e4 mangopuun paloista, se on kest\u00e4v\u00e4 ja k\u00e4sity\u00f6lt\u00e4\u00e4n huolella tehty. Erinomainen s\u00e4ilytyspaikka mediatarvikkeille, se yhdist\u00e4\u00e4 tyylin k\u00e4yt\u00e4nn\u00f6llisyyteen. T\u00e4m\u00e4 syv\u00e4n ruskea televisiokaappi sulautuu erilaisiin sisustustyyleihin ja toimii tyylikk\u00e4\u00e4n\u00e4 keskipisteen\u00e4 huoneessa.<\/p>\n<ul>\n<li><b>Kest\u00e4v\u00e4 mangopuu:<\/b> T\u00e4m\u00e4 kaappi on tehty kest\u00e4v\u00e4st\u00e4 mangopuusta, joka varmistaa sen pitk\u00e4n k\u00e4ytt\u00f6i\u00e4n ja kauniin ulkon\u00e4\u00f6n. Luonnollinen puun rakenne tuo l\u00e4mp\u00f6\u00e4 olohuoneeseen.<\/li>\n<li><b>Integroitu hyllymuotoilu:<\/b> Levyt tarjoavat loistavasti tilaa mediav\u00e4lineille, koriste-esineille ja muille t\u00e4rkeille tavaroille. Rakennettu tehokkuuden ja helppouden varaan.<\/li>\n<li><b>Moderni esteettisyys:<\/b> Siistit kontuurit ja moderni tyyli, joka sopii t\u00e4ydellisesti nykyaikaisiin koteihin. Suorakulmainen muoto tuo huoneeseen kauneutta ja harmoniaa.<\/li>\n<li><b>Toiminnallinen k\u00e4ytt\u00f6:<\/b> T\u00e4m\u00e4 kaappi on vain sis\u00e4tiloihin, ja se auttaa pit\u00e4m\u00e4\u00e4n huolehditusti tavarasi kunnossa, tehden olohuoneestasi viihtyis\u00e4mm\u00e4n.<\/li>\n<li><b>K\u00e4ytt\u00e4j\u00e4yst\u00e4v\u00e4llinen kokoaminen:<\/b> Kokoamiseen tarvitset kaksi henkil\u00f6\u00e4 ja ruuvimeisselin. Selke\u00e4t ohjeet auttavat kokoamisessa, jotta kaappi pysyy kunnossa ja toimivana pitk\u00e4\u00e4n, mik\u00e4 heijastaa k\u00e4ytt\u00e4j\u00e4yst\u00e4v\u00e4llist\u00e4 suunnittelua.<\/li>\n<\/ul>\n<ul>\n<li>V\u00e4ri: Ruskea<\/li>\n<li>Materiaali: Kiinte\u00e4 mango puu<\/li>\n<li>Yleiset mitat: 80 x 31,5 x 46 cm (P x L x K)<\/li>\n<li>Paino: 12,48 kg<\/li>\n<li>Kest\u00e4v\u00e4<\/li>\n<li>Mukana 2 levyhyllyt<\/li>\n<li>1 ovella<\/li>\n<li>Vain sis\u00e4k\u00e4ytt\u00f6\u00f6n<\/li>\n<li>Toimitus-:<\/li>\n<li>1 x TV-taso<\/li>\n<li>Kokoonpano vaaditaan: Kyll\u00e4<\/li>\n<\/ul>\n","protected":false},"excerpt":{"rendered":"<ul>\n<li>V\u00e4ri: Ruskea<\/li>\n<li>Materiaali: Kiinte\u00e4 mango puu<\/li>\n<li>Yleiset mitat: 80 x 31,5 x 46 cm (P x L x K)<\/li>\n<li>Paino: 12,48 kg<\/li>\n<li>Kest\u00e4v\u00e4<\/li>\n<li>Mukana 2 levyhyllyt<\/li>\n<li>1 ovella<\/li>\n<li>Vain sis\u00e4k\u00e4ytt\u00f6\u00f6n<\/li>\n<li>Toimitus-:<\/li>\n<li>1 x TV-taso<\/li>\n<li>Kokoonpano vaaditaan: Kyll\u00e4<\/li>\n<\/ul>\n","protected":false},"featured_media":100000185341,"comment_status":"closed","ping_status":"closed","template":"","meta":[],"product_brand":[],"product_cat":[84,8567],"product_tag":[],"class_list":{"0":"post-185341","1":"product","2":"type-product","3":"status-publish","4":"has-post-thumbnail","6":"product_cat-huonekalut","7":"product_cat-medialaitekaapit-telineet","9":"first","10":"instock","11":"taxable","12":"shipping-taxable","13":"purchasable","14":"product-type-simple"},"_links":{"self":[{"href":"https:\/\/www.otiumhome.fi\/index.php\/wp-json\/wp\/v2\/product\/185341","targetHints":{"allow":["GET"]}}],"collection":[{"href":"https:\/\/www.otiumhome.fi\/index.php\/wp-json\/wp\/v2\/product"}],"about":[{"href":"https:\/\/www.otiumhome.fi\/index.php\/wp-json\/wp\/v2\/types\/product"}],"replies":[{"embeddable":true,"href":"https:\/\/www.otiumhome.fi\/index.php\/wp-json\/wp\/v2\/comments?post=185341"}],"wp:featuredmedia":[{"embeddable":true,"href":"https:\/\/www.otiumhome.fi\/index.php\/wp-json\/"}],"wp:attachment":[{"href":"https:\/\/www.otiumhome.fi\/index.php\/wp-json\/wp\/v2\/media?parent=185341"}],"wp:term":[{"taxonomy":"product_brand","embeddable":true,"href":"https:\/\/www.otiumhome.fi\/index.php\/wp-json\/wp\/v2\/product_brand?post=185341"},{"taxonomy":"product_cat","embeddable":true,"href":"https:\/\/www.otiumhome.fi\/index.php\/wp-json\/wp\/v2\/product_cat?post=185341"},{"taxonomy":"product_tag","embeddable":true,"href":"https:\/\/www.otiumhome.fi\/index.php\/wp-json\/wp\/v2\/product_tag?post=185341"}],"curies":[{"name":"wp","href":"https:\/\/api.w.org\/{rel}","templated":true}]}}