{"id":185340,"date":"2025-11-04T04:04:42","date_gmt":"2025-11-04T04:04:42","guid":{"rendered":"https:\/\/www.otiumhome.fi\/?p=185340"},"modified":"2025-12-14T07:00:51","modified_gmt":"2025-12-14T07:00:51","slug":"tv-kaappi-hyllylla-ruskea-105-x-335-x-46-cm-kiintea-mango-puu","status":"publish","type":"product","link":"https:\/\/www.otiumhome.fi\/index.php\/tuote\/tv-kaappi-hyllylla-ruskea-105-x-335-x-46-cm-kiintea-mango-puu\/","title":{"rendered":"TV-kaappi hyllyll\u00e4 Ruskea 105 x 33,5 x 46 cm Kiinte\u00e4 mango puu"},"content":{"rendered":"<p>T\u00e4m\u00e4 mangopuusta valmistettu suorakulmainen TV-kaappi yhdist\u00e4\u00e4 modernin tyylin ja toimivan s\u00e4ilytyksen. Sen selke\u00e4 muotoilu ja minimalistinen tyyli sopivat t\u00e4ydellisesti nykyaikaiseen kotiin, ja kauniin ruskean s\u00e4vyns\u00e4 ansiosta se t\u00e4ydent\u00e4\u00e4 mit\u00e4 tahansa sisustusta. Monik\u00e4ytt\u00f6inen rakenne tarjoaa k\u00e4tev\u00e4t s\u00e4ilytysratkaisut, joissa yhdistyv\u00e4t tyyli ja k\u00e4yt\u00e4nn\u00f6llisyys.<\/p>\n<ul>\n<li><b>Materiaalin huippuosaaminen:<\/b> Valmistettu mangopuusta, joka tunnetaan kest\u00e4vyydest\u00e4\u00e4n ja komeudestaan. Materiaalin luonnollinen syysuodattuu kaapissa, mik\u00e4 pit\u00e4\u00e4 sen kauniina pitk\u00e4\u00e4n. Sen tihe\u00e4 laatu tarjoaa luotettavan ja kest\u00e4v\u00e4n vaihtoehdon sisustukseen.<\/li>\n<li><b>Hyllyratkaisu:<\/b> Hyllyt ovat samantyyppisi\u00e4 kuin puulevyt, mutta todella monik\u00e4ytt\u00f6isi\u00e4 ja tukevat erilaisia esineit\u00e4 &#8211; elektronisista koristeisiin. N\u00e4m\u00e4 hyllyt auttavat maksimoimaan tilank\u00e4yt\u00f6n, tarjoten organisoidun ja esteettisen ilmeen. Ne ovat k\u00e4yt\u00e4nn\u00f6llisi\u00e4 mutta n\u00e4ytt\u00e4vi\u00e4, ja yhdist\u00e4v\u00e4t tehokkuuden muotoiluun.<\/li>\n<li><b>Moderni vieh\u00e4tys:<\/b> T\u00e4m\u00e4n kaapin virtaviivainen rakenne sulautuu moderniin muotoiluun. Sen selke\u00e4t linjat ja yksinkertaisuus antavat ajattoman vaikutelman, joka nostaa mink\u00e4 tahansa huoneen ilmeen.<\/li>\n<li><b>Kokoamisvaatimukset:<\/b> Kokoaminen on helppoa ruuvimeisseli\u00e4 k\u00e4ytt\u00e4en ja tarvitaan vain kaksi ihmist\u00e4. Selke\u00e4t ohjeet tekev\u00e4t kokoamisesta vaivattoman ja sujuvan prosessin kuten kokoaminen on herkullista.<\/li>\n<li><b>Sis\u00e4tilojen toiminnallisuus:<\/b> Suunniteltu vain sis\u00e4tiloihin, siit\u00e4 tulee mediaratkaisujen keskipiste. Erityisesti kotiin, joka kaipaa tyylikk\u00e4it\u00e4 ja organisoituja laatikoita mediakaappiin.<\/li>\n<\/ul>\n<ul>\n<li>V\u00e4ri: Ruskea<\/li>\n<li>Materiaali: Kiinte\u00e4 mango puu<\/li>\n<li>Yleiset mitat: 105 x 33,5 x 46 cm (P x L x K)<\/li>\n<li>Paino: 18,64 kg<\/li>\n<li>Kest\u00e4v\u00e4<\/li>\n<li>Yhdell\u00e4 laatikolla<\/li>\n<li>Mukana 1 laatikkohylly<\/li>\n<li>2 ovien kanssa<\/li>\n<li>Vain sis\u00e4k\u00e4ytt\u00f6\u00f6n<\/li>\n<li>Toimitus-:<\/li>\n<li>1 x TV-taso<\/li>\n<li>Kokoonpano vaaditaan: Kyll\u00e4<\/li>\n<\/ul>\n","protected":false},"excerpt":{"rendered":"<ul>\n<li>V\u00e4ri: Ruskea<\/li>\n<li>Materiaali: Kiinte\u00e4 mango puu<\/li>\n<li>Yleiset mitat: 105 x 33,5 x 46 cm (P x L x K)<\/li>\n<li>Paino: 18,64 kg<\/li>\n<li>Kest\u00e4v\u00e4<\/li>\n<li>Yhdell\u00e4 laatikolla<\/li>\n<li>Mukana 1 laatikkohylly<\/li>\n<li>2 ovien kanssa<\/li>\n<li>Vain sis\u00e4k\u00e4ytt\u00f6\u00f6n<\/li>\n<li>Toimitus-:<\/li>\n<li>1 x TV-taso<\/li>\n<li>Kokoonpano vaaditaan: Kyll\u00e4<\/li>\n<\/ul>\n","protected":false},"featured_media":100000185340,"comment_status":"closed","ping_status":"closed","template":"","meta":[],"product_brand":[],"product_cat":[84,8567],"product_tag":[],"class_list":{"0":"post-185340","1":"product","2":"type-product","3":"status-publish","4":"has-post-thumbnail","6":"product_cat-huonekalut","7":"product_cat-medialaitekaapit-telineet","9":"first","10":"instock","11":"taxable","12":"shipping-taxable","13":"purchasable","14":"product-type-simple"},"_links":{"self":[{"href":"https:\/\/www.otiumhome.fi\/index.php\/wp-json\/wp\/v2\/product\/185340","targetHints":{"allow":["GET"]}}],"collection":[{"href":"https:\/\/www.otiumhome.fi\/index.php\/wp-json\/wp\/v2\/product"}],"about":[{"href":"https:\/\/www.otiumhome.fi\/index.php\/wp-json\/wp\/v2\/types\/product"}],"replies":[{"embeddable":true,"href":"https:\/\/www.otiumhome.fi\/index.php\/wp-json\/wp\/v2\/comments?post=185340"}],"wp:featuredmedia":[{"embeddable":true,"href":"https:\/\/www.otiumhome.fi\/index.php\/wp-json\/"}],"wp:attachment":[{"href":"https:\/\/www.otiumhome.fi\/index.php\/wp-json\/wp\/v2\/media?parent=185340"}],"wp:term":[{"taxonomy":"product_brand","embeddable":true,"href":"https:\/\/www.otiumhome.fi\/index.php\/wp-json\/wp\/v2\/product_brand?post=185340"},{"taxonomy":"product_cat","embeddable":true,"href":"https:\/\/www.otiumhome.fi\/index.php\/wp-json\/wp\/v2\/product_cat?post=185340"},{"taxonomy":"product_tag","embeddable":true,"href":"https:\/\/www.otiumhome.fi\/index.php\/wp-json\/wp\/v2\/product_tag?post=185340"}],"curies":[{"name":"wp","href":"https:\/\/api.w.org\/{rel}","templated":true}]}}