{"id":185290,"date":"2025-11-04T03:53:28","date_gmt":"2025-11-04T03:53:28","guid":{"rendered":"https:\/\/www.otiumhome.fi\/?p=185290"},"modified":"2025-12-14T06:45:37","modified_gmt":"2025-12-14T06:45:37","slug":"meikkipoyta-ruskea-90-x-76-x-45-cm-kierratetty-massiivinen-puu","status":"publish","type":"product","link":"https:\/\/www.otiumhome.fi\/index.php\/tuote\/meikkipoyta-ruskea-90-x-76-x-45-cm-kierratetty-massiivinen-puu\/","title":{"rendered":"Meikkip\u00f6yt\u00e4 Ruskea 90 x 76 x 45 cm Kierr\u00e4tetty massiivinen puu"},"content":{"rendered":"<p>T\u00e4m\u00e4 meikkip\u00f6yt\u00e4 peilill\u00e4 on t\u00e4ydellinen lis\u00e4 moderniin makuuhuoneeseen; se yhdist\u00e4\u00e4 k\u00e4yt\u00e4nn\u00f6llisyyden ja tyylin. Tyylik\u00e4s ja minimalistinen muotoilu sulautuu huoneesi estetiikkaan ja tarjoaa kaikki tarvittavat v\u00e4lineet kauneudenhoitoon. Suorakulmainen muoto ja tilava pinta mahtuvat erilaisiin hygieniatuotteisiin, parantaen aamurutiinejasi tai illan valmistautumista. Olitpa menossa minne vain tai vain rentoutumassa, sen k\u00e4ytt\u00e4j\u00e4yst\u00e4v\u00e4lliset ominaisuudet tekev\u00e4t siit\u00e4 luotettavan kumppanin.<\/p>\n<ul>\n<li><b>Materiaalit &amp; viimeistely<\/b> T\u00e4m\u00e4 meikkip\u00f6yt\u00e4 on tehty hienosta ruskeasta viimeistelyst\u00e4, joka sulautuu eri sisustustyyleihin. Sen nykyaikainen muotoilu yhdist\u00e4\u00e4 yksinkertaisuuden ja k\u00e4yt\u00e4nn\u00f6llisyyden, luoden monik\u00e4ytt\u00f6isen huonekalun joka sopii mihin tahansa makuuhuoneeseen.<\/li>\n<li><b>Tehokas s\u00e4ilytys<\/b> Tilava pinta ja hyvin suunnitellut osastot pit\u00e4v\u00e4t kosmetiikan ja kauneudenhoitov\u00e4lineet k\u00e4den ulottuvilla, tarjoten k\u00e4tevi\u00e4 tapoja organisoida, s\u00e4ilytt\u00e4en samalla siistin ilmeen.<\/li>\n<li><b>Peilin k\u00e4ytt\u00f6<\/b> Tasopeili, joka on t\u00e4rke\u00e4 osa suunnittelua, tarjoaa selke\u00e4n ja tarkan heijastuksen; se on olennainen kauneudenhoitorutiineissa. Sen pinta takaa, ett\u00e4 heijastuksesi on todellinen ja tarkka, t\u00e4ytt\u00e4en sek\u00e4 koristeelliset ett\u00e4 k\u00e4yt\u00e4nn\u00f6lliset tarpeet.<\/li>\n<li><b>Vankka rakenne<\/b> T\u00e4m\u00e4 meikkip\u00f6yt\u00e4 on rakennettu kest\u00e4v\u00e4ksi, todistaen huolellista k\u00e4sity\u00f6t\u00e4. Vahva rakenne lupaa kest\u00e4vyytt\u00e4, tehden siit\u00e4 investoinnin kauneudenhoitoon ja tyyliin.<\/li>\n<li><b>Kokoamisvaatimukset<\/b> Kokoaminen vaatii ruuvimeisselin ja on helppoa kahden henkil\u00f6n voimin. Toimitetaan valmiina, joten se muuttaa tilasi nopeasti.<\/li>\n<\/ul>\n<ul>\n<li>V\u00e4ri: Ruskea<\/li>\n<li>Materiaali: Kierr\u00e4tetty massiivinen puu<\/li>\n<li>Yleiset mitat: 90 x 76 x 45 cm (P x L x K)<\/li>\n<li>Paino: 17,9 kg<\/li>\n<li>Kest\u00e4v\u00e4<\/li>\n<li>Tasainen peili<\/li>\n<li>Kehysmateriaali: Kierr\u00e4tetty t\u00e4yspuu<\/li>\n<li>Enimm\u00e4ispaino: 75 kg<\/li>\n<li>Vain sis\u00e4k\u00e4ytt\u00f6\u00f6n<\/li>\n<li>Toimitus-:<\/li>\n<li>1 x Meikkip\u00f6yt\u00e4<\/li>\n<li>Kokoonpano vaaditaan: Kyll\u00e4<\/li>\n<\/ul>\n","protected":false},"excerpt":{"rendered":"<ul>\n<li>V\u00e4ri: Ruskea<\/li>\n<li>Materiaali: Kierr\u00e4tetty massiivinen puu<\/li>\n<li>Yleiset mitat: 90 x 76 x 45 cm (P x L x K)<\/li>\n<li>Paino: 17,9 kg<\/li>\n<li>Kest\u00e4v\u00e4<\/li>\n<li>Tasainen peili<\/li>\n<li>Kehysmateriaali: Kierr\u00e4tetty t\u00e4yspuu<\/li>\n<li>Enimm\u00e4ispaino: 75 kg<\/li>\n<li>Vain sis\u00e4k\u00e4ytt\u00f6\u00f6n<\/li>\n<li>Toimitus-:<\/li>\n<li>1 x Meikkip\u00f6yt\u00e4<\/li>\n<li>Kokoonpano vaaditaan: Kyll\u00e4<\/li>\n<\/ul>\n","protected":false},"featured_media":100000185290,"comment_status":"closed","ping_status":"closed","template":"","meta":[],"product_brand":[],"product_cat":[84,8561,8566],"product_tag":[],"class_list":{"0":"post-185290","1":"product","2":"type-product","3":"status-publish","4":"has-post-thumbnail","6":"product_cat-huonekalut","7":"product_cat-kampauspoydat","8":"product_cat-makuuhuoneen-kampauspoydat","10":"first","11":"instock","12":"taxable","13":"shipping-taxable","14":"purchasable","15":"product-type-simple"},"_links":{"self":[{"href":"https:\/\/www.otiumhome.fi\/index.php\/wp-json\/wp\/v2\/product\/185290","targetHints":{"allow":["GET"]}}],"collection":[{"href":"https:\/\/www.otiumhome.fi\/index.php\/wp-json\/wp\/v2\/product"}],"about":[{"href":"https:\/\/www.otiumhome.fi\/index.php\/wp-json\/wp\/v2\/types\/product"}],"replies":[{"embeddable":true,"href":"https:\/\/www.otiumhome.fi\/index.php\/wp-json\/wp\/v2\/comments?post=185290"}],"wp:featuredmedia":[{"embeddable":true,"href":"https:\/\/www.otiumhome.fi\/index.php\/wp-json\/"}],"wp:attachment":[{"href":"https:\/\/www.otiumhome.fi\/index.php\/wp-json\/wp\/v2\/media?parent=185290"}],"wp:term":[{"taxonomy":"product_brand","embeddable":true,"href":"https:\/\/www.otiumhome.fi\/index.php\/wp-json\/wp\/v2\/product_brand?post=185290"},{"taxonomy":"product_cat","embeddable":true,"href":"https:\/\/www.otiumhome.fi\/index.php\/wp-json\/wp\/v2\/product_cat?post=185290"},{"taxonomy":"product_tag","embeddable":true,"href":"https:\/\/www.otiumhome.fi\/index.php\/wp-json\/wp\/v2\/product_tag?post=185290"}],"curies":[{"name":"wp","href":"https:\/\/api.w.org\/{rel}","templated":true}]}}