{"id":185279,"date":"2025-11-04T03:36:58","date_gmt":"2025-11-04T03:36:58","guid":{"rendered":"https:\/\/www.otiumhome.fi\/?p=185279"},"modified":"2025-12-09T07:37:30","modified_gmt":"2025-12-09T07:37:30","slug":"pesukonekaappi-hyllylla-vigo-valkoinen-ja-antiikkivalkoinen","status":"publish","type":"product","link":"https:\/\/www.otiumhome.fi\/index.php\/tuote\/pesukonekaappi-hyllylla-vigo-valkoinen-ja-antiikkivalkoinen\/","title":{"rendered":"Pesukonekaappi hyllyll\u00e4 VIGO Valkoinen ja antiikkivalkoinen"},"content":{"rendered":"<p>T\u00e4\u00e4 kylpyhuoneen hyllykaappi on loistava tapa k\u00e4ytt\u00e4\u00e4 tilaa pesukoneiden ylle, ja se tuo j\u00e4rjestyst\u00e4 ja tehokkuutta jokaiseen moderniin kylpyhuoneeseen. Se on tehty t\u00e4ysist\u00e4 mango- ja m\u00e4ntypuulevyist\u00e4, ja siin\u00e4 on hieno suorakulmainen muoto, joka sulautuu helposti nykyp\u00e4iv\u00e4n kylpyhuoneisiin. Kaapin kest\u00e4vyys ja ajaton tyyli tekee siit\u00e4 t\u00e4rke\u00e4n osan sek\u00e4 muotoa ett\u00e4 k\u00e4yt\u00e4nn\u00f6llisyytt\u00e4. Yksinkertaisuus n\u00e4kyy sen selkeiss\u00e4 linjoissa ja j\u00e4rjestyksess\u00e4, mik\u00e4 parantaa arkea. Monik\u00e4ytt\u00f6inen muotoilu mahdollistaa sen sijoittamisen k\u00e4yt\u00e4nn\u00f6ss\u00e4 mihin tahansa kotiin, ilman ett\u00e4 tyylikkyys k\u00e4rsii.<\/p>\n<ul>\n<li><b>T\u00e4ysi mango- ja m\u00e4ntypuu:<\/b> T\u00e4\u00e4 kaappi on rakennettu laadukkaasta puusta, joten se on kest\u00e4v\u00e4 ja n\u00e4ytt\u00e4v\u00e4. Luonnollinen viimeistely on ymp\u00e4rist\u00f6yst\u00e4v\u00e4llinen ja tuo tilaan kauniin, orgaanisen ilmeen, joka vain paranee ajan my\u00f6t\u00e4. N\u00e4m\u00e4 materiaalit kest\u00e4\u00e4 kyll\u00e4 k\u00e4ytt\u00f6\u00e4, toimien kylpyhuoneen luotettavana osana vuodesta toiseen.<\/li>\n<li><b>Tehokas s\u00e4ilytysratkaisu:<\/b> T\u00e4\u00e4 tyylik\u00e4s kaappi tarjoaa paljon tilaa pesukoneen tai kuivausrummun ylle, ja sopii hyvin pyykinpesuaineille, pehmusteille tai pyyhkeille. Keskim\u00e4\u00e4r\u00e4inen hyllysuunnittelu pit\u00e4\u00e4 tavarat j\u00e4rjestyksess\u00e4 ja helposti saatavilla.<\/li>\n<li><b>Moderni suorakulmainen muoto:<\/b> T\u00e4m\u00e4n kaapin moderni siluetti tuo ripauksen hienostuneisuutta kylpyhuoneeseen. Sen puhtaat linjat noudattaa modernia estetiikkaa, ja minimalistinen tyyli takaa, ett\u00e4 se sopii mihin tahansa nykyaikaiseen sisustukseen.<\/li>\n<li><b>Yksinkertainen kokoonpano:<\/b> T\u00e4m\u00e4n yksik\u00f6n kokoaminen on helppoa ohjeiden avulla. Kaksi henkil\u00f6\u00e4 ja ruuvimeisseli riitt\u00e4\u00e4, ja se on mietitty niin, ett\u00e4 kotiasennus sujuu ilman suuria vaivann\u00e4k\u00f6j\u00e4.<\/li>\n<li><b>Vain sis\u00e4k\u00e4ytt\u00f6\u00f6n:<\/b> T\u00e4m\u00e4 kaappi on suunniteltu erityisesti sis\u00e4tiloihin, yhdist\u00e4en tyylin ja k\u00e4yt\u00e4nn\u00f6llisyyden. Huolellinen suunnittelu takaa, ett\u00e4 se kest\u00e4\u00e4 kosteissa ymp\u00e4rist\u00f6iss\u00e4 ja on pitk\u00e4ik\u00e4inen kylpyhuoneen varuste.<\/li>\n<\/ul>\n<ul>\n<li>V\u00e4ri: Valkoinen ja antiikkivalkoinen<\/li>\n<li>Materiaali: T\u00e4ysi m\u00e4nty<\/li>\n<li>Yleiset mitat: 72,5 x 27 x 161 cm (P x L x K)<\/li>\n<li>Paino: 14,3 kg<\/li>\n<li>S\u00e4ilytystila<\/li>\n<li>2 hyllyill\u00e4<\/li>\n<li>2 ovien kanssa<\/li>\n<li>Vain sis\u00e4k\u00e4ytt\u00f6\u00f6n<\/li>\n<li>Toimitus-:<\/li>\n<li>1 x Pyykinpesukoneen kaappi<\/li>\n<li>Kokoonpano vaaditaan: Kyll\u00e4<\/li>\n<li>Alueen nimi: Vigo<\/li>\n<\/ul>\n","protected":false},"excerpt":{"rendered":"<ul>\n<li>V\u00e4ri: Valkoinen ja antiikkivalkoinen<\/li>\n<li>Materiaali: T\u00e4ysi m\u00e4nty<\/li>\n<li>Yleiset mitat: 72,5 x 27 x 161 cm (P x L x K)<\/li>\n<li>Paino: 14,3 kg<\/li>\n<li>S\u00e4ilytystila<\/li>\n<li>2 hyllyill\u00e4<\/li>\n<li>2 ovien kanssa<\/li>\n<li>Vain sis\u00e4k\u00e4ytt\u00f6\u00f6n<\/li>\n<li>Toimitus-:<\/li>\n<li>1 x Pyykinpesukoneen kaappi<\/li>\n<li>Kokoonpano vaaditaan: Kyll\u00e4<\/li>\n<li>Alueen nimi: Vigo<\/li>\n<\/ul>\n","protected":false},"featured_media":100000185279,"comment_status":"closed","ping_status":"closed","template":"","meta":[],"product_brand":[],"product_cat":[84,8561,8562],"product_tag":[],"class_list":{"0":"post-185279","1":"product","2":"type-product","3":"status-publish","4":"has-post-thumbnail","6":"product_cat-huonekalut","7":"product_cat-kampauspoydat","8":"product_cat-kylpyhuoneen-kampauspoydat","10":"first","11":"instock","12":"taxable","13":"shipping-taxable","14":"purchasable","15":"product-type-simple"},"_links":{"self":[{"href":"https:\/\/www.otiumhome.fi\/index.php\/wp-json\/wp\/v2\/product\/185279","targetHints":{"allow":["GET"]}}],"collection":[{"href":"https:\/\/www.otiumhome.fi\/index.php\/wp-json\/wp\/v2\/product"}],"about":[{"href":"https:\/\/www.otiumhome.fi\/index.php\/wp-json\/wp\/v2\/types\/product"}],"replies":[{"embeddable":true,"href":"https:\/\/www.otiumhome.fi\/index.php\/wp-json\/wp\/v2\/comments?post=185279"}],"wp:featuredmedia":[{"embeddable":true,"href":"https:\/\/www.otiumhome.fi\/index.php\/wp-json\/"}],"wp:attachment":[{"href":"https:\/\/www.otiumhome.fi\/index.php\/wp-json\/wp\/v2\/media?parent=185279"}],"wp:term":[{"taxonomy":"product_brand","embeddable":true,"href":"https:\/\/www.otiumhome.fi\/index.php\/wp-json\/wp\/v2\/product_brand?post=185279"},{"taxonomy":"product_cat","embeddable":true,"href":"https:\/\/www.otiumhome.fi\/index.php\/wp-json\/wp\/v2\/product_cat?post=185279"},{"taxonomy":"product_tag","embeddable":true,"href":"https:\/\/www.otiumhome.fi\/index.php\/wp-json\/wp\/v2\/product_tag?post=185279"}],"curies":[{"name":"wp","href":"https:\/\/api.w.org\/{rel}","templated":true}]}}