{"id":185275,"date":"2025-11-04T03:36:56","date_gmt":"2025-11-04T03:36:56","guid":{"rendered":"https:\/\/www.otiumhome.fi\/?p=185275"},"modified":"2025-12-09T07:37:27","modified_gmt":"2025-12-09T07:37:27","slug":"kylpyhuonekaappi-hyllylla-ovella-vigo-ruskea-ja-hunajaruskea","status":"publish","type":"product","link":"https:\/\/www.otiumhome.fi\/index.php\/tuote\/kylpyhuonekaappi-hyllylla-ovella-vigo-ruskea-ja-hunajaruskea\/","title":{"rendered":"Kylpyhuonekaappi hyllyll\u00e4 ovella VIGO Ruskea ja hunajaruskea"},"content":{"rendered":"<p>T\u00e4m\u00e4 suorakaiteen muotoinen sein\u00e4lle asennettava s\u00e4ilytyskaappi on sek\u00e4 k\u00e4yt\u00e4nn\u00f6llinen ett\u00e4 tyylik\u00e4s. Se tarjoaa runsaasti tilaa kylpyhuoneen tarvikkeille samalla, kun se s\u00e4ilytt\u00e4\u00e4 siistin, modernin ilmeen. Valmistettu massiivisesta m\u00e4nnyst\u00e4, se tuo mukanaan vahvan ja yksinkertaisen s\u00e4ilytysratkaisun, joka sopii hyvin nykyaikaisiin sisustuksiin. Puhtaat linjat ja virtaviivainen ilme tekev\u00e4t siit\u00e4 erinomaisen vaihtoehdon kaikille, jotka haluaa kauniita ja toimivia s\u00e4ilytysratkaisuja kylpyhuoneeseen.<\/p>\n<ul>\n<li><b>Yksityiskohtaiset materiaalit<\/b> Valmistettu massiivisesta m\u00e4nnyst\u00e4, t\u00e4m\u00e4 kaappi takaa pitk\u00e4ik\u00e4isen kest\u00e4vyyden ja tyylikk\u00e4\u00e4n ilmeen, joka sulautuu hyvin moderniin sisustukseen. Vankka rakenne antaa mielenrauhaa, koska s\u00e4ilytysratkaisu on tehty kest\u00e4v\u00e4ksi ja tuo lis\u00e4\u00e4 kauneutta. <\/li>\n<li><b>Asennustyyli<\/b> T\u00e4m\u00e4 kaappi on sein\u00e4lle asennettava, joka s\u00e4\u00e4st\u00e4\u00e4 lattiatilaa pieniss\u00e4 kylpyhuoneissa. Nostamalla kaapin yl\u00f6s lattiasta, se luo tilan illuusion ja pit\u00e4\u00e4 tarvikkeet k\u00e4den ulottuvilla, mik\u00e4 parantaa mukavuutta ja huoneen ulkon\u00e4k\u00f6\u00e4. <\/li>\n<li><b>K\u00e4yt\u00e4nn\u00f6llinen s\u00e4ilytys<\/b> Useilla osastoilla varustettu kaappi on suunniteltu pit\u00e4m\u00e4\u00e4n kylpyhuone j\u00e4rjestyksess\u00e4 ja siistin\u00e4. Jokainen osasto on suunniteltu mahtumaan hygieniatarvikkeita, pyyhkeit\u00e4 ja muita tarpeita, joten kaikki on helposti saatavilla ja ymp\u00e4rist\u00f6 pysyy siistin\u00e4. <\/li>\n<li><b>Virtaviivainen esteettisyys<\/b> Kaapin yksinkertaiset ja tyylikk\u00e4\u00e4t linjat tekev\u00e4t siit\u00e4 modernin muotoilun helmen. Minimalistinen design sopii loistavasti nykyaikaiseen sisustukseen, tarjoten tyylikk\u00e4\u00e4n s\u00e4ilytysratkaisun ilman turhaa koristelua, t\u00e4ydellinen niille, jotka arvostaa modernia tyyli\u00e4. <\/li>\n<li><b>Kokoonpano vaatimukset<\/b> Kahden henkil\u00f6n avull\u00e4 ja ruuvimeisselill\u00e4 saat kaapin nopeasti asennettua. T\u00e4m\u00e4 helppo prosessi varmistaa, ett\u00e4 kaappi on turvallisesti kiinnitetty ja valmis parantamaan kylpyhuoneesi ilmett\u00e4. Ohjeet tulevat mukana vaiheittaisena opastuksena. <\/li>\n<\/ul>\n<ul>\n<li>V\u00e4ri: Ruskea ja hunajaruskea<\/li>\n<li>Materiaali: T\u00e4ysi m\u00e4nty<\/li>\n<li>Yleiset mitat: 67,5 x 34 x 71,5 cm (P x L x K)<\/li>\n<li>Paino: 12,5 kg<\/li>\n<li>S\u00e4ilytystila<\/li>\n<li>3 hyllyill\u00e4<\/li>\n<li>2 ovien kanssa<\/li>\n<li>Vain sis\u00e4k\u00e4ytt\u00f6\u00f6n<\/li>\n<li>Toimitus-:<\/li>\n<li>1 x Kylpyhuonekaappi<\/li>\n<li>Kokoonpano vaaditaan: Kyll\u00e4<\/li>\n<li>Alueen nimi: Vigo<\/li>\n<\/ul>\n","protected":false},"excerpt":{"rendered":"<ul>\n<li>V\u00e4ri: Ruskea ja hunajaruskea<\/li>\n<li>Materiaali: T\u00e4ysi m\u00e4nty<\/li>\n<li>Yleiset mitat: 67,5 x 34 x 71,5 cm (P x L x K)<\/li>\n<li>Paino: 12,5 kg<\/li>\n<li>S\u00e4ilytystila<\/li>\n<li>3 hyllyill\u00e4<\/li>\n<li>2 ovien kanssa<\/li>\n<li>Vain sis\u00e4k\u00e4ytt\u00f6\u00f6n<\/li>\n<li>Toimitus-:<\/li>\n<li>1 x Kylpyhuonekaappi<\/li>\n<li>Kokoonpano vaaditaan: Kyll\u00e4<\/li>\n<li>Alueen nimi: Vigo<\/li>\n<\/ul>\n","protected":false},"featured_media":100000185275,"comment_status":"closed","ping_status":"closed","template":"","meta":[],"product_brand":[],"product_cat":[84,8561,8562],"product_tag":[],"class_list":{"0":"post-185275","1":"product","2":"type-product","3":"status-publish","4":"has-post-thumbnail","6":"product_cat-huonekalut","7":"product_cat-kampauspoydat","8":"product_cat-kylpyhuoneen-kampauspoydat","10":"first","11":"instock","12":"taxable","13":"shipping-taxable","14":"purchasable","15":"product-type-simple"},"_links":{"self":[{"href":"https:\/\/www.otiumhome.fi\/index.php\/wp-json\/wp\/v2\/product\/185275","targetHints":{"allow":["GET"]}}],"collection":[{"href":"https:\/\/www.otiumhome.fi\/index.php\/wp-json\/wp\/v2\/product"}],"about":[{"href":"https:\/\/www.otiumhome.fi\/index.php\/wp-json\/wp\/v2\/types\/product"}],"replies":[{"embeddable":true,"href":"https:\/\/www.otiumhome.fi\/index.php\/wp-json\/wp\/v2\/comments?post=185275"}],"wp:featuredmedia":[{"embeddable":true,"href":"https:\/\/www.otiumhome.fi\/index.php\/wp-json\/"}],"wp:attachment":[{"href":"https:\/\/www.otiumhome.fi\/index.php\/wp-json\/wp\/v2\/media?parent=185275"}],"wp:term":[{"taxonomy":"product_brand","embeddable":true,"href":"https:\/\/www.otiumhome.fi\/index.php\/wp-json\/wp\/v2\/product_brand?post=185275"},{"taxonomy":"product_cat","embeddable":true,"href":"https:\/\/www.otiumhome.fi\/index.php\/wp-json\/wp\/v2\/product_cat?post=185275"},{"taxonomy":"product_tag","embeddable":true,"href":"https:\/\/www.otiumhome.fi\/index.php\/wp-json\/wp\/v2\/product_tag?post=185275"}],"curies":[{"name":"wp","href":"https:\/\/api.w.org\/{rel}","templated":true}]}}