{"id":185240,"date":"2025-11-04T03:18:29","date_gmt":"2025-11-04T03:18:29","guid":{"rendered":"https:\/\/www.otiumhome.fi\/?p=185240"},"modified":"2025-12-09T06:07:55","modified_gmt":"2025-12-09T06:07:55","slug":"konsolipoyta-hyllylla-ruskea-160-x-33-x-75-cm-tihea-akasiapuu","status":"publish","type":"product","link":"https:\/\/www.otiumhome.fi\/index.php\/tuote\/konsolipoyta-hyllylla-ruskea-160-x-33-x-75-cm-tihea-akasiapuu\/","title":{"rendered":"Konsolip\u00f6yt\u00e4 hyllyll\u00e4 Ruskea 160 x 33 x 75 cm Tihe\u00e4 akasiapuu"},"content":{"rendered":"<p>Tyylik\u00e4s konsolip\u00f6yt\u00e4 tuo modernia iloa mihin tahansa sis\u00e4tilaan. Sen minimalistinen muotoilu ja puhtaat linjat tarjoavat elegantin vaihtoehdon n\u00e4yttely- ja s\u00e4ilytystarpeisiin olohuoneessa tai k\u00e4yt\u00e4v\u00e4ss\u00e4. Kapea muoto tekee siit\u00e4 t\u00e4ydellisen sein\u00e4lle, ja se palvelee k\u00e4yt\u00e4nn\u00f6n tarkoituksia, kuten koriste-esineiden tai tavaroiden s\u00e4ilytt\u00e4mist\u00e4. P\u00f6yd\u00e4n huomaamaton, tyylik\u00e4s olemus sopii moneen eri sisustustyyliin.<\/p>\n<ul>\n<li><b>Moderni tyyli:<\/b> T\u00e4m\u00e4 konsolip\u00f6yt\u00e4 yhdist\u00e4\u00e4 minimalistisen muotoilun toiminnallisuuteen, joka tuo esiin modernin estetiikan. Siin\u00e4 on yksinkertaisia muotoja ja puhtaita linjoja, jotka sulautuvat helposti nykyaikaisiin koteihin.<\/li>\n<li><b>Kest\u00e4v\u00e4 ter\u00e4srakenne:<\/b> Vankka ter\u00e4s takaamassa p\u00f6yd\u00e4n vakauden ja pitk\u00e4n k\u00e4ytt\u00f6i\u00e4n. T\u00e4m\u00e4 rakenne kest\u00e4\u00e4 aktiivista k\u00e4ytt\u00f6\u00e4 samalla kun se pit\u00e4\u00e4 hoikan siluettinsa.<\/li>\n<li><b>K\u00e4yt\u00e4nn\u00f6llinen s\u00e4ilytystila:<\/b> Laaja tila p\u00f6yt\u00e4levyn alla mahdollistaa esineiden s\u00e4ilytt\u00e4misen ja n\u00e4ytt\u00e4misen. Se sopii hienosti koriste-esineille, kirjoille tai p\u00e4ivitt\u00e4isille tarvikkeille, eik\u00e4 kauneudesta tingit\u00e4.<\/li>\n<li><b>Sis\u00e4k\u00e4ytt\u00f6\u00f6n:<\/b> Suunniteltu vain sis\u00e4k\u00e4ytt\u00f6\u00f6n, t\u00e4m\u00e4 p\u00f6yt\u00e4 toimii erinomaisesti olohuoneissa ja k\u00e4yt\u00e4vill\u00e4, tarjoten monipuolisia mahdollisuuksia eri perheiden tarpeisiin.<\/li>\n<li><b>Helppo kokoaminen:<\/b> Kaksi henkil\u00f6\u00e4 ja ruuvimeisseli riitt\u00e4v\u00e4t, joten saat p\u00f6yd\u00e4n nopeasti k\u00e4ytt\u00f6\u00f6n. Kaikki tarvittavat osat ja selke\u00e4t ohjeet l\u00f6ytyv\u00e4t paketista.<\/li>\n<\/ul>\n<ul>\n<li>V\u00e4ri: Ruskea<\/li>\n<li>Materiaali: Tihe\u00e4 akasiapuu<\/li>\n<li>Yleiset mitat: 160 x 33 x 75 cm (P x L x K)<\/li>\n<li>Paino: 22,36 kg<\/li>\n<li>Kest\u00e4v\u00e4<\/li>\n<li>S\u00e4ilytystila<\/li>\n<li>5 hyllyill\u00e4<\/li>\n<li>Kehysmateriaali: Ter\u00e4s<\/li>\n<li>Enimm\u00e4ispaino: 75 kg<\/li>\n<li>Vain sis\u00e4k\u00e4ytt\u00f6\u00f6n<\/li>\n<li>Toimitus-:<\/li>\n<li>1 x Console-P\u00f6yt\u00e4<\/li>\n<li>Kokoonpano vaaditaan: Kyll\u00e4<\/li>\n<\/ul>\n","protected":false},"excerpt":{"rendered":"<ul>\n<li>V\u00e4ri: Ruskea<\/li>\n<li>Materiaali: Tihe\u00e4 akasiapuu<\/li>\n<li>Yleiset mitat: 160 x 33 x 75 cm (P x L x K)<\/li>\n<li>Paino: 22,36 kg<\/li>\n<li>Kest\u00e4v\u00e4<\/li>\n<li>S\u00e4ilytystila<\/li>\n<li>5 hyllyill\u00e4<\/li>\n<li>Kehysmateriaali: Ter\u00e4s<\/li>\n<li>Enimm\u00e4ispaino: 75 kg<\/li>\n<li>Vain sis\u00e4k\u00e4ytt\u00f6\u00f6n<\/li>\n<li>Toimitus-:<\/li>\n<li>1 x Console-P\u00f6yt\u00e4<\/li>\n<li>Kokoonpano vaaditaan: Kyll\u00e4<\/li>\n<\/ul>\n","protected":false},"featured_media":100000185240,"comment_status":"closed","ping_status":"closed","template":"","meta":[],"product_brand":[],"product_cat":[84,8559,8533],"product_tag":[],"class_list":{"0":"post-185240","1":"product","2":"type-product","3":"status-publish","4":"has-post-thumbnail","6":"product_cat-huonekalut","7":"product_cat-konsolipoydat","8":"product_cat-sivupoydat","10":"first","11":"instock","12":"taxable","13":"shipping-taxable","14":"purchasable","15":"product-type-simple"},"_links":{"self":[{"href":"https:\/\/www.otiumhome.fi\/index.php\/wp-json\/wp\/v2\/product\/185240","targetHints":{"allow":["GET"]}}],"collection":[{"href":"https:\/\/www.otiumhome.fi\/index.php\/wp-json\/wp\/v2\/product"}],"about":[{"href":"https:\/\/www.otiumhome.fi\/index.php\/wp-json\/wp\/v2\/types\/product"}],"replies":[{"embeddable":true,"href":"https:\/\/www.otiumhome.fi\/index.php\/wp-json\/wp\/v2\/comments?post=185240"}],"wp:featuredmedia":[{"embeddable":true,"href":"https:\/\/www.otiumhome.fi\/index.php\/wp-json\/"}],"wp:attachment":[{"href":"https:\/\/www.otiumhome.fi\/index.php\/wp-json\/wp\/v2\/media?parent=185240"}],"wp:term":[{"taxonomy":"product_brand","embeddable":true,"href":"https:\/\/www.otiumhome.fi\/index.php\/wp-json\/wp\/v2\/product_brand?post=185240"},{"taxonomy":"product_cat","embeddable":true,"href":"https:\/\/www.otiumhome.fi\/index.php\/wp-json\/wp\/v2\/product_cat?post=185240"},{"taxonomy":"product_tag","embeddable":true,"href":"https:\/\/www.otiumhome.fi\/index.php\/wp-json\/wp\/v2\/product_tag?post=185240"}],"curies":[{"name":"wp","href":"https:\/\/api.w.org\/{rel}","templated":true}]}}