{"id":185199,"date":"2025-11-04T02:01:47","date_gmt":"2025-11-04T02:01:47","guid":{"rendered":"https:\/\/www.otiumhome.fi\/?p=185199"},"modified":"2025-12-14T05:45:47","modified_gmt":"2025-12-14T05:45:47","slug":"sohvapoyta-ruskea-110-x-55-x-77-cm-kiintea-mango-puu","status":"publish","type":"product","link":"https:\/\/www.otiumhome.fi\/index.php\/tuote\/sohvapoyta-ruskea-110-x-55-x-77-cm-kiintea-mango-puu\/","title":{"rendered":"Sohvap\u00f6yt\u00e4 Ruskea 110 x 55 x 77 cm Kiinte\u00e4 mango puu"},"content":{"rendered":"<p>T\u00e4m\u00e4 upea kahvip\u00f6yt\u00e4 tuo tyyli\u00e4 ja k\u00e4yt\u00e4nn\u00f6llisyytt\u00e4 mihin tahansa olohuoneeseen. T\u00e4ysikokoinen mangopuu varmistaa, ett\u00e4 t\u00e4m\u00e4 huonekalu on sek\u00e4 vankka ett\u00e4 kest\u00e4v\u00e4, ja sen hienostunut ruskea v\u00e4ri luo l\u00e4mpim\u00e4n tunnelman. Suorakaiteen muoto yhdist\u00e4\u00e4 kauniisti muodot ja v\u00e4rit \u2013 t\u00e4ydellinen lis\u00e4 siihen, milt\u00e4 haluat kodin n\u00e4ytt\u00e4v\u00e4n.<\/p>\n<ul>\n<li><b>Kest\u00e4v\u00e4 rakenne<\/b> T\u00e4m\u00e4 kahvip\u00f6yt\u00e4 on valmistettu t\u00e4ysist\u00e4 mangopuupaloista, joten se kest\u00e4\u00e4 jokap\u00e4iv\u00e4ist\u00e4 kulutusta. Suunniteltu sis\u00e4tiloihin, se tuo luotettavuutta mihin tahansa olohuoneeseen ja tuo iloa vuosikausiksi.<\/li>\n<li><b>K\u00e4yt\u00e4nn\u00f6llinen p\u00f6yt\u00e4levy<\/b> Suorakaiteen muotoinen pinta tarjoaa reilusti tilaa juomille ja koriste-esineille. T\u00e4ydellinen valinta, jos tykk\u00e4\u00e4t viihdytt\u00e4\u00e4 vieraita tai tarvitset vain helposti saatavilla olevaa tilaa.<\/li>\n<li><b>Nykyaikainen tyyli<\/b> T\u00e4m\u00e4 p\u00f6yt\u00e4 edustaa nykyaikaista muotoilua, ja sen sleekit muodot erottuvat raikkaalla estetiikallaan. Ruskea v\u00e4ri tuo kodikkuutta ja se sopii monenlaisiin sisustustyyleihin.<\/li>\n<li><b>Kokoaminen vaaditaan<\/b> Kokoaminen vaatii kaksi tyyppi\u00e4 ruuvimeisselin avustuksella, mik\u00e4 tukee p\u00f6yd\u00e4n vankkaa rakennetta. Seuraa ohjeita, niin saat uuden huonekalusi nopeasti ja vaivattomasti kasattua.<\/li>\n<li><b>Monipuolinen k\u00e4ytt\u00f6<\/b> T\u00e4m\u00e4 p\u00f6yt\u00e4 ei rajoitu vain olohuoneeseen, vaan se siirtyy saumattomasti muihin tiloihin, kuten lukualueille tai tyylikk\u00e4isiin odotushuoneisiin. Sen monik\u00e4ytt\u00f6isyys tekee siit\u00e4 k\u00e4tev\u00e4n kalusteen moneen ymp\u00e4rist\u00f6\u00f6n.<\/li>\n<li><b>Hoito-ohjeet<\/b> Pid\u00e4 p\u00f6yt\u00e4 puhtaana pyyhkim\u00e4ll\u00e4 kuivalla liinalla; v\u00e4lt\u00e4 kovia kemikaaleja. N\u00e4in se s\u00e4ilytt\u00e4\u00e4 tyylikk\u00e4\u00e4n ulkon\u00e4\u00f6n pitk\u00e4\u00e4n.<\/li>\n<\/ul>\n<ul>\n<li>V\u00e4ri: Ruskea<\/li>\n<li>Materiaali: Kiinte\u00e4 mango puu<\/li>\n<li>Yleiset mitat: 110 x 55 x 77 cm (P x L x K)<\/li>\n<li>Paino: 11,78 kg<\/li>\n<li>Kest\u00e4v\u00e4<\/li>\n<li>Enimm\u00e4ispaino: 75 kg<\/li>\n<li>Vain sis\u00e4k\u00e4ytt\u00f6\u00f6n<\/li>\n<li>Toimitus-:<\/li>\n<li>1 x kahvip\u00f6yt\u00e4<\/li>\n<li>Kokoonpano vaaditaan: Kyll\u00e4<\/li>\n<\/ul>\n","protected":false},"excerpt":{"rendered":"<ul>\n<li>V\u00e4ri: Ruskea<\/li>\n<li>Materiaali: Kiinte\u00e4 mango puu<\/li>\n<li>Yleiset mitat: 110 x 55 x 77 cm (P x L x K)<\/li>\n<li>Paino: 11,78 kg<\/li>\n<li>Kest\u00e4v\u00e4<\/li>\n<li>Enimm\u00e4ispaino: 75 kg<\/li>\n<li>Vain sis\u00e4k\u00e4ytt\u00f6\u00f6n<\/li>\n<li>Toimitus-:<\/li>\n<li>1 x kahvip\u00f6yt\u00e4<\/li>\n<li>Kokoonpano vaaditaan: Kyll\u00e4<\/li>\n<\/ul>\n","protected":false},"featured_media":100000185199,"comment_status":"closed","ping_status":"closed","template":"","meta":[],"product_brand":[],"product_cat":[84,8543],"product_tag":[],"class_list":{"0":"post-185199","1":"product","2":"type-product","3":"status-publish","4":"has-post-thumbnail","6":"product_cat-huonekalut","7":"product_cat-keittion-ruokapoydat","9":"first","10":"instock","11":"taxable","12":"shipping-taxable","13":"purchasable","14":"product-type-simple"},"_links":{"self":[{"href":"https:\/\/www.otiumhome.fi\/index.php\/wp-json\/wp\/v2\/product\/185199","targetHints":{"allow":["GET"]}}],"collection":[{"href":"https:\/\/www.otiumhome.fi\/index.php\/wp-json\/wp\/v2\/product"}],"about":[{"href":"https:\/\/www.otiumhome.fi\/index.php\/wp-json\/wp\/v2\/types\/product"}],"replies":[{"embeddable":true,"href":"https:\/\/www.otiumhome.fi\/index.php\/wp-json\/wp\/v2\/comments?post=185199"}],"wp:featuredmedia":[{"embeddable":true,"href":"https:\/\/www.otiumhome.fi\/index.php\/wp-json\/"}],"wp:attachment":[{"href":"https:\/\/www.otiumhome.fi\/index.php\/wp-json\/wp\/v2\/media?parent=185199"}],"wp:term":[{"taxonomy":"product_brand","embeddable":true,"href":"https:\/\/www.otiumhome.fi\/index.php\/wp-json\/wp\/v2\/product_brand?post=185199"},{"taxonomy":"product_cat","embeddable":true,"href":"https:\/\/www.otiumhome.fi\/index.php\/wp-json\/wp\/v2\/product_cat?post=185199"},{"taxonomy":"product_tag","embeddable":true,"href":"https:\/\/www.otiumhome.fi\/index.php\/wp-json\/wp\/v2\/product_tag?post=185199"}],"curies":[{"name":"wp","href":"https:\/\/api.w.org\/{rel}","templated":true}]}}