{"id":185155,"date":"2025-10-30T21:15:39","date_gmt":"2025-10-30T21:15:39","guid":{"rendered":"https:\/\/www.otiumhome.fi\/?p=185155"},"modified":"2025-10-31T19:25:50","modified_gmt":"2025-10-31T19:25:50","slug":"tv-taso-90x35x35-cm-taysi-manty","status":"publish","type":"product","link":"https:\/\/www.otiumhome.fi\/index.php\/tuote\/tv-taso-90x35x35-cm-taysi-manty\/","title":{"rendered":"TV-taso 90x35x35 cm t\u00e4ysi m\u00e4nty"},"content":{"rendered":"<p>Puinen, puhdaslinjainen ja yksinkertainen TV-taso lis\u00e4\u00e4 hieman eleganssia huoneeseesi.<\/p>\n<\/p>\n<ul>\n<li>Ensiluokkainen materiaali: T\u00e4ysi m\u00e4nty on kaunis luonnollinen materiaali. K\u00e4sittele pinta \u00f6ljyll\u00e4, vahalla, lakalla tai lasitteella vahvemman pinnan ja helpon puhdistuksen aikaansaamiseksi. M\u00e4ntypuulla on suorat puunsyyt, sen oksanpaikat antavat materiaalille sen ominaisen, rustiikkisen ilmeen<\/li>\n<li>Tukeva ja vakaa runko: Kaapin puurunko takaa tukevuuden ja vakauden.<\/li>\n<li>Runsaasti s\u00e4ilytystilaa: TV-yksik\u00f6ss\u00e4 on suuri lokero. S\u00e4ilytystila helpottaa tavaroiden j\u00e4rjestyksess\u00e4 pit\u00e4mist\u00e4.<\/li>\n<li>Esittelytoiminto: Tukeva p\u00f6yt\u00e4levy sopii erinomaisesti koriste-esineiden, valokuvakehysten tai ruukkukasvien esille laittoon.<\/li>\n<\/ul>\n<ul>\n<li>Materiaali: t\u00e4ysi m\u00e4nty (k\u00e4sittelem\u00e4t\u00f6n)<\/li>\n<li>Mitat: 90 x 35 x 35 cm (L x S x K)<\/li>\n<li>Edustaa kelluvaa tyyli\u00e4<\/li>\n<li>Asennus vaaditaan: kyll\u00e4<\/li>\n<\/ul>\n","protected":false},"excerpt":{"rendered":"<ul>\n<li>Materiaali: t\u00e4ysi m\u00e4nty (k\u00e4sittelem\u00e4t\u00f6n)<\/li>\n<li>Mitat: 90 x 35 x 35 cm (L x S x K)<\/li>\n<li>Edustaa kelluvaa tyyli\u00e4<\/li>\n<li>Asennus vaaditaan: kyll\u00e4<\/li>\n<\/ul>\n","protected":false},"featured_media":100000185155,"comment_status":"closed","ping_status":"closed","template":"","meta":[],"product_brand":[],"product_cat":[84],"product_tag":[],"class_list":{"0":"post-185155","1":"product","2":"type-product","3":"status-publish","4":"has-post-thumbnail","6":"product_cat-huonekalut","8":"first","9":"instock","10":"taxable","11":"shipping-taxable","12":"purchasable","13":"product-type-simple"},"_links":{"self":[{"href":"https:\/\/www.otiumhome.fi\/index.php\/wp-json\/wp\/v2\/product\/185155","targetHints":{"allow":["GET"]}}],"collection":[{"href":"https:\/\/www.otiumhome.fi\/index.php\/wp-json\/wp\/v2\/product"}],"about":[{"href":"https:\/\/www.otiumhome.fi\/index.php\/wp-json\/wp\/v2\/types\/product"}],"replies":[{"embeddable":true,"href":"https:\/\/www.otiumhome.fi\/index.php\/wp-json\/wp\/v2\/comments?post=185155"}],"wp:featuredmedia":[{"embeddable":true,"href":"https:\/\/www.otiumhome.fi\/index.php\/wp-json\/"}],"wp:attachment":[{"href":"https:\/\/www.otiumhome.fi\/index.php\/wp-json\/wp\/v2\/media?parent=185155"}],"wp:term":[{"taxonomy":"product_brand","embeddable":true,"href":"https:\/\/www.otiumhome.fi\/index.php\/wp-json\/wp\/v2\/product_brand?post=185155"},{"taxonomy":"product_cat","embeddable":true,"href":"https:\/\/www.otiumhome.fi\/index.php\/wp-json\/wp\/v2\/product_cat?post=185155"},{"taxonomy":"product_tag","embeddable":true,"href":"https:\/\/www.otiumhome.fi\/index.php\/wp-json\/wp\/v2\/product_tag?post=185155"}],"curies":[{"name":"wp","href":"https:\/\/api.w.org\/{rel}","templated":true}]}}