{"id":184934,"date":"2025-10-30T13:29:30","date_gmt":"2025-10-30T13:29:30","guid":{"rendered":"https:\/\/www.otiumhome.fi\/?p=184934"},"modified":"2025-10-31T10:51:03","modified_gmt":"2025-10-31T10:51:03","slug":"jousirunkopatja-musta-180x200-cm-super-king-sametti","status":"publish","type":"product","link":"https:\/\/www.otiumhome.fi\/index.php\/tuote\/jousirunkopatja-musta-180x200-cm-super-king-sametti\/","title":{"rendered":"Jousirunkopatja musta 180&#215;200 cm Super King sametti"},"content":{"rendered":"<p>Saat paremmat rauhalliset y\u00f6unet t\u00e4m\u00e4n jousirunkos\u00e4ngyn ansiosta! Se on tervetullut lis\u00e4 mihin tahansa makuuhuoneeseen.<\/p>\n<\/p>\n<ul>\n<li>Pehme\u00e4 sametti: Sametti on pehme\u00e4, ylellinen kangas, joka tunnetaan tihe\u00e4st\u00e4, sile\u00e4st\u00e4 nukasta ja tasaisesti leikatuista kuiduista. Samettikankaassa on erottuvan pehme\u00e4 tuntuma, joka tekee siit\u00e4 miellytt\u00e4v\u00e4n tuntuisen.<\/li>\n<li>Tukevat jalat: S\u00e4nky\u00e4 tukena toimivat tukevat jalat, jotka takaavat sen vakauden, turvallisuuden ja jykevyyden.<\/li>\n<li>Vaneris\u00e4leet: Vaneris\u00e4leet tarjoavat hyv\u00e4n painon jakautumisen, taaten patjan pysymisen paikallaan jokaisen k\u00e4\u00e4nn\u00f6ksen ja liikahduksen my\u00f6t\u00e4, joita unissasi teet.<\/li>\n<\/ul>\n<p>Hyv\u00e4 tiet\u00e4\u00e4:<\/p>\n<ul>\n<li>Patja ei sis\u00e4lly t\u00e4h\u00e4n s\u00e4nkyyn. Tarjoamme monipuolisen valikoiman patjoja, jotka l\u00f6yd\u00e4t tarkistamalla myym\u00e4l\u00e4mme valikoiman.<\/li>\n<\/ul>\n<ul>\n<li>V\u00e4ri: Musta<\/li>\n<li>Materiaali: Sametti (100 % polyesteri), vaneri, tekninen puu<\/li>\n<li>Kokonaismitat: 203 x 180 x 35 cm (P x L x K)<\/li>\n<li>Sopiva patjan koko: 180 x 200 cm (L x P) (6FT Super King) (patja ei mukana)<\/li>\n<\/ul>\n","protected":false},"excerpt":{"rendered":"<ul>\n<li>V\u00e4ri: Musta<\/li>\n<li>Materiaali: Sametti (100 % polyesteri), vaneri, tekninen puu<\/li>\n<li>Kokonaismitat: 203 x 180 x 35 cm (P x L x K)<\/li>\n<li>Sopiva patjan koko: 180 x 200 cm (L x P) (6FT Super King) (patja ei mukana)<\/li>\n<\/ul>\n","protected":false},"featured_media":100000184934,"comment_status":"closed","ping_status":"closed","template":"","meta":[],"product_brand":[],"product_cat":[84,8638],"product_tag":[],"class_list":{"0":"post-184934","1":"product","2":"type-product","3":"status-publish","4":"has-post-thumbnail","6":"product_cat-huonekalut","7":"product_cat-sangyt-sangynrungot","9":"first","10":"instock","11":"taxable","12":"shipping-taxable","13":"purchasable","14":"product-type-simple"},"_links":{"self":[{"href":"https:\/\/www.otiumhome.fi\/index.php\/wp-json\/wp\/v2\/product\/184934","targetHints":{"allow":["GET"]}}],"collection":[{"href":"https:\/\/www.otiumhome.fi\/index.php\/wp-json\/wp\/v2\/product"}],"about":[{"href":"https:\/\/www.otiumhome.fi\/index.php\/wp-json\/wp\/v2\/types\/product"}],"replies":[{"embeddable":true,"href":"https:\/\/www.otiumhome.fi\/index.php\/wp-json\/wp\/v2\/comments?post=184934"}],"wp:featuredmedia":[{"embeddable":true,"href":"https:\/\/www.otiumhome.fi\/index.php\/wp-json\/"}],"wp:attachment":[{"href":"https:\/\/www.otiumhome.fi\/index.php\/wp-json\/wp\/v2\/media?parent=184934"}],"wp:term":[{"taxonomy":"product_brand","embeddable":true,"href":"https:\/\/www.otiumhome.fi\/index.php\/wp-json\/wp\/v2\/product_brand?post=184934"},{"taxonomy":"product_cat","embeddable":true,"href":"https:\/\/www.otiumhome.fi\/index.php\/wp-json\/wp\/v2\/product_cat?post=184934"},{"taxonomy":"product_tag","embeddable":true,"href":"https:\/\/www.otiumhome.fi\/index.php\/wp-json\/wp\/v2\/product_tag?post=184934"}],"curies":[{"name":"wp","href":"https:\/\/api.w.org\/{rel}","templated":true}]}}