{"id":184793,"date":"2025-10-30T11:01:51","date_gmt":"2025-10-30T11:01:51","guid":{"rendered":"https:\/\/www.otiumhome.fi\/?p=184793"},"modified":"2025-12-09T09:47:15","modified_gmt":"2025-12-09T09:47:15","slug":"yopoytakaappi-artesaani-tammi-35-x-35-x-20-cm-tekninen-puu","status":"publish","type":"product","link":"https:\/\/www.otiumhome.fi\/index.php\/tuote\/yopoytakaappi-artesaani-tammi-35-x-35-x-20-cm-tekninen-puu\/","title":{"rendered":"Y\u00f6p\u00f6yt\u00e4kaappi artesaani tammi 35 x 35 x 20 cm Tekninen puu"},"content":{"rendered":"<p>T\u00e4\u00e4 sein\u00e4lle asennettava y\u00f6p\u00f6yt\u00e4kaappi on fiksu s\u00e4ilytysratkaisu, joka menee tosi hyvin moderniin el\u00e4m\u00e4\u00e4n. Se on suunniteltu s\u00e4\u00e4st\u00e4m\u00e4\u00e4n tilaa, ja sen neli\u00f6muoto ja selke\u00e4 muotoilu tekee siit\u00e4 loistavan vaihtoehdon mihin tahansa makuuhuoneeseen tai olohuoneeseen. T\u00e4\u00e4 k\u00f6yhdytt\u00e4\u00e4 sek\u00e4 k\u00e4yt\u00e4nn\u00f6llisyytt\u00e4 ett\u00e4 tyyli\u00e4. Mattapintainen viimeistely on tyylik\u00e4s ja linnat, mik\u00e4 tekee siit\u00e4 jotain enemm\u00e4n kuin pelkk\u00e4 kaappi. Sen teksturoitu pinta tuo v\u00e4ri\u00e4 huoneeseesi ja \u00e4lyk\u00e4s rakenne sulautuu t\u00e4ydellisesti mun sisustukseen. Jos rakastat minimalismia ja tehokkuutta, t\u00e4\u00e4 kaappi tarjoaa helpon p\u00e4\u00e4syn tavaroihisi ja pit\u00e4\u00e4 kaiken j\u00e4rjestyksess\u00e4 samalla, kun se tekee huoneesta mukavamman.<\/p>\n<ul>\n<li><b>Teknisen puun materiaali<\/b> Kaappi on tehty laadukkaasta teknisest\u00e4 puusta, joka antaa sille vankan rakenteen ja kest\u00e4vyyden. T\u00e4\u00e4 materiaali on valittu ekologisuuden ja kest\u00e4vyyden takia, joten saat hyv\u00e4nn\u00e4k\u00f6isen ja hyvin toimivan osan, joka kest\u00e4\u00e4 k\u00e4yt\u00f6ss\u00e4.<\/li>\n<li><b>Sein\u00e4lle asennettava<\/b> Se on suunniteltu asennettavaksi sein\u00e4lle, mik\u00e4 s\u00e4\u00e4st\u00e4\u00e4 lattiatilaa ja tuo modernin ilmeen. Asennus on nopeaa ja helppoa, joten saat parhaan hy\u00f6dyn huoneestasi.<\/li>\n<li><b>Moderni tyyli<\/b> Sen virtaviivainen mattapinta ja minimalistinen muotoilu tuo trendikk\u00e4\u00e4n s\u00e4vyn joka tilaan. T\u00e4\u00e4 kaapin yksinkertaisuus tekee siit\u00e4 monik\u00e4ytt\u00f6isen valinnan, joka k\u00e4y hyvin sek\u00e4 perinteiseen ett\u00e4 nykyaikaiseen tyyliin.<\/li>\n<li><b>Suuri s\u00e4ilytyskapasiteetti<\/b> Tarjoaa paljon tilaa tarpeille, joten t\u00e4m\u00e4 kaappi pit\u00e4\u00e4 yll\u00e4 j\u00e4rjestyksen ja siisteyden. T\u00e4ydellinen niille, jotka haluavat hy\u00f6dynt\u00e4\u00e4 tilansa parhaalla mahdollisella tavalla.<\/li>\n<li><b>Hoito-ohjeet<\/b> Jotta se pysyy hyv\u00e4ss\u00e4 kunnossa, pyyhi kuivalla liinalla ja v\u00e4lt\u00e4 voimakkaita kemikaaleja. T\u00e4\u00e4 helppo yll\u00e4pito varmistaa, ett\u00e4 kaappi pysyy hyv\u00e4ss\u00e4 kunnossa pitk\u00e4\u00e4n.<\/li>\n<\/ul>\n<ul>\n<li>V\u00e4ri: Artesaani tammi<\/li>\n<li>Materiaali: Tekninen puu<\/li>\n<li>Yleiset mitat: 35 x 35 x 20 cm (P x L x K)<\/li>\n<li>Laatikolla<\/li>\n<li>S\u00e4ilytysm\u00e4\u00e4r\u00e4: 1<\/li>\n<li>Kokoonpano vaaditaan: Kyll\u00e4<\/li>\n<li>Toimitus-:<\/li>\n<li>1 x Sein\u00e4lle kiinnitett\u00e4v\u00e4 y\u00f6p\u00f6yt\u00e4kaappi<\/li>\n<\/ul>\n","protected":false},"excerpt":{"rendered":"<ul>\n<li>V\u00e4ri: Artesaani tammi<\/li>\n<li>Materiaali: Tekninen puu<\/li>\n<li>Yleiset mitat: 35 x 35 x 20 cm (P x L x K)<\/li>\n<li>Laatikolla<\/li>\n<li>S\u00e4ilytysm\u00e4\u00e4r\u00e4: 1<\/li>\n<li>Kokoonpano vaaditaan: Kyll\u00e4<\/li>\n<li>Toimitus-:<\/li>\n<li>1 x Sein\u00e4lle kiinnitett\u00e4v\u00e4 y\u00f6p\u00f6yt\u00e4kaappi<\/li>\n<\/ul>\n","protected":false},"featured_media":100000184793,"comment_status":"closed","ping_status":"closed","template":"","meta":[],"product_brand":[],"product_cat":[84,8635],"product_tag":[],"class_list":{"0":"post-184793","1":"product","2":"type-product","3":"status-publish","4":"has-post-thumbnail","6":"product_cat-huonekalut","7":"product_cat-sailytys-lukkokaapit","9":"first","10":"instock","11":"taxable","12":"shipping-taxable","13":"purchasable","14":"product-type-simple"},"_links":{"self":[{"href":"https:\/\/www.otiumhome.fi\/index.php\/wp-json\/wp\/v2\/product\/184793","targetHints":{"allow":["GET"]}}],"collection":[{"href":"https:\/\/www.otiumhome.fi\/index.php\/wp-json\/wp\/v2\/product"}],"about":[{"href":"https:\/\/www.otiumhome.fi\/index.php\/wp-json\/wp\/v2\/types\/product"}],"replies":[{"embeddable":true,"href":"https:\/\/www.otiumhome.fi\/index.php\/wp-json\/wp\/v2\/comments?post=184793"}],"wp:featuredmedia":[{"embeddable":true,"href":"https:\/\/www.otiumhome.fi\/index.php\/wp-json\/"}],"wp:attachment":[{"href":"https:\/\/www.otiumhome.fi\/index.php\/wp-json\/wp\/v2\/media?parent=184793"}],"wp:term":[{"taxonomy":"product_brand","embeddable":true,"href":"https:\/\/www.otiumhome.fi\/index.php\/wp-json\/wp\/v2\/product_brand?post=184793"},{"taxonomy":"product_cat","embeddable":true,"href":"https:\/\/www.otiumhome.fi\/index.php\/wp-json\/wp\/v2\/product_cat?post=184793"},{"taxonomy":"product_tag","embeddable":true,"href":"https:\/\/www.otiumhome.fi\/index.php\/wp-json\/wp\/v2\/product_tag?post=184793"}],"curies":[{"name":"wp","href":"https:\/\/api.w.org\/{rel}","templated":true}]}}