{"id":184650,"date":"2025-10-30T01:57:45","date_gmt":"2025-10-30T01:57:45","guid":{"rendered":"https:\/\/www.otiumhome.fi\/?p=184650"},"modified":"2025-11-01T05:29:39","modified_gmt":"2025-11-01T05:29:39","slug":"keittiovaunu-monza-60x40x885-cm-taysi-manty","status":"publish","type":"product","link":"https:\/\/www.otiumhome.fi\/index.php\/tuote\/keittiovaunu-monza-60x40x885-cm-taysi-manty\/","title":{"rendered":"Keitti\u00f6vaunu MONZA 60x40x88,5 cm t\u00e4ysi m\u00e4nty"},"content":{"rendered":"<p>Luo erottuvaa vintage tunnelmaa ja lis\u00e4\u00e4 s\u00e4ilytystilaa keitti\u00f6\u00f6si t\u00e4ll\u00e4 puisella tarjoiluvaunulla!<\/p>\n<\/p>\n<ul>\n<li> Kest\u00e4v\u00e4 materiaali: T\u00e4ysi m\u00e4nty on kaunis luonnonmateriaali, jolla on suorat puunsyyt. Sen oksanpaikat antavat materiaalille sen ominaisen rustiikkisen ilmeen. T\u00e4ydest\u00e4 m\u00e4nnyst\u00e4 valmistettu keitti\u00f6n tarjoiluvaunu on kest\u00e4v\u00e4 ja tukeva. <\/li>\n<li> Runsaasti s\u00e4ilytystilaa: T\u00e4m\u00e4 astiak\u00e4rry on varustettu laatikolla ja kahdella avohyllyll\u00e4, jotka tarjoavat runsaasti s\u00e4ilytystilaa keitti\u00f6v\u00e4lineiden sijoittamiseen. Puinen ripustin ja sivulla olevat metallikoukut auttavat pit\u00e4m\u00e4\u00e4n tavarasi ulottuvilla. <\/li>\n<li> Helppo siirt\u00e4\u00e4: T\u00e4ss\u00e4 ruokak\u00e4rryss\u00e4 on nelj\u00e4 py\u00f6r\u00e4\u00e4, joista kaksi on lukittavissa, joten se on joustavasti siirrett\u00e4viss\u00e4 ja lukittavissa aina tarvittaessa. <\/li>\n<li> Useat k\u00e4ytt\u00f6tarkoitukset: T\u00e4m\u00e4 s\u00e4ilytysvaunu voidaan sijoittaa keitti\u00f6\u00f6n, olo-, kylpy- ja ty\u00f6huoneeseen, sek\u00e4 moneen muuhun paikkaan. Voit k\u00e4ytt\u00e4\u00e4 sit\u00e4 p\u00e4ivitt\u00e4istavaroiden, kuten mausteiden, hygieniatuotteiden, kirjojen ja muiden tavaroiden s\u00e4ilytt\u00e4miseen, jonka ansiosta kotisi pysyy siistimp\u00e4n\u00e4.<\/li>\n<\/ul>\n<ul>\n<li>V\u00e4ri: Harmaa ja hunajavaha <\/li>\n<li>Materiaali: T\u00e4ysi m\u00e4nty, tekninen puu <\/li>\n<li>Mitat: 60 x 40 x 88,5 cm (P x L x K) <\/li>\n<li>Valikoima: MONZA <\/li>\n<li>Asennus vaaditaan: Kyll\u00e4<\/li>\n<\/ul>\n","protected":false},"excerpt":{"rendered":"<ul>\n<li>V\u00e4ri: Harmaa ja hunajavaha <\/li>\n<li>Materiaali: T\u00e4ysi m\u00e4nty, tekninen puu <\/li>\n<li>Mitat: 60 x 40 x 88,5 cm (P x L x K) <\/li>\n<li>Valikoima: MONZA <\/li>\n<li>Asennus vaaditaan: Kyll\u00e4<\/li>\n<\/ul>\n","protected":false},"featured_media":100000184650,"comment_status":"closed","ping_status":"closed","template":"","meta":[],"product_brand":[],"product_cat":[84,8546],"product_tag":[],"class_list":{"0":"post-184650","1":"product","2":"type-product","3":"status-publish","4":"has-post-thumbnail","6":"product_cat-huonekalut","7":"product_cat-keittion-ruokasalin-tarjoiluvaunut","9":"first","10":"instock","11":"taxable","12":"shipping-taxable","13":"purchasable","14":"product-type-simple"},"_links":{"self":[{"href":"https:\/\/www.otiumhome.fi\/index.php\/wp-json\/wp\/v2\/product\/184650","targetHints":{"allow":["GET"]}}],"collection":[{"href":"https:\/\/www.otiumhome.fi\/index.php\/wp-json\/wp\/v2\/product"}],"about":[{"href":"https:\/\/www.otiumhome.fi\/index.php\/wp-json\/wp\/v2\/types\/product"}],"replies":[{"embeddable":true,"href":"https:\/\/www.otiumhome.fi\/index.php\/wp-json\/wp\/v2\/comments?post=184650"}],"wp:featuredmedia":[{"embeddable":true,"href":"https:\/\/www.otiumhome.fi\/index.php\/wp-json\/"}],"wp:attachment":[{"href":"https:\/\/www.otiumhome.fi\/index.php\/wp-json\/wp\/v2\/media?parent=184650"}],"wp:term":[{"taxonomy":"product_brand","embeddable":true,"href":"https:\/\/www.otiumhome.fi\/index.php\/wp-json\/wp\/v2\/product_brand?post=184650"},{"taxonomy":"product_cat","embeddable":true,"href":"https:\/\/www.otiumhome.fi\/index.php\/wp-json\/wp\/v2\/product_cat?post=184650"},{"taxonomy":"product_tag","embeddable":true,"href":"https:\/\/www.otiumhome.fi\/index.php\/wp-json\/wp\/v2\/product_tag?post=184650"}],"curies":[{"name":"wp","href":"https:\/\/api.w.org\/{rel}","templated":true}]}}