{"id":184511,"date":"2025-10-25T16:42:27","date_gmt":"2025-10-25T16:42:27","guid":{"rendered":"https:\/\/www.otiumhome.fi\/?p=184511"},"modified":"2025-10-26T16:31:13","modified_gmt":"2025-10-26T16:31:13","slug":"tv-taso-valkoinen-80x31x39-cm-taysi-manty","status":"publish","type":"product","link":"https:\/\/www.otiumhome.fi\/index.php\/tuote\/tv-taso-valkoinen-80x31x39-cm-taysi-manty\/","title":{"rendered":"TV-taso valkoinen 80x31x39 cm t\u00e4ysi m\u00e4nty"},"content":{"rendered":"<p>Tuo hieman eleganssia ja k\u00e4yt\u00e4nn\u00f6llisyytt\u00e4 sisustukseesi t\u00e4ll\u00e4 trendikk\u00e4\u00e4ll\u00e4 puisella TV-tasolla!<\/p>\n<\/p>\n<p>HiFi-kaappi on valmistettu t\u00e4ydest\u00e4 m\u00e4nnyst\u00e4, joka takaa sen tukevuuden, kest\u00e4vyyden ja pitk\u00e4n k\u00e4ytt\u00f6i\u00e4n. Lokeroillaan t\u00e4m\u00e4 kaappi tarjoaa paljon tilaa lehdille, kasveille, valokuvakehyksille ja muille. Se voi pit\u00e4\u00e4 olohuoneesi sotkuttomana sen s\u00e4ilytyshyllyn avulla. <\/p>\n<ul>\n<li>V\u00e4ri: valkoinen<\/li>\n<li>Materiaali: t\u00e4ysi m\u00e4nty<\/li>\n<li>Mitat: 80 x 31 x 39 cm (P x L x K)<\/li>\n<li>Asennus vaaditaan: kyll\u00e4<\/li>\n<\/ul>\n","protected":false},"excerpt":{"rendered":"<ul>\n<li>V\u00e4ri: valkoinen<\/li>\n<li>Materiaali: t\u00e4ysi m\u00e4nty<\/li>\n<li>Mitat: 80 x 31 x 39 cm (P x L x K)<\/li>\n<li>Asennus vaaditaan: kyll\u00e4<\/li>\n<\/ul>\n","protected":false},"featured_media":100000184511,"comment_status":"closed","ping_status":"closed","template":"","meta":[],"product_brand":[],"product_cat":[84],"product_tag":[],"class_list":{"0":"post-184511","1":"product","2":"type-product","3":"status-publish","4":"has-post-thumbnail","6":"product_cat-huonekalut","8":"first","9":"instock","10":"taxable","11":"shipping-taxable","12":"purchasable","13":"product-type-simple"},"_links":{"self":[{"href":"https:\/\/www.otiumhome.fi\/index.php\/wp-json\/wp\/v2\/product\/184511","targetHints":{"allow":["GET"]}}],"collection":[{"href":"https:\/\/www.otiumhome.fi\/index.php\/wp-json\/wp\/v2\/product"}],"about":[{"href":"https:\/\/www.otiumhome.fi\/index.php\/wp-json\/wp\/v2\/types\/product"}],"replies":[{"embeddable":true,"href":"https:\/\/www.otiumhome.fi\/index.php\/wp-json\/wp\/v2\/comments?post=184511"}],"wp:featuredmedia":[{"embeddable":true,"href":"https:\/\/www.otiumhome.fi\/index.php\/wp-json\/"}],"wp:attachment":[{"href":"https:\/\/www.otiumhome.fi\/index.php\/wp-json\/wp\/v2\/media?parent=184511"}],"wp:term":[{"taxonomy":"product_brand","embeddable":true,"href":"https:\/\/www.otiumhome.fi\/index.php\/wp-json\/wp\/v2\/product_brand?post=184511"},{"taxonomy":"product_cat","embeddable":true,"href":"https:\/\/www.otiumhome.fi\/index.php\/wp-json\/wp\/v2\/product_cat?post=184511"},{"taxonomy":"product_tag","embeddable":true,"href":"https:\/\/www.otiumhome.fi\/index.php\/wp-json\/wp\/v2\/product_tag?post=184511"}],"curies":[{"name":"wp","href":"https:\/\/api.w.org\/{rel}","templated":true}]}}