{"id":184503,"date":"2025-10-25T16:12:48","date_gmt":"2025-10-25T16:12:48","guid":{"rendered":"https:\/\/www.otiumhome.fi\/?p=184503"},"modified":"2025-10-26T15:58:49","modified_gmt":"2025-10-26T15:58:49","slug":"seinakaapit-2-kpl-sonoma-tammi-80x315x36-cm-tekninen-puu","status":"publish","type":"product","link":"https:\/\/www.otiumhome.fi\/index.php\/tuote\/seinakaapit-2-kpl-sonoma-tammi-80x315x36-cm-tekninen-puu\/","title":{"rendered":"Sein\u00e4kaapit 2 kpl Sonoma-tammi 80&#215;31,5&#215;36 cm tekninen puu"},"content":{"rendered":"<p>N\u00e4ist\u00e4 tukevista ja trendikk\u00e4ist\u00e4 mutta k\u00e4yt\u00e4nn\u00f6llisist\u00e4 TV-tasoista tulee huoneesi keskipiste.<\/p>\n<\/p>\n<ul>\n<li>Tukeva materiaali: Tekninen puu on poikkeuksellisen laadukasta ja sile\u00e4pintaista. Se on my\u00f6s luja, vakaa ja kosteudelle vastustuskykyinen. Teknisest\u00e4 puusta valmistettu TV-taso on helppo puhdistaa.<\/li>\n<li>Reilu s\u00e4ilytystila: TV-tasossa on kolme lokeroa, mik\u00e4 tekee siit\u00e4 ihanteellisen paikan aikakauslehtien, DVD-levyjen tai muiden esineiden s\u00e4ilytt\u00e4miseen.<\/li>\n<li>K\u00e4yt\u00e4nn\u00f6lliset ovet: Pid\u00e4 t\u00e4rke\u00e4t tavarasi p\u00f6lytt\u00f6min\u00e4 piilottamalla ne t\u00e4m\u00e4n mediakaapin ovien taakse.<\/li>\n<li>Esittelytoiminto: Mediayksik\u00f6n tukeva yl\u00e4taso on ihanteellinen koristeiden, kuten valokuvien ja kasvien esille laittoon.<\/li>\n<li>Kaksi kokoonpanovaihtoehtoa: HiFi-kaapin ovi voidaan asentaa vasemmalle tai oikealle puolelle, tarpeidesi mukaan.<\/li>\n<\/ul>\n<p>Huomioi:<\/p>\n<ul>\n<li>Jokaisen tuotteen mukana on laatikossa kokoonpano-ohje helppoa asennusta varten.<\/li>\n<\/ul>\n<ul>\n<li>V\u00e4ri: Sonoma-tammi<\/li>\n<li>Materiaali: tekninen puu<\/li>\n<li>Mitat (kukin): 80 x 31,5 x 36 cm (L x S x K)<\/li>\n<li><strong>Toimitus sis\u00e4lt\u00e4\u00e4:<\/strong><\/li>\n<li>2 x TV-kaappi<\/li>\n<\/ul>\n","protected":false},"excerpt":{"rendered":"<ul>\n<li>V\u00e4ri: Sonoma-tammi<\/li>\n<li>Materiaali: tekninen puu<\/li>\n<li>Mitat (kukin): 80 x 31,5 x 36 cm (L x S x K)<\/li>\n<li><strong>Toimitus sis\u00e4lt\u00e4\u00e4:<\/strong><\/li>\n<li>2 x TV-kaappi<\/li>\n<\/ul>\n","protected":false},"featured_media":100000184503,"comment_status":"closed","ping_status":"closed","template":"","meta":[],"product_brand":[],"product_cat":[84],"product_tag":[],"class_list":{"0":"post-184503","1":"product","2":"type-product","3":"status-publish","4":"has-post-thumbnail","6":"product_cat-huonekalut","8":"first","9":"instock","10":"taxable","11":"shipping-taxable","12":"purchasable","13":"product-type-simple"},"_links":{"self":[{"href":"https:\/\/www.otiumhome.fi\/index.php\/wp-json\/wp\/v2\/product\/184503","targetHints":{"allow":["GET"]}}],"collection":[{"href":"https:\/\/www.otiumhome.fi\/index.php\/wp-json\/wp\/v2\/product"}],"about":[{"href":"https:\/\/www.otiumhome.fi\/index.php\/wp-json\/wp\/v2\/types\/product"}],"replies":[{"embeddable":true,"href":"https:\/\/www.otiumhome.fi\/index.php\/wp-json\/wp\/v2\/comments?post=184503"}],"wp:featuredmedia":[{"embeddable":true,"href":"https:\/\/www.otiumhome.fi\/index.php\/wp-json\/"}],"wp:attachment":[{"href":"https:\/\/www.otiumhome.fi\/index.php\/wp-json\/wp\/v2\/media?parent=184503"}],"wp:term":[{"taxonomy":"product_brand","embeddable":true,"href":"https:\/\/www.otiumhome.fi\/index.php\/wp-json\/wp\/v2\/product_brand?post=184503"},{"taxonomy":"product_cat","embeddable":true,"href":"https:\/\/www.otiumhome.fi\/index.php\/wp-json\/wp\/v2\/product_cat?post=184503"},{"taxonomy":"product_tag","embeddable":true,"href":"https:\/\/www.otiumhome.fi\/index.php\/wp-json\/wp\/v2\/product_tag?post=184503"}],"curies":[{"name":"wp","href":"https:\/\/api.w.org\/{rel}","templated":true}]}}