{"id":184498,"date":"2025-10-25T16:12:45","date_gmt":"2025-10-25T16:12:45","guid":{"rendered":"https:\/\/www.otiumhome.fi\/?p=184498"},"modified":"2025-10-26T15:06:12","modified_gmt":"2025-10-26T15:06:12","slug":"tv-taso-savutammi-100x315x35-cm-tekninen-puu","status":"publish","type":"product","link":"https:\/\/www.otiumhome.fi\/index.php\/tuote\/tv-taso-savutammi-100x315x35-cm-tekninen-puu\/","title":{"rendered":"TV-taso savutammi 100&#215;31,5&#215;35 cm tekninen puu"},"content":{"rendered":"<p>T\u00e4st\u00e4 tukevasta ja trendikk\u00e4\u00e4st\u00e4 mutta k\u00e4yt\u00e4nn\u00f6llisest\u00e4 TV-kaapista tulee huoneesi keskipiste.<\/p>\n<\/p>\n<ul>\n<li>Tukeva materiaali: Tekninen puu on poikkeuksellisen laadukasta ja sile\u00e4pintaista. Se on my\u00f6s luja, vakaa ja kosteudelle vastustuskykyinen. Teknisest\u00e4 puusta valmistettu TV-taso on helppo puhdistaa.<\/li>\n<li>Reilu s\u00e4ilytystila: TV-tasossa on nelj\u00e4 lokeroa, mik\u00e4 tekee siit\u00e4 ihanteellisen paikan aikakauslehtien, DVD-levyjen tai muiden esineiden s\u00e4ilytt\u00e4miseen.<\/li>\n<li>K\u00e4yt\u00e4nn\u00f6lliset ovet: Pid\u00e4 t\u00e4rke\u00e4t tavarasi p\u00f6lytt\u00f6min\u00e4 piilottamalla ne t\u00e4m\u00e4n mediakaapin ovien taakse.<\/li>\n<li>Esittelytoiminto: Mediayksik\u00f6n tukeva yl\u00e4taso on ihanteellinen koristeiden, kuten valokuvien ja kasvien esille laittoon.<\/li>\n<\/ul>\n<p>Huomioi:<\/p>\n<ul>\n<li>Jokaisen tuotteen mukana on laatikossa kokoonpano-ohje helppoa asennusta varten.<\/li>\n<\/ul>\n<ul>\n<li>V\u00e4ri: savutammi<\/li>\n<li>Materiaali: tekninen puu<\/li>\n<li>Mitat: 100 x 31,5 x 35 cm (L x S x K)<\/li>\n<\/ul>\n","protected":false},"excerpt":{"rendered":"<ul>\n<li>V\u00e4ri: savutammi<\/li>\n<li>Materiaali: tekninen puu<\/li>\n<li>Mitat: 100 x 31,5 x 35 cm (L x S x K)<\/li>\n<\/ul>\n","protected":false},"featured_media":100000184498,"comment_status":"closed","ping_status":"closed","template":"","meta":[],"product_brand":[],"product_cat":[84],"product_tag":[],"class_list":{"0":"post-184498","1":"product","2":"type-product","3":"status-publish","4":"has-post-thumbnail","6":"product_cat-huonekalut","8":"first","9":"instock","10":"taxable","11":"shipping-taxable","12":"purchasable","13":"product-type-simple"},"_links":{"self":[{"href":"https:\/\/www.otiumhome.fi\/index.php\/wp-json\/wp\/v2\/product\/184498","targetHints":{"allow":["GET"]}}],"collection":[{"href":"https:\/\/www.otiumhome.fi\/index.php\/wp-json\/wp\/v2\/product"}],"about":[{"href":"https:\/\/www.otiumhome.fi\/index.php\/wp-json\/wp\/v2\/types\/product"}],"replies":[{"embeddable":true,"href":"https:\/\/www.otiumhome.fi\/index.php\/wp-json\/wp\/v2\/comments?post=184498"}],"wp:featuredmedia":[{"embeddable":true,"href":"https:\/\/www.otiumhome.fi\/index.php\/wp-json\/"}],"wp:attachment":[{"href":"https:\/\/www.otiumhome.fi\/index.php\/wp-json\/wp\/v2\/media?parent=184498"}],"wp:term":[{"taxonomy":"product_brand","embeddable":true,"href":"https:\/\/www.otiumhome.fi\/index.php\/wp-json\/wp\/v2\/product_brand?post=184498"},{"taxonomy":"product_cat","embeddable":true,"href":"https:\/\/www.otiumhome.fi\/index.php\/wp-json\/wp\/v2\/product_cat?post=184498"},{"taxonomy":"product_tag","embeddable":true,"href":"https:\/\/www.otiumhome.fi\/index.php\/wp-json\/wp\/v2\/product_tag?post=184498"}],"curies":[{"name":"wp","href":"https:\/\/api.w.org\/{rel}","templated":true}]}}