{"id":184483,"date":"2025-10-25T16:12:31","date_gmt":"2025-10-25T16:12:31","guid":{"rendered":"https:\/\/www.otiumhome.fi\/?p=184483"},"modified":"2025-12-09T15:28:26","modified_gmt":"2025-12-09T15:28:26","slug":"tv-tasosetti-seinakiinnitettava-musta-tammi-tekninen-puu","status":"publish","type":"product","link":"https:\/\/www.otiumhome.fi\/index.php\/tuote\/tv-tasosetti-seinakiinnitettava-musta-tammi-tekninen-puu\/","title":{"rendered":"TV-tasosetti Sein\u00e4kiinnitett\u00e4v\u00e4 Musta tammi. Tekninen puu"},"content":{"rendered":"<p>T\u00e4\u00e4 sein\u00e4\u00e4n asennettava TV-kaappi on tyylik\u00e4s ratkaisu olohuoneen s\u00e4ilytys- ja esittelytarpeisiin. Se yhdist\u00e4\u00e4 muodon ja toiminnan harmonisesti. Suunnittelu on sis\u00e4tiloihin, ja se n\u00e4ytt\u00e4\u00e4 modernilta puhtaine linjoineen. Sein\u00e4lle asennettuna se parantaa tilan dynamiikkaa ja pit\u00e4\u00e4 lattian siistin\u00e4. Tekniikkapuinen rakenne takaa kest\u00e4vyyden ja pitk\u00e4n k\u00e4ytt\u00f6i\u00e4n, ja se sopii erilaisille elektronisille jutuilla ja sisustustarvikkeille. Suorakaiteen muotoinen kaappi sulautuu luontevasti tiloihin, olipa se sitten sein\u00e4n vieress\u00e4 tai itsen\u00e4isen\u00e4 s\u00e4ilytyspaikkana.<\/p>\n<ul>\n<li><b>Tekninen puurakenne<\/b> Kest\u00e4v\u00e4 tekninen puu takaa pitk\u00e4ik\u00e4isyyden ja suojaa elektroniikkaa, pit\u00e4en samalla tyylin siistin\u00e4. T\u00e4m\u00e4 puu on valittu sen keston ja kulutuskest\u00e4vyyden takia, ja se lupaa tukea monta vuotta.<\/li>\n<li><b>Toiminnallinen ovimekanismi<\/b> Saranoitu ovi tekee avaamisesta ja sulkemisesta sujuvaa, suojaten tavaroita p\u00f6lylt\u00e4. T\u00e4\u00e4 mekanismi vie mukanaan minimalistista muotoilua, mik\u00e4 tuo esiin yksinkertaisen eleganssin tehokkuuden kanssa.<\/li>\n<li><b>Monipuoliset hyllyt<\/b> Levyt on suunniteltu t\u00e4ydellisesti, jotta ne tarjoavat tehokkaan s\u00e4ilytyksen mediasta, kirjoista ja koristeista, parantaen olohuoneen k\u00e4ytt\u00f6\u00e4 ja muunneltavuutta. Jokainen hylly on mitoitettu monenlaisten tarpeiden hoitamiseen, ja n\u00e4in ollen ne v\u00e4hent\u00e4\u00e4 sotkua ja maksimoi saatavuuden.<\/li>\n<li><b>Sein\u00e4asennettavaa muotoilua<\/b> T\u00e4m\u00e4 muotoilu s\u00e4\u00e4st\u00e4\u00e4 lattiatilaa ja tuo virtaviivaista tyyli\u00e4 &#8211; t\u00e4ydellinen kompakteille alueille. Yksik\u00f6n kohottaminen j\u00e4\u00e4tilan vapauttaa muille kalusteille ja helpottaa siivoamista alapuolella.<\/li>\n<li><b>V\u00e4h\u00e4inen huoltotarve<\/b> Rutiinihuoltona riitt\u00e4\u00e4 vain kuiva pyyhint\u00e4 ja s\u00e4\u00e4nn\u00f6llinen tarkastus kiinnityksen kunnon varmistamiseksi, parantaen k\u00e4ytt\u00f6ik\u00e4\u00e4 vaivattomasti. T\u00e4\u00e4 kaappi lupaa helppoa yll\u00e4pitoa, jolloin sisustuksesi pysyy tyylikk\u00e4\u00e4n\u00e4 ilman vaivann\u00e4k\u00f6\u00e4.<\/li>\n<\/ul>\n<ul>\n<li>V\u00e4ri: Musta tammi.<\/li>\n<li>Materiaali: Tekninen puu<\/li>\n<li>Yleiset mitat: 30,5 x 30 x 60 cm (P x L x K)<\/li>\n<li>Saranoitu ovi ovella<\/li>\n<li>Hyllyll\u00e4<\/li>\n<li>Kokoonpano vaaditaan: Kyll\u00e4<\/li>\n<\/ul>\n","protected":false},"excerpt":{"rendered":"<ul>\n<li>V\u00e4ri: Musta tammi.<\/li>\n<li>Materiaali: Tekninen puu<\/li>\n<li>Yleiset mitat: 30,5 x 30 x 60 cm (P x L x K)<\/li>\n<li>Saranoitu ovi ovella<\/li>\n<li>Hyllyll\u00e4<\/li>\n<li>Kokoonpano vaaditaan: Kyll\u00e4<\/li>\n<\/ul>\n","protected":false},"featured_media":100000184483,"comment_status":"closed","ping_status":"closed","template":"","meta":[],"product_brand":[],"product_cat":[84],"product_tag":[],"class_list":{"0":"post-184483","1":"product","2":"type-product","3":"status-publish","4":"has-post-thumbnail","6":"product_cat-huonekalut","8":"first","9":"instock","10":"taxable","11":"shipping-taxable","12":"purchasable","13":"product-type-simple"},"_links":{"self":[{"href":"https:\/\/www.otiumhome.fi\/index.php\/wp-json\/wp\/v2\/product\/184483","targetHints":{"allow":["GET"]}}],"collection":[{"href":"https:\/\/www.otiumhome.fi\/index.php\/wp-json\/wp\/v2\/product"}],"about":[{"href":"https:\/\/www.otiumhome.fi\/index.php\/wp-json\/wp\/v2\/types\/product"}],"replies":[{"embeddable":true,"href":"https:\/\/www.otiumhome.fi\/index.php\/wp-json\/wp\/v2\/comments?post=184483"}],"wp:featuredmedia":[{"embeddable":true,"href":"https:\/\/www.otiumhome.fi\/index.php\/wp-json\/"}],"wp:attachment":[{"href":"https:\/\/www.otiumhome.fi\/index.php\/wp-json\/wp\/v2\/media?parent=184483"}],"wp:term":[{"taxonomy":"product_brand","embeddable":true,"href":"https:\/\/www.otiumhome.fi\/index.php\/wp-json\/wp\/v2\/product_brand?post=184483"},{"taxonomy":"product_cat","embeddable":true,"href":"https:\/\/www.otiumhome.fi\/index.php\/wp-json\/wp\/v2\/product_cat?post=184483"},{"taxonomy":"product_tag","embeddable":true,"href":"https:\/\/www.otiumhome.fi\/index.php\/wp-json\/wp\/v2\/product_tag?post=184483"}],"curies":[{"name":"wp","href":"https:\/\/api.w.org\/{rel}","templated":true}]}}