{"id":184440,"date":"2025-10-25T14:41:44","date_gmt":"2025-10-25T14:41:44","guid":{"rendered":"https:\/\/www.otiumhome.fi\/?p=184440"},"modified":"2025-10-30T20:46:27","modified_gmt":"2025-10-30T20:46:27","slug":"4-osainen-tv-seinakaappisarja-led-valoilla-valkoinen","status":"publish","type":"product","link":"https:\/\/www.otiumhome.fi\/index.php\/tuote\/4-osainen-tv-seinakaappisarja-led-valoilla-valkoinen\/","title":{"rendered":"4-osainen TV-sein\u00e4kaappisarja LED-valoilla valkoinen"},"content":{"rendered":"<p>N\u00e4m\u00e4 LED-valoilla varustetut TV-sein\u00e4kaapit ovat t\u00e4ydellinen ratkaisu asuintilaasi s\u00e4ilytystilan maksimoimiseksi ja lattiatilojen siistin\u00e4 pit\u00e4miseksi.<\/p>\n<\/p>\n<ul>\n<li>Kest\u00e4v\u00e4 materiaali: Tekninen puu on poikkeuksellisen laadukasta ja sile\u00e4pintaista. Se on luja, vakaa ja kosteudelle vastustuskykyinen. Teknisest\u00e4 puusta valmistetut kelluvat TV-tasot ovat tukevia ja kest\u00e4vi\u00e4.<\/li>\n<li>Runsaasti s\u00e4ilytystilaa: TV-sein\u00e4yksik\u00f6iss\u00e4 on runsaasti tilaa, jotta voit s\u00e4ilytt\u00e4\u00e4 pienesineet DVD-levyt, kirjat ja muut koriste-esineet.<\/li>\n<li>RGB LED-valot: Sein\u00e4mediayksik\u00f6t on varustettu kirkkailla RGB LED-valoilla. Usean muokattavan valikon ansiosta voit vaivatta vaihtaa valojen v\u00e4ri\u00e4 ja s\u00e4\u00e4t\u00e4\u00e4 ne my\u00f6s muuttumaan automaattisesti.<\/li>\n<li>Sein\u00e4kiinnitystoiminto: S\u00e4ilytystilalla varustetut TV-yksik\u00f6t voidaan kiinnitt\u00e4\u00e4 sein\u00e4lle lis\u00e4s\u00e4ilytystilan luomiseksi. T\u00e4ll\u00e4 tavoin voit maksimoida lattiatilasi ja pit\u00e4\u00e4 alueen siistin\u00e4.<\/li>\n<\/ul>\n<p>  Hyv\u00e4 tiet\u00e4\u00e4:<\/p>\n<ul>\n<li>Sein\u00e4\u00e4n kiinnitett\u00e4v\u00e4t ruuvit ja tulpat eiv\u00e4t sis\u00e4lly toimitukseen. Suosittelemme etsim\u00e4\u00e4n ja k\u00e4ytt\u00e4m\u00e4\u00e4n sein\u00e4\u00e4si sopivia ruuveja ja tulppia. Jos olet ep\u00e4varma, kysy ammattilaisen neuvoa. Lue ja noudata ohjeiden jokaista vaihetta.<\/li>\n<li>Tuotteessa on USB-liitin, joka vaatii 5 V USB virtal\u00e4hteen (ei mukana).<\/li>\n<\/ul>\n<ul>\n<li>V\u00e4ri: Valkoinen<\/li>\n<li>Materiaali: Tekninen puu<\/li>\n<li>Asennus vaaditaan: Kyll\u00e4<\/li>\n<li> <\/li>\n<li><strong>Toimitus sis\u00e4lt\u00e4\u00e4:<\/strong><\/li>\n<li>2 x TV-sein\u00e4kaappi: 30,5 x 30 x 60 cm (L x S x K)<\/li>\n<li>2 x TV-sein\u00e4kaappi: 40 x 30 x 30 cm (L x S x K)<\/li>\n<\/ul>\n<p> \u00c4l\u00e4 k\u00e4yt\u00e4 t\u00e4t\u00e4 tuotetta, jos jokin komponentti on rikki, revennyt tai kateissa. T\u00e4m\u00e4n tuotteen voimanl\u00e4hde on DC 5V, mutta sertifioitua 5V USB-virtal\u00e4hdett\u00e4 ei tule mukana. Korkeampi j\u00e4nnite voi aiheuttaa ylil\u00e4mpenemisen ja t\u00e4m\u00e4 voi vahingoittaa laitetta ja lis\u00e4t\u00e4 ylikuumenemisen ja tulipalon riski\u00e4.<\/p>\n","protected":false},"excerpt":{"rendered":"<ul>\n<li>V\u00e4ri: Valkoinen<\/li>\n<li>Materiaali: Tekninen puu<\/li>\n<li>Asennus vaaditaan: Kyll\u00e4<\/li>\n<li> <\/li>\n<li><strong>Toimitus sis\u00e4lt\u00e4\u00e4:<\/strong><\/li>\n<li>2 x TV-sein\u00e4kaappi: 30,5 x 30 x 60 cm (L x S x K)<\/li>\n<li>2 x TV-sein\u00e4kaappi: 40 x 30 x 30 cm (L x S x K)<\/li>\n<\/ul>\n","protected":false},"featured_media":100000184440,"comment_status":"closed","ping_status":"closed","template":"","meta":[],"product_brand":[],"product_cat":[84],"product_tag":[],"class_list":{"0":"post-184440","1":"product","2":"type-product","3":"status-publish","4":"has-post-thumbnail","6":"product_cat-huonekalut","8":"first","9":"outofstock","10":"taxable","11":"shipping-taxable","12":"purchasable","13":"product-type-simple"},"_links":{"self":[{"href":"https:\/\/www.otiumhome.fi\/index.php\/wp-json\/wp\/v2\/product\/184440","targetHints":{"allow":["GET"]}}],"collection":[{"href":"https:\/\/www.otiumhome.fi\/index.php\/wp-json\/wp\/v2\/product"}],"about":[{"href":"https:\/\/www.otiumhome.fi\/index.php\/wp-json\/wp\/v2\/types\/product"}],"replies":[{"embeddable":true,"href":"https:\/\/www.otiumhome.fi\/index.php\/wp-json\/wp\/v2\/comments?post=184440"}],"wp:featuredmedia":[{"embeddable":true,"href":"https:\/\/www.otiumhome.fi\/index.php\/wp-json\/"}],"wp:attachment":[{"href":"https:\/\/www.otiumhome.fi\/index.php\/wp-json\/wp\/v2\/media?parent=184440"}],"wp:term":[{"taxonomy":"product_brand","embeddable":true,"href":"https:\/\/www.otiumhome.fi\/index.php\/wp-json\/wp\/v2\/product_brand?post=184440"},{"taxonomy":"product_cat","embeddable":true,"href":"https:\/\/www.otiumhome.fi\/index.php\/wp-json\/wp\/v2\/product_cat?post=184440"},{"taxonomy":"product_tag","embeddable":true,"href":"https:\/\/www.otiumhome.fi\/index.php\/wp-json\/wp\/v2\/product_tag?post=184440"}],"curies":[{"name":"wp","href":"https:\/\/api.w.org\/{rel}","templated":true}]}}