{"id":184409,"date":"2025-10-25T14:19:47","date_gmt":"2025-10-25T14:19:47","guid":{"rendered":"https:\/\/www.otiumhome.fi\/?p=184409"},"modified":"2025-10-26T15:51:10","modified_gmt":"2025-10-26T15:51:10","slug":"tv-taso-110x30x40-cm-taysi-akaasiapuu","status":"publish","type":"product","link":"https:\/\/www.otiumhome.fi\/index.php\/tuote\/tv-taso-110x30x40-cm-taysi-akaasiapuu\/","title":{"rendered":"TV-taso 110x30x40 cm t\u00e4ysi akaasiapuu"},"content":{"rendered":"<p>T\u00e4m\u00e4 tyylik\u00e4s ja ainutlaatuisesti muotoiltu puinen TV-taso on ajaton lis\u00e4 olohuoneeseen tai viihdetilaasi. Sit\u00e4 voidaan k\u00e4ytt\u00e4\u00e4 TV-tasona, hifi-kaappina tai matalana tasona.<\/p>\n<\/p>\n<ul>\n<li><strong>Ensiluokkainen materiaali:<\/strong> T\u00e4ysi akaasiapuu on kaunis luonnollinen materiaali. K\u00e4sittele pinta \u00f6ljyll\u00e4, vahalla, lakalla tai lasitteella vahvemman pinnan ja helpon puhdistuksen aikaansaamiseksi. Akaasiapuu on trooppinen lehtipuu, joka on tihe\u00e4, tukeva ja kest\u00e4v\u00e4.<\/li>\n<li><strong>Sisustusominaisuus:<\/strong> Kauniit puun pintakuviot tekev\u00e4t jokaisesta TV-tasostamme ainutlaatuisen ja hieman toisistaan eroavan.<\/li>\n<li><strong>S\u00e4ilytystoiminto:<\/strong> T\u00e4m\u00e4 TV-taso, jossa on hylly ja kolme vetolaatikkoa, tarjoaa runsaasti tilaa DVD-soittimen, pelikonsolien, suoratoistolaitteen, medialaitteiden, jne. siistiss\u00e4 j\u00e4rjestyksess\u00e4 pit\u00e4miseen.<\/li>\n<\/ul>\n<ul>\n<li>Materiaali: t\u00e4ysi akaasiapuu hunajaviimeistelyll\u00e4<\/li>\n<li>Mitat: 110 x 30 x 40 cm (L x S x K)<\/li>\n<li>1 hylly ja 3 vetolaatikkoa<\/li>\n<li>Kiillotettu, maalattu ja lakattu<\/li>\n<li>Asennus vaaditaan: kyll\u00e4<\/li>\n<\/ul>\n","protected":false},"excerpt":{"rendered":"<ul>\n<li>Materiaali: t\u00e4ysi akaasiapuu hunajaviimeistelyll\u00e4<\/li>\n<li>Mitat: 110 x 30 x 40 cm (L x S x K)<\/li>\n<li>1 hylly ja 3 vetolaatikkoa<\/li>\n<li>Kiillotettu, maalattu ja lakattu<\/li>\n<li>Asennus vaaditaan: kyll\u00e4<\/li>\n<\/ul>\n","protected":false},"featured_media":100000184409,"comment_status":"closed","ping_status":"closed","template":"","meta":[],"product_brand":[],"product_cat":[84],"product_tag":[],"class_list":{"0":"post-184409","1":"product","2":"type-product","3":"status-publish","4":"has-post-thumbnail","6":"product_cat-huonekalut","8":"first","9":"outofstock","10":"taxable","11":"shipping-taxable","12":"purchasable","13":"product-type-simple"},"_links":{"self":[{"href":"https:\/\/www.otiumhome.fi\/index.php\/wp-json\/wp\/v2\/product\/184409","targetHints":{"allow":["GET"]}}],"collection":[{"href":"https:\/\/www.otiumhome.fi\/index.php\/wp-json\/wp\/v2\/product"}],"about":[{"href":"https:\/\/www.otiumhome.fi\/index.php\/wp-json\/wp\/v2\/types\/product"}],"replies":[{"embeddable":true,"href":"https:\/\/www.otiumhome.fi\/index.php\/wp-json\/wp\/v2\/comments?post=184409"}],"wp:featuredmedia":[{"embeddable":true,"href":"https:\/\/www.otiumhome.fi\/index.php\/wp-json\/"}],"wp:attachment":[{"href":"https:\/\/www.otiumhome.fi\/index.php\/wp-json\/wp\/v2\/media?parent=184409"}],"wp:term":[{"taxonomy":"product_brand","embeddable":true,"href":"https:\/\/www.otiumhome.fi\/index.php\/wp-json\/wp\/v2\/product_brand?post=184409"},{"taxonomy":"product_cat","embeddable":true,"href":"https:\/\/www.otiumhome.fi\/index.php\/wp-json\/wp\/v2\/product_cat?post=184409"},{"taxonomy":"product_tag","embeddable":true,"href":"https:\/\/www.otiumhome.fi\/index.php\/wp-json\/wp\/v2\/product_tag?post=184409"}],"curies":[{"name":"wp","href":"https:\/\/api.w.org\/{rel}","templated":true}]}}