{"id":184406,"date":"2025-10-25T14:19:42","date_gmt":"2025-10-25T14:19:42","guid":{"rendered":"https:\/\/www.otiumhome.fi\/?p=184406"},"modified":"2025-10-26T16:35:35","modified_gmt":"2025-10-26T16:35:35","slug":"tv-taso-115x30x40-cm-taysi-mahonki","status":"publish","type":"product","link":"https:\/\/www.otiumhome.fi\/index.php\/tuote\/tv-taso-115x30x40-cm-taysi-mahonki\/","title":{"rendered":"TV-taso 115x30x40 cm t\u00e4ysi mahonki"},"content":{"rendered":"<p>Tyylik\u00e4s ja k\u00e4yt\u00e4nn\u00f6llisesti muotoiltu t\u00e4yspuinen TV-taso tulee varmasti olemaan huoneesi keskipiste.<\/p>\n<\/p>\n<p>T\u00e4m\u00e4 t\u00e4ydest\u00e4 mahongista valmistettu vintagetyylinen TV-taso on ajaton lis\u00e4 kotiisi. Mahonki on trooppinen lehtipuu, joka erottuu muista sen kauneuden, kest\u00e4vyyden ja v\u00e4rin ansiosta. Jokainen ty\u00f6vaihe on suoritettu eritt\u00e4in huolellisesti, olipa kyseess\u00e4 kiillotus, maalaus tai lakkaus. Se on varustettu kahdella vetolaatikolla ja hyllyll\u00e4, joten kaappi tarjoaa reilusti s\u00e4ilytystilaa erilaisten esineiden siistiss\u00e4 j\u00e4rjestyksess\u00e4 pit\u00e4miseen. Uniikki ristikk\u00e4inen muotoilu tuo oman lis\u00e4ns\u00e4 tukevuuteen ja kest\u00e4vyyteen.<\/p>\n<ul>\n<li>Materiaali: t\u00e4ysi mahonki luonnollisella viimeistelyll\u00e4<\/li>\n<li>Mitat: 115 x 30 x 40 cm (L x S x K)<\/li>\n<li>Asennus vaaditaan: kyll\u00e4<\/li>\n<\/ul>\n","protected":false},"excerpt":{"rendered":"<ul>\n<li>Materiaali: t\u00e4ysi mahonki luonnollisella viimeistelyll\u00e4<\/li>\n<li>Mitat: 115 x 30 x 40 cm (L x S x K)<\/li>\n<li>Asennus vaaditaan: kyll\u00e4<\/li>\n<\/ul>\n","protected":false},"featured_media":100000184406,"comment_status":"closed","ping_status":"closed","template":"","meta":[],"product_brand":[],"product_cat":[84],"product_tag":[],"class_list":{"0":"post-184406","1":"product","2":"type-product","3":"status-publish","4":"has-post-thumbnail","6":"product_cat-huonekalut","8":"first","9":"instock","10":"taxable","11":"shipping-taxable","12":"purchasable","13":"product-type-simple"},"_links":{"self":[{"href":"https:\/\/www.otiumhome.fi\/index.php\/wp-json\/wp\/v2\/product\/184406","targetHints":{"allow":["GET"]}}],"collection":[{"href":"https:\/\/www.otiumhome.fi\/index.php\/wp-json\/wp\/v2\/product"}],"about":[{"href":"https:\/\/www.otiumhome.fi\/index.php\/wp-json\/wp\/v2\/types\/product"}],"replies":[{"embeddable":true,"href":"https:\/\/www.otiumhome.fi\/index.php\/wp-json\/wp\/v2\/comments?post=184406"}],"wp:featuredmedia":[{"embeddable":true,"href":"https:\/\/www.otiumhome.fi\/index.php\/wp-json\/"}],"wp:attachment":[{"href":"https:\/\/www.otiumhome.fi\/index.php\/wp-json\/wp\/v2\/media?parent=184406"}],"wp:term":[{"taxonomy":"product_brand","embeddable":true,"href":"https:\/\/www.otiumhome.fi\/index.php\/wp-json\/wp\/v2\/product_brand?post=184406"},{"taxonomy":"product_cat","embeddable":true,"href":"https:\/\/www.otiumhome.fi\/index.php\/wp-json\/wp\/v2\/product_cat?post=184406"},{"taxonomy":"product_tag","embeddable":true,"href":"https:\/\/www.otiumhome.fi\/index.php\/wp-json\/wp\/v2\/product_tag?post=184406"}],"curies":[{"name":"wp","href":"https:\/\/api.w.org\/{rel}","templated":true}]}}