{"id":184404,"date":"2025-10-25T14:19:41","date_gmt":"2025-10-25T14:19:41","guid":{"rendered":"https:\/\/www.otiumhome.fi\/?p=184404"},"modified":"2025-10-26T16:35:21","modified_gmt":"2025-10-26T16:35:21","slug":"tv-taso-hunajanruskea-ja-harmaa-110x30x50-cm-taysi-akaasiapuu","status":"publish","type":"product","link":"https:\/\/www.otiumhome.fi\/index.php\/tuote\/tv-taso-hunajanruskea-ja-harmaa-110x30x50-cm-taysi-akaasiapuu\/","title":{"rendered":"TV-taso hunajanruskea ja harmaa 110x30x50 cm t\u00e4ysi akaasiapuu"},"content":{"rendered":"<p>T\u00e4m\u00e4 TV-taso huokuu vintagecharmia ja siit\u00e4 tulee sisustuksesi keskipiste.<\/p>\n<\/p>\n<p>Valmistettu t\u00e4ydest\u00e4 akaasiapuusta hunajanruskealla viimeistelyll\u00e4, TV-yksikk\u00f6 on eritt\u00e4in kest\u00e4v\u00e4. T\u00e4ss\u00e4 TV-tasossa on kaksi ovellista kaappia ja kaksi lokeroa, jotka tarjoavat runsaasti s\u00e4ilytystilaa multimedialaitteillesi, kirjoillesi ja monille muille tavaroillesi. Lis\u00e4ksi takapaneelissa on kaksi reik\u00e4\u00e4 media- ja s\u00e4hk\u00f6laitteiden johtojen j\u00e4rjest\u00e4miseksi. Se on my\u00f6s helppo puhdistaa kostealla liinalla.<\/p>\n<\/p>\n<p>T\u00e4rke\u00e4 huomio: V\u00e4rit ja puunsyyt vaihtelevat kappaleittain, mik\u00e4 tekee jokaisesta huonekalusta ainutlaatuisen. Toimitus on sattumanvarainen, t\u00e4m\u00e4 takaa tuotteesi ainutlaatuisuuden.<\/p>\n<ul>\n<li>V\u00e4ri: hunajanruskea ja harmaa<\/li>\n<li>Materiaali: T\u00e4ysi akaasiapuu hunajanruskealla viimeistelyll\u00e4, jauhemaalattu rauta<\/li>\n<li>Mitat: 110 x 30 x 50 cm (L x S x K)<\/li>\n<li>Rei\u00e4t takapaneelissa<\/li>\n<li>Asennus vaaditaan: kyll\u00e4<\/li>\n<\/ul>\n","protected":false},"excerpt":{"rendered":"<ul>\n<li>V\u00e4ri: hunajanruskea ja harmaa<\/li>\n<li>Materiaali: T\u00e4ysi akaasiapuu hunajanruskealla viimeistelyll\u00e4, jauhemaalattu rauta<\/li>\n<li>Mitat: 110 x 30 x 50 cm (L x S x K)<\/li>\n<li>Rei\u00e4t takapaneelissa<\/li>\n<li>Asennus vaaditaan: kyll\u00e4<\/li>\n<\/ul>\n","protected":false},"featured_media":100000184404,"comment_status":"closed","ping_status":"closed","template":"","meta":[],"product_brand":[],"product_cat":[84],"product_tag":[],"class_list":{"0":"post-184404","1":"product","2":"type-product","3":"status-publish","4":"has-post-thumbnail","6":"product_cat-huonekalut","8":"first","9":"instock","10":"taxable","11":"shipping-taxable","12":"purchasable","13":"product-type-simple"},"_links":{"self":[{"href":"https:\/\/www.otiumhome.fi\/index.php\/wp-json\/wp\/v2\/product\/184404","targetHints":{"allow":["GET"]}}],"collection":[{"href":"https:\/\/www.otiumhome.fi\/index.php\/wp-json\/wp\/v2\/product"}],"about":[{"href":"https:\/\/www.otiumhome.fi\/index.php\/wp-json\/wp\/v2\/types\/product"}],"replies":[{"embeddable":true,"href":"https:\/\/www.otiumhome.fi\/index.php\/wp-json\/wp\/v2\/comments?post=184404"}],"wp:featuredmedia":[{"embeddable":true,"href":"https:\/\/www.otiumhome.fi\/index.php\/wp-json\/"}],"wp:attachment":[{"href":"https:\/\/www.otiumhome.fi\/index.php\/wp-json\/wp\/v2\/media?parent=184404"}],"wp:term":[{"taxonomy":"product_brand","embeddable":true,"href":"https:\/\/www.otiumhome.fi\/index.php\/wp-json\/wp\/v2\/product_brand?post=184404"},{"taxonomy":"product_cat","embeddable":true,"href":"https:\/\/www.otiumhome.fi\/index.php\/wp-json\/wp\/v2\/product_cat?post=184404"},{"taxonomy":"product_tag","embeddable":true,"href":"https:\/\/www.otiumhome.fi\/index.php\/wp-json\/wp\/v2\/product_tag?post=184404"}],"curies":[{"name":"wp","href":"https:\/\/api.w.org\/{rel}","templated":true}]}}