{"id":184402,"date":"2025-10-25T14:19:40","date_gmt":"2025-10-25T14:19:40","guid":{"rendered":"https:\/\/www.otiumhome.fi\/?p=184402"},"modified":"2025-10-26T16:33:43","modified_gmt":"2025-10-26T16:33:43","slug":"tv-taso-110x30x40-cm-taysi-mangopuu","status":"publish","type":"product","link":"https:\/\/www.otiumhome.fi\/index.php\/tuote\/tv-taso-110x30x40-cm-taysi-mangopuu\/","title":{"rendered":"TV-taso 110x30x40 cm t\u00e4ysi mangopuu"},"content":{"rendered":"<p>T\u00e4m\u00e4 eritt\u00e4in k\u00e4yt\u00e4nn\u00f6llinen puinen TV-taso on tyylik\u00e4s ja upea lis\u00e4 olohuoneeseen tai makuuhuoneeseen.<\/p>\n<\/p>\n<p>T\u00e4ydest\u00e4 mangopuusta valmistettu TV-yksikk\u00f6 on eritt\u00e4in kest\u00e4v\u00e4 ja helppo puhdistaa. Kulumisen merkit ja n\u00e4kyv\u00e4t puunsyyt antavat jokaiselle kappaleelle oman historiansa ja ainutlaatuisen ulkon\u00e4\u00f6n. Valmistusprosessin jokainen vaihe on suoritettu eritt\u00e4in huolella, olipa kyseess\u00e4 sitten osien yhdist\u00e4minen, kiillotus, maalaus tai vahaus. Se on varustettu kolmella vetolaatikolla ja yhdell\u00e4 hyllyll\u00e4, jotka tarjoavat paljon tilaa henkil\u00f6kohtaisille tavaroillesi.<\/p>\n<\/p>\n<p>T\u00e4rke\u00e4 huomio: V\u00e4rit vaihtelevat kappaleittain, tehden jokaisesta kappaleesta ainutlaatuisen. Toimitus on sattumanvarainen.<\/p>\n<ul>\n<li>Materiaali: luonnollisesti viimeistelty mangopuu<\/li>\n<li>Mitat: 110 x 30 x 40 cm (L x S x K)<\/li>\n<li>Hiottu, maalattu ja lakattu<\/li>\n<li>Asennus vaaditaan: kyll\u00e4<\/li>\n<\/ul>\n","protected":false},"excerpt":{"rendered":"<ul>\n<li>Materiaali: luonnollisesti viimeistelty mangopuu<\/li>\n<li>Mitat: 110 x 30 x 40 cm (L x S x K)<\/li>\n<li>Hiottu, maalattu ja lakattu<\/li>\n<li>Asennus vaaditaan: kyll\u00e4<\/li>\n<\/ul>\n","protected":false},"featured_media":100000184402,"comment_status":"closed","ping_status":"closed","template":"","meta":[],"product_brand":[],"product_cat":[84],"product_tag":[],"class_list":{"0":"post-184402","1":"product","2":"type-product","3":"status-publish","4":"has-post-thumbnail","6":"product_cat-huonekalut","8":"first","9":"instock","10":"taxable","11":"shipping-taxable","12":"purchasable","13":"product-type-simple"},"_links":{"self":[{"href":"https:\/\/www.otiumhome.fi\/index.php\/wp-json\/wp\/v2\/product\/184402","targetHints":{"allow":["GET"]}}],"collection":[{"href":"https:\/\/www.otiumhome.fi\/index.php\/wp-json\/wp\/v2\/product"}],"about":[{"href":"https:\/\/www.otiumhome.fi\/index.php\/wp-json\/wp\/v2\/types\/product"}],"replies":[{"embeddable":true,"href":"https:\/\/www.otiumhome.fi\/index.php\/wp-json\/wp\/v2\/comments?post=184402"}],"wp:featuredmedia":[{"embeddable":true,"href":"https:\/\/www.otiumhome.fi\/index.php\/wp-json\/"}],"wp:attachment":[{"href":"https:\/\/www.otiumhome.fi\/index.php\/wp-json\/wp\/v2\/media?parent=184402"}],"wp:term":[{"taxonomy":"product_brand","embeddable":true,"href":"https:\/\/www.otiumhome.fi\/index.php\/wp-json\/wp\/v2\/product_brand?post=184402"},{"taxonomy":"product_cat","embeddable":true,"href":"https:\/\/www.otiumhome.fi\/index.php\/wp-json\/wp\/v2\/product_cat?post=184402"},{"taxonomy":"product_tag","embeddable":true,"href":"https:\/\/www.otiumhome.fi\/index.php\/wp-json\/wp\/v2\/product_tag?post=184402"}],"curies":[{"name":"wp","href":"https:\/\/api.w.org\/{rel}","templated":true}]}}