{"id":184401,"date":"2025-10-25T14:19:39","date_gmt":"2025-10-25T14:19:39","guid":{"rendered":"https:\/\/www.otiumhome.fi\/?p=184401"},"modified":"2025-10-26T16:33:35","modified_gmt":"2025-10-26T16:33:35","slug":"tv-taso-monivarinen-110x30x40-cm-taysi-kierratyspuu","status":"publish","type":"product","link":"https:\/\/www.otiumhome.fi\/index.php\/tuote\/tv-taso-monivarinen-110x30x40-cm-taysi-kierratyspuu\/","title":{"rendered":"TV-taso moniv\u00e4rinen 110x30x40 cm t\u00e4ysi kierr\u00e4tyspuu"},"content":{"rendered":"<p>T\u00e4m\u00e4 eritt\u00e4in k\u00e4yt\u00e4nn\u00f6llinen TV-taso on tyylik\u00e4s ja upea lis\u00e4 olohuoneeseen tai makuuhuoneeseen. <\/p>\n<\/p>\n<p>TV-taso on valmistettu kierr\u00e4tetyst\u00e4 t\u00e4yspuusta. Se sis\u00e4lt\u00e4\u00e4 sekoituksen eri puulajeja, kuten tiikki\u00e4, mangopuuta, m\u00e4nty\u00e4, py\u00f6kki\u00e4, jne. N\u00e4m\u00e4 puut on ker\u00e4tty vanhoista rakennuksista, tehtaista, vajoista ja veneist\u00e4. T\u00e4m\u00e4 tapa on erinomainen ymp\u00e4rist\u00f6yst\u00e4v\u00e4llinen vaihtoehto huonekalujen valmistamiseen. Jokainen kappale on k\u00e4sintehty ja v\u00e4rit vaihtelevat sinisen, vihre\u00e4n, kerman ja joskus oranssin, punaisen ja pinkin v\u00e4lill\u00e4. Jokainen tuote on siis ainutlaatuinen! Se on lis\u00e4ksi varustettu kolmella vetolaatikolla ja yhdell\u00e4 hyllyll\u00e4, jotka tarjoavat paljon s\u00e4ilytystilaa henkil\u00f6kohtaisille tavaroillesi.<\/p>\n<\/p>\n<p>T\u00e4rke\u00e4 huomio: V\u00e4rit vaihtelevat kappaleittain, tehden jokaisesta kappaleesta ainutlaatuisen. Toimitus on sattumanvarainen.<\/p>\n<ul>\n<li>V\u00e4ri: moniv\u00e4rinen<\/li>\n<li>Materiaali: t\u00e4ysi kierr\u00e4tetty puu eri v\u00e4rej\u00e4 sis\u00e4lt\u00e4v\u00e4ll\u00e4 viimeistelyll\u00e4<\/li>\n<li>Mitat: 110 x 30 x 40 cm (L x S x K)<\/li>\n<li>Hiottu, maalattu ja lakattu<\/li>\n<li>Asennus vaaditaan: kyll\u00e4<\/li>\n<\/ul>\n","protected":false},"excerpt":{"rendered":"<ul>\n<li>V\u00e4ri: moniv\u00e4rinen<\/li>\n<li>Materiaali: t\u00e4ysi kierr\u00e4tetty puu eri v\u00e4rej\u00e4 sis\u00e4lt\u00e4v\u00e4ll\u00e4 viimeistelyll\u00e4<\/li>\n<li>Mitat: 110 x 30 x 40 cm (L x S x K)<\/li>\n<li>Hiottu, maalattu ja lakattu<\/li>\n<li>Asennus vaaditaan: kyll\u00e4<\/li>\n<\/ul>\n","protected":false},"featured_media":100000184401,"comment_status":"closed","ping_status":"closed","template":"","meta":[],"product_brand":[],"product_cat":[84],"product_tag":[],"class_list":{"0":"post-184401","1":"product","2":"type-product","3":"status-publish","4":"has-post-thumbnail","6":"product_cat-huonekalut","8":"first","9":"instock","10":"taxable","11":"shipping-taxable","12":"purchasable","13":"product-type-simple"},"_links":{"self":[{"href":"https:\/\/www.otiumhome.fi\/index.php\/wp-json\/wp\/v2\/product\/184401","targetHints":{"allow":["GET"]}}],"collection":[{"href":"https:\/\/www.otiumhome.fi\/index.php\/wp-json\/wp\/v2\/product"}],"about":[{"href":"https:\/\/www.otiumhome.fi\/index.php\/wp-json\/wp\/v2\/types\/product"}],"replies":[{"embeddable":true,"href":"https:\/\/www.otiumhome.fi\/index.php\/wp-json\/wp\/v2\/comments?post=184401"}],"wp:featuredmedia":[{"embeddable":true,"href":"https:\/\/www.otiumhome.fi\/index.php\/wp-json\/"}],"wp:attachment":[{"href":"https:\/\/www.otiumhome.fi\/index.php\/wp-json\/wp\/v2\/media?parent=184401"}],"wp:term":[{"taxonomy":"product_brand","embeddable":true,"href":"https:\/\/www.otiumhome.fi\/index.php\/wp-json\/wp\/v2\/product_brand?post=184401"},{"taxonomy":"product_cat","embeddable":true,"href":"https:\/\/www.otiumhome.fi\/index.php\/wp-json\/wp\/v2\/product_cat?post=184401"},{"taxonomy":"product_tag","embeddable":true,"href":"https:\/\/www.otiumhome.fi\/index.php\/wp-json\/wp\/v2\/product_tag?post=184401"}],"curies":[{"name":"wp","href":"https:\/\/api.w.org\/{rel}","templated":true}]}}