{"id":184359,"date":"2025-10-25T14:16:38","date_gmt":"2025-10-25T14:16:38","guid":{"rendered":"https:\/\/www.otiumhome.fi\/?p=184359"},"modified":"2025-12-09T15:28:51","modified_gmt":"2025-12-09T15:28:51","slug":"tv-yksikot-valkoinen-70-x-33-x-46-cm-tekninen-puu","status":"publish","type":"product","link":"https:\/\/www.otiumhome.fi\/index.php\/tuote\/tv-yksikot-valkoinen-70-x-33-x-46-cm-tekninen-puu\/","title":{"rendered":"TV-yksik\u00f6t Valkoinen 70 x 33 x 46 cm Tekninen puu"},"content":{"rendered":"<p>Nosta olohuoneesi tyyli\u00e4 t\u00e4ll\u00e4 puusisustuksella. Moderniin tyyliin suunnitellut sein\u00e4ll\u00e4 olevat kaapit ovat yhdistelm\u00e4 k\u00e4yt\u00e4nn\u00f6llisyytt\u00e4 ja kauneutta, luoden houkuttelevan tilan mediasi ymp\u00e4rille. Suorakaiteen muoto on yksinkertainen mutta tyylik\u00e4s, t\u00e4ydent\u00e4en sisustusta ja tarjoten minimalistisen mutta n\u00e4ytt\u00e4v\u00e4n ilmeen. T\u00e4m\u00e4 on t\u00e4ydellinen valinta nykyajan kodille, joka kaipaa k\u00e4yt\u00e4nn\u00f6llisyytt\u00e4 ja tyylikkyytt\u00e4.<\/p>\n<ul>\n<li><b>Materiaalit:<\/b> TV-yksikk\u00f6 on valmistettu kest\u00e4v\u00e4st\u00e4 teknisest\u00e4 puusta, joka kest\u00e4\u00e4 p\u00e4ivitt\u00e4ist\u00e4 k\u00e4ytt\u00f6\u00e4. Sen kiilt\u00e4v\u00e4 pinta n\u00e4ytt\u00e4\u00e4 luonnonpuulta ja on helppo puhdistaa.<\/li>\n<li><b>Mukana olevat komponentit:<\/b> T\u00e4h\u00e4n kuuluu levyhyllyj\u00e4, jotka auttavat j\u00e4rjest\u00e4m\u00e4\u00e4n elektroniikkaa ja koristeita. Laatikossa on k\u00e4tev\u00e4t kahvat, joten sen k\u00e4ytt\u00f6 on vaivatonta.<\/li>\n<li><b>Tilan s\u00e4\u00e4st\u00e4v\u00e4 muotoilu:<\/b> Sein\u00e4\u00e4n asennettuna se s\u00e4\u00e4st\u00e4\u00e4 lattiatilaa ja pit\u00e4\u00e4 kaapelit piilossa, luoden siistin ymp\u00e4rist\u00f6n.<\/li>\n<li><b>Suositellut k\u00e4ytt\u00f6tarkoitukset:<\/b> Yksikk\u00f6 on t\u00e4ydellinen TV:n alle, toimii hyvin perhehuoneessa tai jakamispinnoilla, ja se sopii monenlaisiin sisustuksiin.<\/li>\n<li><b>Puhdistus ja yll\u00e4pito:<\/b> Pid\u00e4 yksikk\u00f6 puhtaana pyyhkim\u00e4ll\u00e4 se s\u00e4\u00e4nn\u00f6llisesti kuivalla liinalla. V\u00e4lt\u00e4 voimakkaita kemikaaleja ja k\u00e4sittele liikutettavia osia varovasti.<\/li>\n<\/ul>\n<ul>\n<li>V\u00e4ri: Valkoinen<\/li>\n<li>Materiaali: Tekninen puu<\/li>\n<li>Yleiset mitat: 70 x 33 x 46 cm (P x L x K)<\/li>\n<li>Laatikolla<\/li>\n<li>2 hyllyill\u00e4<\/li>\n<li>Kokoonpano vaaditaan: Kyll\u00e4<\/li>\n<li>Toimitus-:<\/li>\n<li>1 x TV-taso<\/li>\n<\/ul>\n","protected":false},"excerpt":{"rendered":"<ul>\n<li>V\u00e4ri: Valkoinen<\/li>\n<li>Materiaali: Tekninen puu<\/li>\n<li>Yleiset mitat: 70 x 33 x 46 cm (P x L x K)<\/li>\n<li>Laatikolla<\/li>\n<li>2 hyllyill\u00e4<\/li>\n<li>Kokoonpano vaaditaan: Kyll\u00e4<\/li>\n<li>Toimitus-:<\/li>\n<li>1 x TV-taso<\/li>\n<\/ul>\n","protected":false},"featured_media":100000184359,"comment_status":"closed","ping_status":"closed","template":"","meta":[],"product_brand":[],"product_cat":[84],"product_tag":[],"class_list":{"0":"post-184359","1":"product","2":"type-product","3":"status-publish","4":"has-post-thumbnail","6":"product_cat-huonekalut","8":"first","9":"instock","10":"taxable","11":"shipping-taxable","12":"purchasable","13":"product-type-simple"},"_links":{"self":[{"href":"https:\/\/www.otiumhome.fi\/index.php\/wp-json\/wp\/v2\/product\/184359","targetHints":{"allow":["GET"]}}],"collection":[{"href":"https:\/\/www.otiumhome.fi\/index.php\/wp-json\/wp\/v2\/product"}],"about":[{"href":"https:\/\/www.otiumhome.fi\/index.php\/wp-json\/wp\/v2\/types\/product"}],"replies":[{"embeddable":true,"href":"https:\/\/www.otiumhome.fi\/index.php\/wp-json\/wp\/v2\/comments?post=184359"}],"wp:featuredmedia":[{"embeddable":true,"href":"https:\/\/www.otiumhome.fi\/index.php\/wp-json\/"}],"wp:attachment":[{"href":"https:\/\/www.otiumhome.fi\/index.php\/wp-json\/wp\/v2\/media?parent=184359"}],"wp:term":[{"taxonomy":"product_brand","embeddable":true,"href":"https:\/\/www.otiumhome.fi\/index.php\/wp-json\/wp\/v2\/product_brand?post=184359"},{"taxonomy":"product_cat","embeddable":true,"href":"https:\/\/www.otiumhome.fi\/index.php\/wp-json\/wp\/v2\/product_cat?post=184359"},{"taxonomy":"product_tag","embeddable":true,"href":"https:\/\/www.otiumhome.fi\/index.php\/wp-json\/wp\/v2\/product_tag?post=184359"}],"curies":[{"name":"wp","href":"https:\/\/api.w.org\/{rel}","templated":true}]}}