{"id":184346,"date":"2025-10-25T14:10:31","date_gmt":"2025-10-25T14:10:31","guid":{"rendered":"https:\/\/www.otiumhome.fi\/?p=184346"},"modified":"2025-10-26T13:09:25","modified_gmt":"2025-10-26T13:09:25","slug":"tv-taso-140x30x45-cm-massiivipuu","status":"publish","type":"product","link":"https:\/\/www.otiumhome.fi\/index.php\/tuote\/tv-taso-140x30x45-cm-massiivipuu\/","title":{"rendered":"TV-taso 140x30x45 cm massiivipuu"},"content":{"rendered":"<p>Massiivipuusta valmistetussa TV-tasossa on k\u00e4yt\u00e4nn\u00f6llinen suunnittelu ja se on t\u00e4ydellinen tuomaan klassista tunnelmaa asuintilaasi.<\/p>\n<\/p>\n<p>Stereokaappi on valmistettu massiivipuusta. Jokainen valmistusvaihe on suoritettu erityisen huolellisesti, olipa kyseess\u00e4 sitten kiillotus, maalaus tai lakkaus. Taidokas k\u00e4sity\u00f6n j\u00e4lki ja kauniit puun kuviot tekev\u00e4t jokaisesta puisesta HiFi kaapista ainutlaatuisen ja hieman toisista poikkeavan. Suurikokoinen ja vankka p\u00f6yt\u00e4levy on erinomainen paikka TV:lle ja reitittimelle tai koriste-esineille, valokuvakehyksille tai ruukkukasveille. Lis\u00e4ksi kaksi avointa osastoa ja nelj\u00e4 hylly\u00e4 kahdella ovella tarjoavat reilusti tilaa multimedialaitteille, kirjoille ja muille pienille esineille niiden s\u00e4ilytt\u00e4mist\u00e4 varten siististi ja helposti ulottuvilla.<\/p>\n<\/p>\n<p>T\u00e4rke\u00e4 huomio: V\u00e4rit ja puunsyyt vaihtelevat kappaleittain, mik\u00e4 tekee jokaisesta huonekalusta ainutlaatuisen. Toimitus on sattumanvarainen, t\u00e4m\u00e4 takaa tuotteesi ainutlaatuisuuden.<\/p>\n<ul>\n<li>V\u00e4ri: harmaa ja luonnollinen<\/li>\n<li>Materiaali: Vaaleaksi viimeistelty massiivipuu<\/li>\n<li>Mitat: 140 x 30 x 45 cm (L x S x K)<\/li>\n<li>Viimeistely: hiottu, maalattu ja lakattu<\/li>\n<li>Sis\u00e4lt\u00e4\u00e4 kaksi avointa lokeroa ja nelj\u00e4 hylly\u00e4 kahdella ovella<\/li>\n<li>Asennus vaaditaan: kyll\u00e4<\/li>\n<\/ul>\n","protected":false},"excerpt":{"rendered":"<ul>\n<li>V\u00e4ri: harmaa ja luonnollinen<\/li>\n<li>Materiaali: Vaaleaksi viimeistelty massiivipuu<\/li>\n<li>Mitat: 140 x 30 x 45 cm (L x S x K)<\/li>\n<li>Viimeistely: hiottu, maalattu ja lakattu<\/li>\n<li>Sis\u00e4lt\u00e4\u00e4 kaksi avointa lokeroa ja nelj\u00e4 hylly\u00e4 kahdella ovella<\/li>\n<li>Asennus vaaditaan: kyll\u00e4<\/li>\n<\/ul>\n","protected":false},"featured_media":100000184346,"comment_status":"closed","ping_status":"closed","template":"","meta":[],"product_brand":[],"product_cat":[84],"product_tag":[],"class_list":{"0":"post-184346","1":"product","2":"type-product","3":"status-publish","4":"has-post-thumbnail","6":"product_cat-huonekalut","8":"first","9":"instock","10":"taxable","11":"shipping-taxable","12":"purchasable","13":"product-type-simple"},"_links":{"self":[{"href":"https:\/\/www.otiumhome.fi\/index.php\/wp-json\/wp\/v2\/product\/184346","targetHints":{"allow":["GET"]}}],"collection":[{"href":"https:\/\/www.otiumhome.fi\/index.php\/wp-json\/wp\/v2\/product"}],"about":[{"href":"https:\/\/www.otiumhome.fi\/index.php\/wp-json\/wp\/v2\/types\/product"}],"replies":[{"embeddable":true,"href":"https:\/\/www.otiumhome.fi\/index.php\/wp-json\/wp\/v2\/comments?post=184346"}],"wp:featuredmedia":[{"embeddable":true,"href":"https:\/\/www.otiumhome.fi\/index.php\/wp-json\/"}],"wp:attachment":[{"href":"https:\/\/www.otiumhome.fi\/index.php\/wp-json\/wp\/v2\/media?parent=184346"}],"wp:term":[{"taxonomy":"product_brand","embeddable":true,"href":"https:\/\/www.otiumhome.fi\/index.php\/wp-json\/wp\/v2\/product_brand?post=184346"},{"taxonomy":"product_cat","embeddable":true,"href":"https:\/\/www.otiumhome.fi\/index.php\/wp-json\/wp\/v2\/product_cat?post=184346"},{"taxonomy":"product_tag","embeddable":true,"href":"https:\/\/www.otiumhome.fi\/index.php\/wp-json\/wp\/v2\/product_tag?post=184346"}],"curies":[{"name":"wp","href":"https:\/\/api.w.org\/{rel}","templated":true}]}}