{"id":184340,"date":"2025-10-25T14:04:49","date_gmt":"2025-10-25T14:04:49","guid":{"rendered":"https:\/\/www.otiumhome.fi\/?p=184340"},"modified":"2025-10-26T13:07:16","modified_gmt":"2025-10-26T13:07:16","slug":"tv-taso-110x35x40-cm-taysi-mangopuu","status":"publish","type":"product","link":"https:\/\/www.otiumhome.fi\/index.php\/tuote\/tv-taso-110x35x40-cm-taysi-mangopuu\/","title":{"rendered":"TV-taso 110x35x40 cm t\u00e4ysi mangopuu"},"content":{"rendered":"<p>Puinen TV-taso on olohuoneen tai viihdekeskuksen keskipiste. Sit\u00e4 voidaan k\u00e4ytt\u00e4\u00e4 my\u00f6s sivup\u00f6yt\u00e4n\u00e4, tasona jne.<\/p>\n<\/p>\n<p>TV-taso on valmistettu t\u00e4ydest\u00e4 mangopuusta, joka on vakaa, kest\u00e4v\u00e4 ja kaunis materiaali. Valmistajan ammattitaito ja puun kauniit syyt tekev\u00e4t jokaisesta huonekalusta ainutlaatuisen ja hieman erilaisen muista. Nelj\u00e4 vetolaatikkoa ja kaksi avointa lokeroa tarjoavat runsaasti s\u00e4ilytystilaa DVD-soittimille, pelikonsoleille, suoratoistolaitteille ja medialaitteille, pit\u00e4en ne siististi j\u00e4rjestyksess\u00e4.<\/p>\n<\/p>\n<p>T\u00e4rke\u00e4 huomio: V\u00e4rit vaihtelevat kappaleesta toiseen, mik\u00e4 tekee jokaisesta TV-tasosta ainutlaatuisen; toimitus on sattumanvarainen.<\/p>\n<ul>\n<li>Materiaali: t\u00e4ysi mangopuu<\/li>\n<li>Mitat: 110 x 35 x 40 cm (L x S x K)<\/li>\n<li>4 vetolaatikkoa ja 2 avointa osiota<\/li>\n<\/ul>\n","protected":false},"excerpt":{"rendered":"<ul>\n<li>Materiaali: t\u00e4ysi mangopuu<\/li>\n<li>Mitat: 110 x 35 x 40 cm (L x S x K)<\/li>\n<li>4 vetolaatikkoa ja 2 avointa osiota<\/li>\n<\/ul>\n","protected":false},"featured_media":100000184340,"comment_status":"closed","ping_status":"closed","template":"","meta":[],"product_brand":[],"product_cat":[84],"product_tag":[],"class_list":{"0":"post-184340","1":"product","2":"type-product","3":"status-publish","4":"has-post-thumbnail","6":"product_cat-huonekalut","8":"first","9":"outofstock","10":"taxable","11":"shipping-taxable","12":"purchasable","13":"product-type-simple"},"_links":{"self":[{"href":"https:\/\/www.otiumhome.fi\/index.php\/wp-json\/wp\/v2\/product\/184340","targetHints":{"allow":["GET"]}}],"collection":[{"href":"https:\/\/www.otiumhome.fi\/index.php\/wp-json\/wp\/v2\/product"}],"about":[{"href":"https:\/\/www.otiumhome.fi\/index.php\/wp-json\/wp\/v2\/types\/product"}],"replies":[{"embeddable":true,"href":"https:\/\/www.otiumhome.fi\/index.php\/wp-json\/wp\/v2\/comments?post=184340"}],"wp:featuredmedia":[{"embeddable":true,"href":"https:\/\/www.otiumhome.fi\/index.php\/wp-json\/"}],"wp:attachment":[{"href":"https:\/\/www.otiumhome.fi\/index.php\/wp-json\/wp\/v2\/media?parent=184340"}],"wp:term":[{"taxonomy":"product_brand","embeddable":true,"href":"https:\/\/www.otiumhome.fi\/index.php\/wp-json\/wp\/v2\/product_brand?post=184340"},{"taxonomy":"product_cat","embeddable":true,"href":"https:\/\/www.otiumhome.fi\/index.php\/wp-json\/wp\/v2\/product_cat?post=184340"},{"taxonomy":"product_tag","embeddable":true,"href":"https:\/\/www.otiumhome.fi\/index.php\/wp-json\/wp\/v2\/product_tag?post=184340"}],"curies":[{"name":"wp","href":"https:\/\/api.w.org\/{rel}","templated":true}]}}