{"id":184323,"date":"2025-10-25T14:04:44","date_gmt":"2025-10-25T14:04:44","guid":{"rendered":"https:\/\/www.otiumhome.fi\/?p=184323"},"modified":"2025-10-26T12:28:45","modified_gmt":"2025-10-26T12:28:45","slug":"tv-taso-120x30x40-cm-kierratetty-tayspuu","status":"publish","type":"product","link":"https:\/\/www.otiumhome.fi\/index.php\/tuote\/tv-taso-120x30x40-cm-kierratetty-tayspuu\/","title":{"rendered":"TV-taso 120x30x40 cm kierr\u00e4tetty t\u00e4yspuu"},"content":{"rendered":"<p>Tuo vuosisadan puoliv\u00e4lin inspiroimaa eleganssia sisustukseesi t\u00e4ll\u00e4 tyylikk\u00e4\u00e4ll\u00e4 t\u00e4yspuusta valmistetulla TV-kaapilla!<\/p>\n<\/p>\n<p>T\u00e4m\u00e4 hifi-kaappi on valmistettu t\u00e4ydest\u00e4 mangopuusta, joka on saatu purettavien vanhojen rakennusten palkeista, lattioista ja tukipylv\u00e4ist\u00e4. Se voi koostua erityyppisist\u00e4 puista, kuten m\u00e4nnyst\u00e4, tiikist\u00e4, py\u00f6kist\u00e4, tammesta, setrist\u00e4, mangopuusta, akaasiasta, jne. T\u00e4m\u00e4 tarkoittaa, ett\u00e4 kierr\u00e4tetty puu s\u00e4ilytt\u00e4\u00e4 n\u00e4iden erityyppisten puulajien ominaisuudet. Kierr\u00e4tetty puu on jo ik\u00e4\u00e4ntynyt, karaistunut ja kuivunut, joten se ei kutistu tai taivu. Jokainen valmistusprosessin vaihe on suoritettu eritt\u00e4in huolellisesti, olipa kyse sitten kiillotuksesta tai lakkauksesta. Hieno k\u00e4sity\u00f6taito ja sirot puun kuviot tekev\u00e4t jokaisesta huonekalusta erottuvan ja hieman erilaisen kuin muut. T\u00e4ss\u00e4 plasmakaapissa on kaksi ovea, kaksi laatikkoa ja kaksi lokeroa, joten se tarjoaa ihanteellisen ratkaisun pienten esineiden s\u00e4ilytt\u00e4miseen k\u00e4den ulottuvilla. TV-tason kokoaminen on helppoa. TV-taso on helppo koota.<\/p>\n<\/p>\n<p>T\u00e4rke\u00e4 huomio: V\u00e4rit ja puunsyyt vaihtelevat kappaleittain, mik\u00e4 tekee jokaisesta TV-tasosta ainutlaatuisen. Toimitus on sattumanvarainen.<\/p>\n<ul>\n<li>Materiaali: Kierr\u00e4tetty t\u00e4yspuu, mangopuu, MDF<\/li>\n<li>Mitat: 120 x 30 x 40 cm (L x S x K)<\/li>\n<li>2 ovea, 2 laatikkoa ja 2 lokeroa<\/li>\n<li>Hiottu ja lakattu<\/li>\n<li>Helppo aukko johdoille<\/li>\n<\/ul>\n","protected":false},"excerpt":{"rendered":"<ul>\n<li>Materiaali: Kierr\u00e4tetty t\u00e4yspuu, mangopuu, MDF<\/li>\n<li>Mitat: 120 x 30 x 40 cm (L x S x K)<\/li>\n<li>2 ovea, 2 laatikkoa ja 2 lokeroa<\/li>\n<li>Hiottu ja lakattu<\/li>\n<li>Helppo aukko johdoille<\/li>\n<\/ul>\n","protected":false},"featured_media":100000184323,"comment_status":"closed","ping_status":"closed","template":"","meta":[],"product_brand":[],"product_cat":[84],"product_tag":[],"class_list":{"0":"post-184323","1":"product","2":"type-product","3":"status-publish","4":"has-post-thumbnail","6":"product_cat-huonekalut","8":"first","9":"instock","10":"taxable","11":"shipping-taxable","12":"purchasable","13":"product-type-simple"},"_links":{"self":[{"href":"https:\/\/www.otiumhome.fi\/index.php\/wp-json\/wp\/v2\/product\/184323","targetHints":{"allow":["GET"]}}],"collection":[{"href":"https:\/\/www.otiumhome.fi\/index.php\/wp-json\/wp\/v2\/product"}],"about":[{"href":"https:\/\/www.otiumhome.fi\/index.php\/wp-json\/wp\/v2\/types\/product"}],"replies":[{"embeddable":true,"href":"https:\/\/www.otiumhome.fi\/index.php\/wp-json\/wp\/v2\/comments?post=184323"}],"wp:featuredmedia":[{"embeddable":true,"href":"https:\/\/www.otiumhome.fi\/index.php\/wp-json\/"}],"wp:attachment":[{"href":"https:\/\/www.otiumhome.fi\/index.php\/wp-json\/wp\/v2\/media?parent=184323"}],"wp:term":[{"taxonomy":"product_brand","embeddable":true,"href":"https:\/\/www.otiumhome.fi\/index.php\/wp-json\/wp\/v2\/product_brand?post=184323"},{"taxonomy":"product_cat","embeddable":true,"href":"https:\/\/www.otiumhome.fi\/index.php\/wp-json\/wp\/v2\/product_cat?post=184323"},{"taxonomy":"product_tag","embeddable":true,"href":"https:\/\/www.otiumhome.fi\/index.php\/wp-json\/wp\/v2\/product_tag?post=184323"}],"curies":[{"name":"wp","href":"https:\/\/api.w.org\/{rel}","templated":true}]}}