{"id":184262,"date":"2025-10-25T13:59:32","date_gmt":"2025-10-25T13:59:32","guid":{"rendered":"https:\/\/www.otiumhome.fi\/?p=184262"},"modified":"2025-10-26T15:46:31","modified_gmt":"2025-10-26T15:46:31","slug":"10-osainen-tv-kaappisarja-betoninharmaa-tekninen-puu","status":"publish","type":"product","link":"https:\/\/www.otiumhome.fi\/index.php\/tuote\/10-osainen-tv-kaappisarja-betoninharmaa-tekninen-puu\/","title":{"rendered":"10-osainen TV-kaappisarja betoninharmaa tekninen puu"},"content":{"rendered":"<p>T\u00e4m\u00e4 moderni TV-tasosarja suurella s\u00e4ilytystilalla tulee olemaan olohuoneesi keskipiste.<\/p>\n<\/p>\n<p>T\u00e4m\u00e4 sein\u00e4kiinnitett\u00e4v\u00e4 TV-tasosarja on valmistettu teknisest\u00e4 puusta, joten se on tukeva ja kest\u00e4v\u00e4. Kaappisarjan sein\u00e4kiinnitys tekee siit\u00e4 ajattoman lis\u00e4n kotiisi. Sarjassa on useita lokeroita, mik\u00e4 tekee siit\u00e4 ihanteellisen paikan kaikkien aikakauslehtien, DVD-levyjen tai muiden esineiden s\u00e4ilytt\u00e4miseen. T\u00e4m\u00e4 Hifi-kaappisarja on helppo puhdistaa kostealla liinalla.<\/p>\n<ul>\n<li>V\u00e4ri: betoninharmaa<\/li>\n<li>Materiaali: tekninen puu<\/li>\n<li>Asennus vaaditaan: kyll\u00e4<\/li>\n<li><strong>Toimitus sis\u00e4lt\u00e4\u00e4:<\/strong><\/li>\n<li>8 x TV-taso: 60 x 30 x 30 cm (L x S x K)<\/li>\n<li>2 x TV-taso: 30,5 x 30 x 30 cm (L x S x K)<\/li>\n<\/ul>\n","protected":false},"excerpt":{"rendered":"<ul>\n<li>V\u00e4ri: betoninharmaa<\/li>\n<li>Materiaali: tekninen puu<\/li>\n<li>Asennus vaaditaan: kyll\u00e4<\/li>\n<li><strong>Toimitus sis\u00e4lt\u00e4\u00e4:<\/strong><\/li>\n<li>8 x TV-taso: 60 x 30 x 30 cm (L x S x K)<\/li>\n<li>2 x TV-taso: 30,5 x 30 x 30 cm (L x S x K)<\/li>\n<\/ul>\n","protected":false},"featured_media":100000184262,"comment_status":"closed","ping_status":"closed","template":"","meta":[],"product_brand":[],"product_cat":[84],"product_tag":[],"class_list":{"0":"post-184262","1":"product","2":"type-product","3":"status-publish","4":"has-post-thumbnail","6":"product_cat-huonekalut","8":"first","9":"outofstock","10":"taxable","11":"shipping-taxable","12":"purchasable","13":"product-type-simple"},"_links":{"self":[{"href":"https:\/\/www.otiumhome.fi\/index.php\/wp-json\/wp\/v2\/product\/184262","targetHints":{"allow":["GET"]}}],"collection":[{"href":"https:\/\/www.otiumhome.fi\/index.php\/wp-json\/wp\/v2\/product"}],"about":[{"href":"https:\/\/www.otiumhome.fi\/index.php\/wp-json\/wp\/v2\/types\/product"}],"replies":[{"embeddable":true,"href":"https:\/\/www.otiumhome.fi\/index.php\/wp-json\/wp\/v2\/comments?post=184262"}],"wp:featuredmedia":[{"embeddable":true,"href":"https:\/\/www.otiumhome.fi\/index.php\/wp-json\/"}],"wp:attachment":[{"href":"https:\/\/www.otiumhome.fi\/index.php\/wp-json\/wp\/v2\/media?parent=184262"}],"wp:term":[{"taxonomy":"product_brand","embeddable":true,"href":"https:\/\/www.otiumhome.fi\/index.php\/wp-json\/wp\/v2\/product_brand?post=184262"},{"taxonomy":"product_cat","embeddable":true,"href":"https:\/\/www.otiumhome.fi\/index.php\/wp-json\/wp\/v2\/product_cat?post=184262"},{"taxonomy":"product_tag","embeddable":true,"href":"https:\/\/www.otiumhome.fi\/index.php\/wp-json\/wp\/v2\/product_tag?post=184262"}],"curies":[{"name":"wp","href":"https:\/\/api.w.org\/{rel}","templated":true}]}}