{"id":184261,"date":"2025-10-25T13:59:32","date_gmt":"2025-10-25T13:59:32","guid":{"rendered":"https:\/\/www.otiumhome.fi\/?p=184261"},"modified":"2025-10-26T16:01:28","modified_gmt":"2025-10-26T16:01:28","slug":"tv-taso-145x30x30-cm-massiivipuu","status":"publish","type":"product","link":"https:\/\/www.otiumhome.fi\/index.php\/tuote\/tv-taso-145x30x30-cm-massiivipuu\/","title":{"rendered":"TV-taso 145x30x30 cm massiivipuu"},"content":{"rendered":"<p>Maalaismainen ja trendik\u00e4s t\u00e4yspuinen TV-taso tulee olemaan koristeellinen ja k\u00e4yt\u00e4nn\u00f6llinen lis\u00e4 sisustukseesi.<\/p>\n<\/p>\n<p>Sivup\u00f6yt\u00e4 on valmistettu massiivipuusta, joka on kest\u00e4v\u00e4 ja kaunis materiaali. Lis\u00e4ksi se ei taivu tai katkea, ja on luonnollisesti lahoamaton. T\u00e4m\u00e4n vuoksi kauniisti muotoiltu senkki on eritt\u00e4in vakaa, kest\u00e4v\u00e4 ja huomiota her\u00e4tt\u00e4v\u00e4. Erinomainen k\u00e4sity\u00f6 ja hienot puun pintakuviot tekev\u00e4t jokaisesta huonekalusta ainutlaatuisen ja hieman erilaisen kuin muut.<\/p>\n<\/p>\n<p>TV-tasossa on lis\u00e4ksi kaksi vetolaatikkoa, joissa on riitt\u00e4v\u00e4sti s\u00e4ilytystilaa. Siihen voit j\u00e4rjest\u00e4\u00e4 lehdet, kirjat, DVD-levyt sek\u00e4 multimedialaitteet ja ne ovat k\u00e4tesi ulottuvilla. Se on helppo koota. T\u00e4rke\u00e4 huomio: v\u00e4rit voivat vaihdella kappaleittain, tehden jokaisesta TV-tasosta ainutlaatuisen. Toimitus on satunnainen, t\u00e4m\u00e4 takaa tuotteesi ainutlaatuisuuden.<\/p>\n<ul>\n<li>Materiaali: Massiivipuu, tekninen puu<\/li>\n<li>Mitat: 145 x 30 x 30 cm (L x S x K)<\/li>\n<li>2 vetolaatikkoa<\/li>\n<li>Vaaleanruskea viimeistely<\/li>\n<\/ul>\n","protected":false},"excerpt":{"rendered":"<ul>\n<li>Materiaali: Massiivipuu, tekninen puu<\/li>\n<li>Mitat: 145 x 30 x 30 cm (L x S x K)<\/li>\n<li>2 vetolaatikkoa<\/li>\n<li>Vaaleanruskea viimeistely<\/li>\n<\/ul>\n","protected":false},"featured_media":100000184261,"comment_status":"closed","ping_status":"closed","template":"","meta":[],"product_brand":[],"product_cat":[84],"product_tag":[],"class_list":{"0":"post-184261","1":"product","2":"type-product","3":"status-publish","4":"has-post-thumbnail","6":"product_cat-huonekalut","8":"first","9":"instock","10":"taxable","11":"shipping-taxable","12":"purchasable","13":"product-type-simple"},"_links":{"self":[{"href":"https:\/\/www.otiumhome.fi\/index.php\/wp-json\/wp\/v2\/product\/184261","targetHints":{"allow":["GET"]}}],"collection":[{"href":"https:\/\/www.otiumhome.fi\/index.php\/wp-json\/wp\/v2\/product"}],"about":[{"href":"https:\/\/www.otiumhome.fi\/index.php\/wp-json\/wp\/v2\/types\/product"}],"replies":[{"embeddable":true,"href":"https:\/\/www.otiumhome.fi\/index.php\/wp-json\/wp\/v2\/comments?post=184261"}],"wp:featuredmedia":[{"embeddable":true,"href":"https:\/\/www.otiumhome.fi\/index.php\/wp-json\/"}],"wp:attachment":[{"href":"https:\/\/www.otiumhome.fi\/index.php\/wp-json\/wp\/v2\/media?parent=184261"}],"wp:term":[{"taxonomy":"product_brand","embeddable":true,"href":"https:\/\/www.otiumhome.fi\/index.php\/wp-json\/wp\/v2\/product_brand?post=184261"},{"taxonomy":"product_cat","embeddable":true,"href":"https:\/\/www.otiumhome.fi\/index.php\/wp-json\/wp\/v2\/product_cat?post=184261"},{"taxonomy":"product_tag","embeddable":true,"href":"https:\/\/www.otiumhome.fi\/index.php\/wp-json\/wp\/v2\/product_tag?post=184261"}],"curies":[{"name":"wp","href":"https:\/\/api.w.org\/{rel}","templated":true}]}}