{"id":184143,"date":"2025-10-25T13:56:19","date_gmt":"2025-10-25T13:56:19","guid":{"rendered":"https:\/\/www.otiumhome.fi\/?p=184143"},"modified":"2025-10-26T08:26:50","modified_gmt":"2025-10-26T08:26:50","slug":"tv-taso-taysi-akaasia-puu","status":"publish","type":"product","link":"https:\/\/www.otiumhome.fi\/index.php\/tuote\/tv-taso-taysi-akaasia-puu\/","title":{"rendered":"TV-Taso T\u00e4ysi Akaasia Puu"},"content":{"rendered":"<p>T\u00e4m\u00e4 on ainutlaatuinen puusta valmistettu TV-taso, joka sis\u00e4lt\u00e4\u00e4 kaksi pinottavaa osaa, jotka voidaan asettaa eri tavoin ja se huokuu maalaischarmia, joka tekee siit\u00e4 ainutlaatuisen lis\u00e4n kotiisi. TV-tasoa voidaan k\u00e4ytt\u00e4\u00e4 my\u00f6s matalana p\u00f6yt\u00e4n\u00e4, sivup\u00f6yt\u00e4n\u00e4 tai eteisen p\u00f6yt\u00e4n\u00e4.<\/p>\n<\/p>\n<p>TV-taso on valmistettu k\u00e4sin t\u00e4ydest\u00e4 akaasiapuusta, joka on tukeva, kest\u00e4v\u00e4 ja kaunis materiaali ja, jonka upeaa retro-tyyli\u00e4 korostaa valmistajan ammattitaito. Jokainen ty\u00f6vaihe, oli se sitten kiillotus tai lakkaus, on tehty eritt\u00e4in huolellisesti. Puun kauniit syyt tekev\u00e4t jokaisesta huonekalusta ainutlaatuisen ja hieman erilaisen muista. Lis\u00e4ksi 2-tasoinen TV-taso tarjoaa runsaasti s\u00e4ilytystilaa medialaitteille, reitittimille tai muille tarvikkeille, jotka haluat asettaa esille tai pit\u00e4\u00e4 k\u00e4den ulottuvilla. TV-tason yl\u00e4osa voidaan irrottaa tai asettaa eri tavoin, joten se voi olla leve\u00e4mpi tai kapeampi.<\/p>\n<\/p>\n<p>T\u00e4rke\u00e4 huomio: V\u00e4rit vaihtelevat TV-tasoittain, t\u00e4m\u00e4 tekee jokaisesta TV-tasosta ainutlaatuisen; toimitus on sattumanvarainen.<\/p>\n<ul>\n<li>Materiaali: T\u00e4ysi akaasiapuu + takorautajalat<\/li>\n<li>Mitat (yl\u00e4osa): 112 x 30 x 40 cm (P x L x K)<\/li>\n<li>Mitat (alaosa): 112 x 30 x 19 cm (P x L x K)<\/li>\n<li>Irrotettava, s\u00e4\u00e4dett\u00e4v\u00e4 p\u00f6yt\u00e4levy<\/li>\n<li>Hiottu ja lakattu<\/li>\n<\/ul>\n","protected":false},"excerpt":{"rendered":"<ul>\n<li>Materiaali: T\u00e4ysi akaasiapuu + takorautajalat<\/li>\n<li>Mitat (yl\u00e4osa): 112 x 30 x 40 cm (P x L x K)<\/li>\n<li>Mitat (alaosa): 112 x 30 x 19 cm (P x L x K)<\/li>\n<li>Irrotettava, s\u00e4\u00e4dett\u00e4v\u00e4 p\u00f6yt\u00e4levy<\/li>\n<li>Hiottu ja lakattu<\/li>\n<\/ul>\n","protected":false},"featured_media":100000184143,"comment_status":"closed","ping_status":"closed","template":"","meta":[],"product_brand":[],"product_cat":[84],"product_tag":[],"class_list":{"0":"post-184143","1":"product","2":"type-product","3":"status-publish","4":"has-post-thumbnail","6":"product_cat-huonekalut","8":"first","9":"instock","10":"taxable","11":"shipping-taxable","12":"purchasable","13":"product-type-simple"},"_links":{"self":[{"href":"https:\/\/www.otiumhome.fi\/index.php\/wp-json\/wp\/v2\/product\/184143","targetHints":{"allow":["GET"]}}],"collection":[{"href":"https:\/\/www.otiumhome.fi\/index.php\/wp-json\/wp\/v2\/product"}],"about":[{"href":"https:\/\/www.otiumhome.fi\/index.php\/wp-json\/wp\/v2\/types\/product"}],"replies":[{"embeddable":true,"href":"https:\/\/www.otiumhome.fi\/index.php\/wp-json\/wp\/v2\/comments?post=184143"}],"wp:featuredmedia":[{"embeddable":true,"href":"https:\/\/www.otiumhome.fi\/index.php\/wp-json\/"}],"wp:attachment":[{"href":"https:\/\/www.otiumhome.fi\/index.php\/wp-json\/wp\/v2\/media?parent=184143"}],"wp:term":[{"taxonomy":"product_brand","embeddable":true,"href":"https:\/\/www.otiumhome.fi\/index.php\/wp-json\/wp\/v2\/product_brand?post=184143"},{"taxonomy":"product_cat","embeddable":true,"href":"https:\/\/www.otiumhome.fi\/index.php\/wp-json\/wp\/v2\/product_cat?post=184143"},{"taxonomy":"product_tag","embeddable":true,"href":"https:\/\/www.otiumhome.fi\/index.php\/wp-json\/wp\/v2\/product_tag?post=184143"}],"curies":[{"name":"wp","href":"https:\/\/api.w.org\/{rel}","templated":true}]}}