{"id":184085,"date":"2025-10-25T13:17:44","date_gmt":"2025-10-25T13:17:44","guid":{"rendered":"https:\/\/www.otiumhome.fi\/?p=184085"},"modified":"2025-10-30T20:07:21","modified_gmt":"2025-10-30T20:07:21","slug":"tv-taso-led-valoilla-musta-180x35x40-cm","status":"publish","type":"product","link":"https:\/\/www.otiumhome.fi\/index.php\/tuote\/tv-taso-led-valoilla-musta-180x35x40-cm\/","title":{"rendered":"TV-taso LED-valoilla musta 180x35x40 cm"},"content":{"rendered":"<p>Tyylik\u00e4s ja k\u00e4yt\u00e4nn\u00f6llisesti muotoiltu TV-taso LED-valoilla tulee varmasti olemaan huoneesi keskipiste.<\/p>\n<\/p>\n<ul>\n<li>K\u00e4yt\u00e4nn\u00f6llinen materiaali: Tekninen puu on poikkeuksellisen laadukasta ja sile\u00e4pintaista. Se on my\u00f6s luja, vakaa ja kosteudelle vastustuskykyinen. <\/li>\n<li>V\u00e4rikk\u00e4\u00e4t LED-valot: TV-tasossa on RGB LED-valot eri s\u00e4\u00e4d\u00f6ill\u00e4, jotka muuttavat valojen v\u00e4ri\u00e4 ja mahdollistavat v\u00e4rin s\u00e4\u00e4t\u00e4misen niin, ett\u00e4 ne vaihtavat automaattisesti v\u00e4ri\u00e4. LED-valot korostavat modernia ilmett\u00e4 ja edist\u00e4v\u00e4t trendik\u00e4st\u00e4 tuntumaa.<\/li>\n<li>Reilusti s\u00e4ilytystilaa: TV-taso tarjoaa runsaasti s\u00e4ilytystilaa lehdillesi, kirjoillesi, kaukos\u00e4\u00e4timillesi ja muille pienesineille niiden hyv\u00e4ss\u00e4 j\u00e4rjestyksess\u00e4 ja k\u00e4den ulottuvilla pit\u00e4miseen.<\/li>\n<li>Esittelytoiminto: Mediakaapin tukeva p\u00f6yt\u00e4levy sopii erinomaisesti koriste-esineiden, valokuvakehysten tai ruukkukasvien esille laittoon.<\/li>\n<\/ul>\n<p>Huomioi:<\/p>\n<ul>\n<li>Tuotteessa on USB-liitin, mutta sertifioitu 5 V USB virtal\u00e4hde ei sis\u00e4lly toimitukseen.<\/li>\n<li>Jokaisen tuotteen mukana on laatikossa kokoonpano-ohje helppoa asennusta varten.<\/li>\n<\/ul>\n<ul>\n<li>V\u00e4ri: Musta<\/li>\n<li>Materiaali: tekninen puu<\/li>\n<li>Kokonaismitat: 180 x 35 x 40 cm (P x L x K)<\/li>\n<li>RGB LED-valoilla<\/li>\n<li><strong>Toimitus sis\u00e4lt\u00e4\u00e4:<\/strong><\/li>\n<li>1 x TV-taso (keski)<\/li>\n<li>2 x TV-taso (sivu)<\/li>\n<\/ul>\n<p> \u00c4l\u00e4 k\u00e4yt\u00e4 t\u00e4t\u00e4 tuotetta, jos jokin komponentti on rikki, revennyt tai kateissa. T\u00e4m\u00e4n tuotteen voimanl\u00e4hde on DC 5V, mutta sertifioitua 5V USB-virtal\u00e4hdett\u00e4 ei tule mukana. Korkeampi j\u00e4nnite voi aiheuttaa ylil\u00e4mpenemisen ja t\u00e4m\u00e4 voi vahingoittaa laitetta ja lis\u00e4t\u00e4 ylikuumenemisen ja tulipalon riski\u00e4.<\/p>\n","protected":false},"excerpt":{"rendered":"<ul>\n<li>V\u00e4ri: Musta<\/li>\n<li>Materiaali: tekninen puu<\/li>\n<li>Kokonaismitat: 180 x 35 x 40 cm (P x L x K)<\/li>\n<li>RGB LED-valoilla<\/li>\n<li><strong>Toimitus sis\u00e4lt\u00e4\u00e4:<\/strong><\/li>\n<li>1 x TV-taso (keski)<\/li>\n<li>2 x TV-taso (sivu)<\/li>\n<\/ul>\n","protected":false},"featured_media":100000184085,"comment_status":"closed","ping_status":"closed","template":"","meta":[],"product_brand":[],"product_cat":[84],"product_tag":[],"class_list":{"0":"post-184085","1":"product","2":"type-product","3":"status-publish","4":"has-post-thumbnail","6":"product_cat-huonekalut","8":"first","9":"outofstock","10":"taxable","11":"shipping-taxable","12":"purchasable","13":"product-type-simple"},"_links":{"self":[{"href":"https:\/\/www.otiumhome.fi\/index.php\/wp-json\/wp\/v2\/product\/184085","targetHints":{"allow":["GET"]}}],"collection":[{"href":"https:\/\/www.otiumhome.fi\/index.php\/wp-json\/wp\/v2\/product"}],"about":[{"href":"https:\/\/www.otiumhome.fi\/index.php\/wp-json\/wp\/v2\/types\/product"}],"replies":[{"embeddable":true,"href":"https:\/\/www.otiumhome.fi\/index.php\/wp-json\/wp\/v2\/comments?post=184085"}],"wp:featuredmedia":[{"embeddable":true,"href":"https:\/\/www.otiumhome.fi\/index.php\/wp-json\/"}],"wp:attachment":[{"href":"https:\/\/www.otiumhome.fi\/index.php\/wp-json\/wp\/v2\/media?parent=184085"}],"wp:term":[{"taxonomy":"product_brand","embeddable":true,"href":"https:\/\/www.otiumhome.fi\/index.php\/wp-json\/wp\/v2\/product_brand?post=184085"},{"taxonomy":"product_cat","embeddable":true,"href":"https:\/\/www.otiumhome.fi\/index.php\/wp-json\/wp\/v2\/product_cat?post=184085"},{"taxonomy":"product_tag","embeddable":true,"href":"https:\/\/www.otiumhome.fi\/index.php\/wp-json\/wp\/v2\/product_tag?post=184085"}],"curies":[{"name":"wp","href":"https:\/\/api.w.org\/{rel}","templated":true}]}}