{"id":184070,"date":"2025-10-25T13:17:39","date_gmt":"2025-10-25T13:17:39","guid":{"rendered":"https:\/\/www.otiumhome.fi\/?p=184070"},"modified":"2025-10-26T13:09:19","modified_gmt":"2025-10-26T13:09:19","slug":"tv-taso-2-liukuovea-taysi-mangopuu-110x30x45-cm","status":"publish","type":"product","link":"https:\/\/www.otiumhome.fi\/index.php\/tuote\/tv-taso-2-liukuovea-taysi-mangopuu-110x30x45-cm\/","title":{"rendered":"TV-taso 2-Liukuovea T\u00e4ysi Mangopuu 110x30x45 cm"},"content":{"rendered":"<p>T\u00e4m\u00e4 hauska, teollistyylinen TV-taso on todella k\u00e4yt\u00e4nn\u00f6llinen ja siin\u00e4 on reilusti s\u00e4ilytystilaa. Sit\u00e4 voidaan k\u00e4ytt\u00e4\u00e4 my\u00f6s sivup\u00f6yt\u00e4n\u00e4, matalana p\u00f6yt\u00e4n\u00e4, sivukaappina, jne. Se on ainutlaatuisen koristeellinen lis\u00e4 olo- tai makuuhuoneeseen.<\/p>\n<\/p>\n<p>T\u00e4m\u00e4 TV-kaappi on valmistettu t\u00e4ydest\u00e4 mangopuusta, joka tarkoittaa huonekalun olevan tukeva, vakaa ja kest\u00e4v\u00e4. Sen hyllyiss\u00e4 on tilaa multimedia laitteille, lehdille, jne. Kaapissa on my\u00f6s kaksi osastoa, joissa on liukuovet, jotka tarjoavat tilaa CD-levyille, lehdille, jne. Rautainen liukuovi suunnittelu lis\u00e4\u00e4 vakautta ja tekee kaapeista upeat sek\u00e4 ainutlaatuiset. N\u00e4kyv\u00e4t syyt tekev\u00e4t jokaisesta huonekalusta ainutlaatuisen ja hieman toisistaan eroavan.<\/p>\n<\/p>\n<p>TV-kaaapi on t\u00e4ysin k\u00e4sintehty ja k\u00e4sity\u00f6n j\u00e4lki antaa sille oman upean retro-tyylin. Jokainen ty\u00f6n vaihe on tehty huolella, oli se sitten uudelleen kiillotus, maalaus tai vahaus.<\/p>\n<\/p>\n<p>T\u00e4rke\u00e4 huomio: V\u00e4rit vaihtelevat TV-kaapeittain, t\u00e4m\u00e4 tekee jokaisesta TV-kaapista ainutlaatuisen. Toimitus on sattumanvarainen.<\/p>\n<ul>\n<li>V\u00e4ri: moniv\u00e4rinen<\/li>\n<li>Materiaali: Vankka mangopuu + rauta<\/li>\n<li>Mitat: 110 x 30 x 45 cm (P x L x K)<\/li>\n<li>T\u00e4ysin k\u00e4sintehty<\/li>\n<li>Hiottu ja lakattu<\/li>\n<\/ul>\n","protected":false},"excerpt":{"rendered":"<ul>\n<li>V\u00e4ri: moniv\u00e4rinen<\/li>\n<li>Materiaali: Vankka mangopuu + rauta<\/li>\n<li>Mitat: 110 x 30 x 45 cm (P x L x K)<\/li>\n<li>T\u00e4ysin k\u00e4sintehty<\/li>\n<li>Hiottu ja lakattu<\/li>\n<\/ul>\n","protected":false},"featured_media":100000184070,"comment_status":"closed","ping_status":"closed","template":"","meta":[],"product_brand":[],"product_cat":[84],"product_tag":[],"class_list":{"0":"post-184070","1":"product","2":"type-product","3":"status-publish","4":"has-post-thumbnail","6":"product_cat-huonekalut","8":"first","9":"instock","10":"taxable","11":"shipping-taxable","12":"purchasable","13":"product-type-simple"},"_links":{"self":[{"href":"https:\/\/www.otiumhome.fi\/index.php\/wp-json\/wp\/v2\/product\/184070","targetHints":{"allow":["GET"]}}],"collection":[{"href":"https:\/\/www.otiumhome.fi\/index.php\/wp-json\/wp\/v2\/product"}],"about":[{"href":"https:\/\/www.otiumhome.fi\/index.php\/wp-json\/wp\/v2\/types\/product"}],"replies":[{"embeddable":true,"href":"https:\/\/www.otiumhome.fi\/index.php\/wp-json\/wp\/v2\/comments?post=184070"}],"wp:featuredmedia":[{"embeddable":true,"href":"https:\/\/www.otiumhome.fi\/index.php\/wp-json\/"}],"wp:attachment":[{"href":"https:\/\/www.otiumhome.fi\/index.php\/wp-json\/wp\/v2\/media?parent=184070"}],"wp:term":[{"taxonomy":"product_brand","embeddable":true,"href":"https:\/\/www.otiumhome.fi\/index.php\/wp-json\/wp\/v2\/product_brand?post=184070"},{"taxonomy":"product_cat","embeddable":true,"href":"https:\/\/www.otiumhome.fi\/index.php\/wp-json\/wp\/v2\/product_cat?post=184070"},{"taxonomy":"product_tag","embeddable":true,"href":"https:\/\/www.otiumhome.fi\/index.php\/wp-json\/wp\/v2\/product_tag?post=184070"}],"curies":[{"name":"wp","href":"https:\/\/api.w.org\/{rel}","templated":true}]}}