{"id":184067,"date":"2025-10-25T13:17:38","date_gmt":"2025-10-25T13:17:38","guid":{"rendered":"https:\/\/www.otiumhome.fi\/?p=184067"},"modified":"2025-10-26T13:09:13","modified_gmt":"2025-10-26T13:09:13","slug":"tv-taso-karkea-mangopuu-120x30x50-cm","status":"publish","type":"product","link":"https:\/\/www.otiumhome.fi\/index.php\/tuote\/tv-taso-karkea-mangopuu-120x30x50-cm\/","title":{"rendered":"TV-taso Karkea mangopuu 120x30x50 cm"},"content":{"rendered":"<p>T\u00e4m\u00e4 teollistyylinen TV-taso huokuu vintage charmia ja on ajaton lis\u00e4 kotiisi. Siin\u00e4 on kaksi hylly\u00e4 ja kaksi ovellista lokeroa, joissa voit pit\u00e4\u00e4 DVD soittimesi, pelikonsolit, suoratoistolaitteet ja muut medialaitteet siististi j\u00e4rjestyksess\u00e4.<\/p>\n<\/p>\n<p>TV-taso on t\u00e4ysin k\u00e4sintehty karkeasta mangopuusta, joka on lujatekoinen, vakaa, kest\u00e4v\u00e4 ja kaunis materiaali, ja tekij\u00e4n ammattitaito antaa lis\u00e4ns\u00e4 sen upealle retrotyylille. Jokainen ty\u00f6vaihe on tehty erityisen huolella, oli se sitten muotoilu, kiillotus tai maalaus. Tekij\u00e4n ammattitaito sek\u00e4 kauniit puunsyyt tekev\u00e4t jokaisesta kappaleesta ainutlaatuisen ja hieman erilaisen.<\/p>\n<\/p>\n<p>T\u00e4rke\u00e4 huomio: V\u00e4rit vaihtelevat kappaleesta toiseen, mik\u00e4 tekee jokaisesta TV-tasosta ainutlaatuisen; toimitus on sattumanvarainen.<\/p>\n<ul>\n<li>V\u00e4ri: ruskea ja musta<\/li>\n<li>Materiaali: T\u00e4ysi karkea mangopuu mattaviimeistelyll\u00e4 + rauta<\/li>\n<li>Mitat: 120 x 30 x 50 cm (P x L x K)<\/li>\n<li>2 avointa hylly\u00e4 ja 2 ovellista lokeroa<\/li>\n<li>Hiottu, maalattu ja lakattu<\/li>\n<\/ul>\n","protected":false},"excerpt":{"rendered":"<ul>\n<li>V\u00e4ri: ruskea ja musta<\/li>\n<li>Materiaali: T\u00e4ysi karkea mangopuu mattaviimeistelyll\u00e4 + rauta<\/li>\n<li>Mitat: 120 x 30 x 50 cm (P x L x K)<\/li>\n<li>2 avointa hylly\u00e4 ja 2 ovellista lokeroa<\/li>\n<li>Hiottu, maalattu ja lakattu<\/li>\n<\/ul>\n","protected":false},"featured_media":100000184067,"comment_status":"closed","ping_status":"closed","template":"","meta":[],"product_brand":[],"product_cat":[84],"product_tag":[],"class_list":{"0":"post-184067","1":"product","2":"type-product","3":"status-publish","4":"has-post-thumbnail","6":"product_cat-huonekalut","8":"first","9":"outofstock","10":"taxable","11":"shipping-taxable","12":"purchasable","13":"product-type-simple"},"_links":{"self":[{"href":"https:\/\/www.otiumhome.fi\/index.php\/wp-json\/wp\/v2\/product\/184067","targetHints":{"allow":["GET"]}}],"collection":[{"href":"https:\/\/www.otiumhome.fi\/index.php\/wp-json\/wp\/v2\/product"}],"about":[{"href":"https:\/\/www.otiumhome.fi\/index.php\/wp-json\/wp\/v2\/types\/product"}],"replies":[{"embeddable":true,"href":"https:\/\/www.otiumhome.fi\/index.php\/wp-json\/wp\/v2\/comments?post=184067"}],"wp:featuredmedia":[{"embeddable":true,"href":"https:\/\/www.otiumhome.fi\/index.php\/wp-json\/"}],"wp:attachment":[{"href":"https:\/\/www.otiumhome.fi\/index.php\/wp-json\/wp\/v2\/media?parent=184067"}],"wp:term":[{"taxonomy":"product_brand","embeddable":true,"href":"https:\/\/www.otiumhome.fi\/index.php\/wp-json\/wp\/v2\/product_brand?post=184067"},{"taxonomy":"product_cat","embeddable":true,"href":"https:\/\/www.otiumhome.fi\/index.php\/wp-json\/wp\/v2\/product_cat?post=184067"},{"taxonomy":"product_tag","embeddable":true,"href":"https:\/\/www.otiumhome.fi\/index.php\/wp-json\/wp\/v2\/product_tag?post=184067"}],"curies":[{"name":"wp","href":"https:\/\/api.w.org\/{rel}","templated":true}]}}