{"id":184065,"date":"2025-10-25T13:17:37","date_gmt":"2025-10-25T13:17:37","guid":{"rendered":"https:\/\/www.otiumhome.fi\/?p=184065"},"modified":"2025-10-26T13:08:55","modified_gmt":"2025-10-26T13:08:55","slug":"tv-taso-taysi-akaasiapuu-120x30x30-cm","status":"publish","type":"product","link":"https:\/\/www.otiumhome.fi\/index.php\/tuote\/tv-taso-taysi-akaasiapuu-120x30x30-cm\/","title":{"rendered":"TV-taso T\u00e4ysi akaasiapuu 120x30x30 cm"},"content":{"rendered":"<p>T\u00e4m\u00e4 akaasiapuinen TV-taso on sek\u00e4 tyylik\u00e4s ett\u00e4 k\u00e4yt\u00e4nn\u00f6llinen, ja se on loistava lis\u00e4 olohuoneeseen. Sit\u00e4 voidaan k\u00e4ytt\u00e4\u00e4 my\u00f6s sivup\u00f6yt\u00e4n\u00e4 jne. <\/p>\n<\/p>\n<p>Tasossa on kaksi hylly\u00e4, kaksi vetolaatikkoa ja yksi ovellinen kaappi, jonne voit j\u00e4rjest\u00e4\u00e4 DVD soittimen, pelikonsolin sek\u00e4 suoratoisto- ja medialaitteesi.<\/p>\n<\/p>\n<p>Akaasiapuinen senkki on valmistettu t\u00e4ydest\u00e4 puusta. Akaasiapuu on trooppinen kovapuu, joka tunnetaan t\u00e4ytel\u00e4isest\u00e4 pintakuviosta ja, josta k\u00e4ytet\u00e4\u00e4n my\u00f6s nimi\u00e4 ruusupuu ja palisanteri. K\u00e4sity\u00f6taito ja kauniit puun syyt tekev\u00e4t jokaisesta huonekalusta ainutlaatuisen ja hieman erilaisen muista. Eritt\u00e4in helppo koota.<\/p>\n<\/p>\n<p>T\u00e4rke\u00e4 huomio: V\u00e4rit vaihtelevat kappaleesta toiseen, mik\u00e4 tekee jokaisesta TV-tasosta ainutlaatuisen; toimitus on sattumanvarainen.<\/p>\n<ul>\n<li>V\u00e4ri: ruskea<\/li>\n<li>Materiaali: kiinte\u00e4 akaasiapuu hunajaviimeistelyll\u00e4<\/li>\n<li>Mitat: 120 x 30 x 30 cm (L x S x K)<\/li>\n<li>Kaksi hylly\u00e4, kaksi vetolaatikkoa ja yksi ovellinen kaappi<\/li>\n<li>Hiottu, osittain maalattu ja vahattu<\/li>\n<li>Helppo koota<\/li>\n<\/ul>\n","protected":false},"excerpt":{"rendered":"<ul>\n<li>V\u00e4ri: ruskea<\/li>\n<li>Materiaali: kiinte\u00e4 akaasiapuu hunajaviimeistelyll\u00e4<\/li>\n<li>Mitat: 120 x 30 x 30 cm (L x S x K)<\/li>\n<li>Kaksi hylly\u00e4, kaksi vetolaatikkoa ja yksi ovellinen kaappi<\/li>\n<li>Hiottu, osittain maalattu ja vahattu<\/li>\n<li>Helppo koota<\/li>\n<\/ul>\n","protected":false},"featured_media":100000184065,"comment_status":"closed","ping_status":"closed","template":"","meta":[],"product_brand":[],"product_cat":[84],"product_tag":[],"class_list":{"0":"post-184065","1":"product","2":"type-product","3":"status-publish","4":"has-post-thumbnail","6":"product_cat-huonekalut","8":"first","9":"outofstock","10":"taxable","11":"shipping-taxable","12":"purchasable","13":"product-type-simple"},"_links":{"self":[{"href":"https:\/\/www.otiumhome.fi\/index.php\/wp-json\/wp\/v2\/product\/184065","targetHints":{"allow":["GET"]}}],"collection":[{"href":"https:\/\/www.otiumhome.fi\/index.php\/wp-json\/wp\/v2\/product"}],"about":[{"href":"https:\/\/www.otiumhome.fi\/index.php\/wp-json\/wp\/v2\/types\/product"}],"replies":[{"embeddable":true,"href":"https:\/\/www.otiumhome.fi\/index.php\/wp-json\/wp\/v2\/comments?post=184065"}],"wp:featuredmedia":[{"embeddable":true,"href":"https:\/\/www.otiumhome.fi\/index.php\/wp-json\/"}],"wp:attachment":[{"href":"https:\/\/www.otiumhome.fi\/index.php\/wp-json\/wp\/v2\/media?parent=184065"}],"wp:term":[{"taxonomy":"product_brand","embeddable":true,"href":"https:\/\/www.otiumhome.fi\/index.php\/wp-json\/wp\/v2\/product_brand?post=184065"},{"taxonomy":"product_cat","embeddable":true,"href":"https:\/\/www.otiumhome.fi\/index.php\/wp-json\/wp\/v2\/product_cat?post=184065"},{"taxonomy":"product_tag","embeddable":true,"href":"https:\/\/www.otiumhome.fi\/index.php\/wp-json\/wp\/v2\/product_tag?post=184065"}],"curies":[{"name":"wp","href":"https:\/\/api.w.org\/{rel}","templated":true}]}}